{"id":14,"date":"2025-09-02T06:38:19","date_gmt":"2025-09-02T06:38:19","guid":{"rendered":"https:\/\/weldomachining.com\/?page_id=14"},"modified":"2026-03-31T07:30:25","modified_gmt":"2026-03-31T07:30:25","slug":"kontaktieren-sie-uns","status":"publish","type":"page","link":"https:\/\/weldomachining.com\/de\/kontaktieren-sie-uns\/","title":{"rendered":"Kontakt"},"content":{"rendered":"<div data-elementor-type=\"wp-page\" data-elementor-id=\"14\" class=\"elementor elementor-14\" data-elementor-post-type=\"page\">\n\t\t\t\t<div class=\"elementor-element elementor-element-d9f7b41 e-flex e-con-boxed e-con e-parent\" data-id=\"d9f7b41\" data-element_type=\"container\" data-settings=\"{&quot;background_background&quot;:&quot;classic&quot;}\">\n\t\t\t\t\t<div class=\"e-con-inner\">\n\t\t\t\t<div class=\"elementor-element elementor-element-59c941b elementor-widget__width-initial elementor-widget elementor-widget-text-editor\" data-id=\"59c941b\" data-element_type=\"widget\" data-widget_type=\"text-editor.default\">\n\t\t\t\t\t\t\t\t\t<h1>Kontakt\u00a0<\/h1>\t\t\t\t\t\t\t\t<\/div>\n\t\t\t\t\t<\/div>\n\t\t\t\t<\/div>\n\t\t<div class=\"elementor-element elementor-element-d9ab9a3 e-flex e-con-boxed e-con e-parent\" data-id=\"d9ab9a3\" data-element_type=\"container\">\n\t\t\t\t\t<div class=\"e-con-inner\">\n\t\t\t\t<div class=\"elementor-element elementor-element-6b047a9 elementor-widget elementor-widget-image-gallery\" data-id=\"6b047a9\" data-element_type=\"widget\" data-widget_type=\"image-gallery.default\">\n\t\t\t\t\t\t\t<div class=\"elementor-image-gallery\">\n\t\t\t<div id='gallery-1' class='gallery galleryid-14 gallery-columns-4 gallery-size-medium'><figure class='gallery-item'>\n\t\t\t<div class='gallery-icon landscape'>\n\t\t\t\t<img fetchpriority=\"high\" decoding=\"async\" width=\"300\" height=\"225\" src=\"https:\/\/weldomachining.com\/wp-content\/uploads\/2025\/10\/5-axis-cnc-machining-work-room-300x225.webp\" class=\"attachment-medium size-medium\" alt=\"5-Achsen-CNC-Bearbeitungsarbeitsraum\" aria-describedby=\"gallery-1-3217\" srcset=\"https:\/\/weldomachining.com\/wp-content\/uploads\/2025\/10\/5-axis-cnc-machining-work-room-300x225.webp 300w, https:\/\/weldomachining.com\/wp-content\/uploads\/2025\/10\/5-axis-cnc-machining-work-room-600x450.webp 600w, https:\/\/weldomachining.com\/wp-content\/uploads\/2025\/10\/5-axis-cnc-machining-work-room-16x12.webp 16w, https:\/\/weldomachining.com\/wp-content\/uploads\/2025\/10\/5-axis-cnc-machining-work-room.webp 700w\" sizes=\"(max-width: 300px) 100vw, 300px\" \/>\n\t\t\t<\/div>\n\t\t\t\t<figcaption class='wp-caption-text gallery-caption' id='gallery-1-3217'>\n\t\t\t\t5-Achsen-CNC-Bearbeitungsarbeitsraum\n\t\t\t\t<\/figcaption><\/figure><figure class='gallery-item'>\n\t\t\t<div class='gallery-icon landscape'>\n\t\t\t\t<img decoding=\"async\" width=\"300\" height=\"225\" src=\"https:\/\/weldomachining.com\/wp-content\/uploads\/2025\/11\/Hurco-5-axis-cnc-machine-300x225.webp\" class=\"attachment-medium size-medium\" alt=\"Hurco 5-Achsen-CNC-Maschine\" aria-describedby=\"gallery-1-3420\" srcset=\"https:\/\/weldomachining.com\/wp-content\/uploads\/2025\/11\/Hurco-5-axis-cnc-machine-300x225.webp 300w, https:\/\/weldomachining.com\/wp-content\/uploads\/2025\/11\/Hurco-5-axis-cnc-machine-16x12.webp 16w, https:\/\/weldomachining.com\/wp-content\/uploads\/2025\/11\/Hurco-5-axis-cnc-machine.webp 600w\" sizes=\"(max-width: 300px) 100vw, 300px\" \/>\n\t\t\t<\/div>\n\t\t\t\t<figcaption class='wp-caption-text gallery-caption' id='gallery-1-3420'>\n\t\t\t\tHurco 5-Achsen-CNC-Maschine\n\t\t\t\t<\/figcaption><\/figure><figure class='gallery-item'>\n\t\t\t<div class='gallery-icon landscape'>\n\t\t\t\t<img decoding=\"async\" width=\"300\" height=\"225\" src=\"https:\/\/weldomachining.com\/wp-content\/uploads\/2025\/10\/5-axis-cnc-machining-stainless-steel-car-engine-part-6-300x225.webp\" class=\"attachment-medium size-medium\" alt=\"5-Achsen-CNC-Bearbeitung von Auto-Motorteilen aus Edelstahl (6)\" aria-describedby=\"gallery-1-1753\" srcset=\"https:\/\/weldomachining.com\/wp-content\/uploads\/2025\/10\/5-axis-cnc-machining-stainless-steel-car-engine-part-6-300x225.webp 300w, https:\/\/weldomachining.com\/wp-content\/uploads\/2025\/10\/5-axis-cnc-machining-stainless-steel-car-engine-part-6-600x450.webp 600w, https:\/\/weldomachining.com\/wp-content\/uploads\/2025\/10\/5-axis-cnc-machining-stainless-steel-car-engine-part-6.webp 700w\" sizes=\"(max-width: 300px) 100vw, 300px\" \/>\n\t\t\t<\/div>\n\t\t\t\t<figcaption class='wp-caption-text gallery-caption' id='gallery-1-1753'>\n\t\t\t\t5-Achsen-CNC-Bearbeitung von Auto-Motorteilen aus Edelstahl (6)\n\t\t\t\t<\/figcaption><\/figure><figure class='gallery-item'>\n\t\t\t<div class='gallery-icon landscape'>\n\t\t\t\t<img loading=\"lazy\" decoding=\"async\" width=\"300\" height=\"225\" src=\"https:\/\/weldomachining.com\/wp-content\/uploads\/2025\/10\/\u5fae\u4fe1\u56fe\u7247_20251031153815-300x225.webp\" class=\"attachment-medium size-medium\" alt=\"CNC-gefr\u00e4stes 6061-t6-Aluminiumteil\" aria-describedby=\"gallery-1-3262\" srcset=\"https:\/\/weldomachining.com\/wp-content\/uploads\/2025\/10\/\u5fae\u4fe1\u56fe\u7247_20251031153815-300x225.webp 300w, https:\/\/weldomachining.com\/wp-content\/uploads\/2025\/10\/\u5fae\u4fe1\u56fe\u7247_20251031153815-600x450.webp 600w, https:\/\/weldomachining.com\/wp-content\/uploads\/2025\/10\/\u5fae\u4fe1\u56fe\u7247_20251031153815-16x12.webp 16w, https:\/\/weldomachining.com\/wp-content\/uploads\/2025\/10\/\u5fae\u4fe1\u56fe\u7247_20251031153815.webp 750w\" sizes=\"(max-width: 300px) 100vw, 300px\" \/>\n\t\t\t<\/div>\n\t\t\t\t<figcaption class='wp-caption-text gallery-caption' id='gallery-1-3262'>\n\t\t\t\tCNC-gefr\u00e4stes 6061-t6-Aluminiumteil\n\t\t\t\t<\/figcaption><\/figure><figure class='gallery-item'>\n\t\t\t<div class='gallery-icon landscape'>\n\t\t\t\t<img loading=\"lazy\" decoding=\"async\" width=\"300\" height=\"225\" src=\"https:\/\/weldomachining.com\/wp-content\/uploads\/2025\/11\/cnc-machining-pom-part-1-300x225.webp\" class=\"attachment-medium size-medium\" alt=\"Pr\u00e4zisions-PVC-Teil mit 5-Achsen-Bearbeitung\" aria-describedby=\"gallery-1-3482\" srcset=\"https:\/\/weldomachining.com\/wp-content\/uploads\/2025\/11\/cnc-machining-pom-part-1-300x225.webp 300w, https:\/\/weldomachining.com\/wp-content\/uploads\/2025\/11\/cnc-machining-pom-part-1-600x450.webp 600w, https:\/\/weldomachining.com\/wp-content\/uploads\/2025\/11\/cnc-machining-pom-part-1-16x12.webp 16w, https:\/\/weldomachining.com\/wp-content\/uploads\/2025\/11\/cnc-machining-pom-part-1.webp 700w\" sizes=\"(max-width: 300px) 100vw, 300px\" \/>\n\t\t\t<\/div>\n\t\t\t\t<figcaption class='wp-caption-text gallery-caption' id='gallery-1-3482'>\n\t\t\t\tPr\u00e4zisions-PVC-Teil mit 5-Achsen-Bearbeitung\n\t\t\t\t<\/figcaption><\/figure><figure class='gallery-item'>\n\t\t\t<div class='gallery-icon landscape'>\n\t\t\t\t<img loading=\"lazy\" decoding=\"async\" width=\"300\" height=\"225\" src=\"https:\/\/weldomachining.com\/wp-content\/uploads\/2025\/10\/\u5fae\u4fe1\u56fe\u7247_20251010162345-1-300x225.webp\" class=\"attachment-medium size-medium\" alt=\"runde CNC-Bearbeitung von Aluminium-Zahnradteilen\" aria-describedby=\"gallery-1-3197\" srcset=\"https:\/\/weldomachining.com\/wp-content\/uploads\/2025\/10\/\u5fae\u4fe1\u56fe\u7247_20251010162345-1-300x225.webp 300w, https:\/\/weldomachining.com\/wp-content\/uploads\/2025\/10\/\u5fae\u4fe1\u56fe\u7247_20251010162345-1-600x450.webp 600w, https:\/\/weldomachining.com\/wp-content\/uploads\/2025\/10\/\u5fae\u4fe1\u56fe\u7247_20251010162345-1-16x12.webp 16w, https:\/\/weldomachining.com\/wp-content\/uploads\/2025\/10\/\u5fae\u4fe1\u56fe\u7247_20251010162345-1.webp 700w\" sizes=\"(max-width: 300px) 100vw, 300px\" \/>\n\t\t\t<\/div>\n\t\t\t\t<figcaption class='wp-caption-text gallery-caption' id='gallery-1-3197'>\n\t\t\t\trunde CNC-Bearbeitung von Aluminium-Zahnradteilen\n\t\t\t\t<\/figcaption><\/figure><figure class='gallery-item'>\n\t\t\t<div class='gallery-icon landscape'>\n\t\t\t\t<img loading=\"lazy\" decoding=\"async\" width=\"300\" height=\"225\" src=\"https:\/\/weldomachining.com\/wp-content\/uploads\/2025\/11\/weldo-quality-assurance-center-300x225.webp\" class=\"attachment-medium size-medium\" alt=\"weldo Qualit\u00e4tssicherungszentrum\" aria-describedby=\"gallery-1-3764\" srcset=\"https:\/\/weldomachining.com\/wp-content\/uploads\/2025\/11\/weldo-quality-assurance-center-300x225.webp 300w, https:\/\/weldomachining.com\/wp-content\/uploads\/2025\/11\/weldo-quality-assurance-center-16x12.webp 16w, https:\/\/weldomachining.com\/wp-content\/uploads\/2025\/11\/weldo-quality-assurance-center.webp 700w\" sizes=\"(max-width: 300px) 100vw, 300px\" \/>\n\t\t\t<\/div>\n\t\t\t\t<figcaption class='wp-caption-text gallery-caption' id='gallery-1-3764'>\n\t\t\t\tweldo Qualit\u00e4tssicherungszentrum\n\t\t\t\t<\/figcaption><\/figure><figure class='gallery-item'>\n\t\t\t<div class='gallery-icon landscape'>\n\t\t\t\t<img loading=\"lazy\" decoding=\"async\" width=\"300\" height=\"225\" src=\"https:\/\/weldomachining.com\/wp-content\/uploads\/2025\/11\/cnc-machined-part-packaging-workshop-300x225.webp\" class=\"attachment-medium size-medium\" alt=\"weldo cnc-bearbeitetes teil verpackungswerkstatt\" aria-describedby=\"gallery-1-3666\" srcset=\"https:\/\/weldomachining.com\/wp-content\/uploads\/2025\/11\/cnc-machined-part-packaging-workshop-300x225.webp 300w, https:\/\/weldomachining.com\/wp-content\/uploads\/2025\/11\/cnc-machined-part-packaging-workshop-600x450.webp 600w, https:\/\/weldomachining.com\/wp-content\/uploads\/2025\/11\/cnc-machined-part-packaging-workshop-16x12.webp 16w, https:\/\/weldomachining.com\/wp-content\/uploads\/2025\/11\/cnc-machined-part-packaging-workshop.webp 750w\" sizes=\"(max-width: 300px) 100vw, 300px\" \/>\n\t\t\t<\/div>\n\t\t\t\t<figcaption class='wp-caption-text gallery-caption' id='gallery-1-3666'>\n\t\t\t\tweldo cnc-bearbeitetes teil verpackungswerkstatt\n\t\t\t\t<\/figcaption><\/figure>\n\t\t<\/div>\n\t\t<\/div>\n\t\t\t\t\t\t<\/div>\n\t\t\t\t<div class=\"elementor-element elementor-element-b84668b elementor-widget elementor-widget-text-editor\" data-id=\"b84668b\" data-element_type=\"widget\" data-widget_type=\"text-editor.default\">\n\t\t\t\t\t\t\t\t\t<h2>\u00dcberblick \u00fcber weldo precision<\/h2><p>Weldo verf\u00fcgt \u00fcber starke Produktionskapazit\u00e4ten und fortschrittliche Einrichtungen mit einer 5.000 Quadratmeter gro\u00dfen Fabrik, die verschiedene Pr\u00e4zisionsfertigungsverfahren unterst\u00fctzt. Wir sind ge\u00fcbt in <a href=\"https:\/\/weldomachining.com\/de\/cnc-bearbeitung\/\">CNC-Bearbeitung<\/a>, <a href=\"https:\/\/weldomachining.com\/de\/dienstleistung\/formdienstleistungen\/spritzgiesen\/\">Spritzgie\u00dfen<\/a>Blechbearbeitung, <a href=\"https:\/\/weldomachining.com\/de\/dienstleistung\/andere-dienstleistungen\/3d-druck\/\">3D-Druck<\/a>und <a href=\"https:\/\/weldomachining.com\/de\/dienstleistung\/andere-dienstleistungen\/aluminium-extrusion\/\">Aluminium-Extrusion<\/a>Das Unternehmen verf\u00fcgt \u00fcber Erfahrung in der Verarbeitung von mehr als zwanzig Materialien (Metalle und Nichtmetalle) und bietet mehr als zehn Oberfl\u00e4chenbehandlungsoptionen an, um die Anforderungen der Kunden umfassend zu erf\u00fcllen.<\/p><p>Unser Team von \u00fcber 100 hochqualifizierten Technikern mit mehr als 20 Jahren Erfahrung in der Bearbeitung gew\u00e4hrleistet eine pr\u00e4zise Qualit\u00e4tskontrolle w\u00e4hrend des gesamten Produktionsprozesses. Dar\u00fcber hinaus beherrschen wir mehr als zehn Oberfl\u00e4chenbehandlungsverfahren, mit denen wir glatte, korrosionsbest\u00e4ndige und spezielle Erscheinungsbilder herstellen k\u00f6nnen.<\/p><p>Wer sich f\u00fcr Weldo entscheidet, entscheidet sich f\u00fcr fortschrittliche Technologie, geeignete Materialien, starke Produktionskapazit\u00e4ten und hervorragende Qualit\u00e4t. Wir sind bestrebt, durch professionellen, effizienten und hochwertigen Service einen maximalen Wert f\u00fcr unsere Kunden zu schaffen und gemeinsam die Entwicklung der Fertigungsindustrie zu f\u00f6rdern.<\/p>\t\t\t\t\t\t\t\t<\/div>\n\t\t\t\t\t<\/div>\n\t\t\t\t<\/div>\n\t\t<div class=\"elementor-element elementor-element-faffebb e-flex e-con-boxed e-con e-parent\" data-id=\"faffebb\" data-element_type=\"container\">\n\t\t\t\t\t<div class=\"e-con-inner\">\n\t\t\t\t<div class=\"elementor-element elementor-element-2845dfe elementor-widget elementor-widget-text-editor\" data-id=\"2845dfe\" data-element_type=\"widget\" data-widget_type=\"text-editor.default\">\n\t\t\t\t\t\t\t\t\t<p>Arbeitszeit : Mo~Sat ,9:00 AM-9:00 PM<\/p>\t\t\t\t\t\t\t\t<\/div>\n\t\t\t\t\t<\/div>\n\t\t\t\t<\/div>\n\t\t<div class=\"elementor-element elementor-element-2e5e99e e-flex e-con-boxed e-con e-child\" data-id=\"2e5e99e\" data-element_type=\"container\">\n\t\t\t\t\t<div class=\"e-con-inner\">\n\t\t\t\t<div class=\"elementor-element elementor-element-332273a elementor-widget elementor-widget-button\" data-id=\"332273a\" data-element_type=\"widget\" data-widget_type=\"button.default\">\n\t\t\t\t\t\t\t\t\t\t<a class=\"elementor-button elementor-button-link elementor-size-sm\" href=\"https:\/\/weldomachining.com\/de\/datei-upload\/\">\n\t\t\t\t\t\t<span class=\"elementor-button-content-wrapper\">\n\t\t\t\t\t\t\t\t\t<span class=\"elementor-button-text\">Senden Sie uns eine Nachricht<\/span>\n\t\t\t\t\t<\/span>\n\t\t\t\t\t<\/a>\n\t\t\t\t\t\t\t\t<\/div>\n\t\t\t\t<div class=\"elementor-element elementor-element-d84b876 elementor-widget elementor-widget-button\" data-id=\"d84b876\" data-element_type=\"widget\" data-widget_type=\"button.default\">\n\t\t\t\t\t\t\t\t\t\t<a class=\"elementor-button elementor-button-link elementor-size-sm\" href=\"https:\/\/weldomachining.com\/de\/uber-uns\/\">\n\t\t\t\t\t\t<span class=\"elementor-button-content-wrapper\">\n\t\t\t\t\t\t\t\t\t<span class=\"elementor-button-text\">Siehe F\u00e4higkeiten<\/span>\n\t\t\t\t\t<\/span>\n\t\t\t\t\t<\/a>\n\t\t\t\t\t\t\t\t<\/div>\n\t\t\t\t\t<\/div>\n\t\t\t\t<\/div>\n\t\t\t\t<\/div>","protected":false},"excerpt":{"rendered":"<p>Contact us\u00a0 5 axis cnc machining work room Hurco 5 axis cnc machine 5 axis cnc machining stainless steel car engine part (6) cnc machined 6061-t6 aluminum part Precision pvc part with 5 axis machining round cnc machining aluminum gear part weldo quality assurance center weldo cnc machined part packaging workshop Overview of weldo precision [&hellip;]<\/p>","protected":false},"author":2,"featured_media":0,"parent":0,"menu_order":4,"comment_status":"closed","ping_status":"closed","template":"","meta":{"footnotes":""},"class_list":["post-14","page","type-page","status-publish","hentry"],"_links":{"self":[{"href":"https:\/\/weldomachining.com\/de\/wp-json\/wp\/v2\/pages\/14","targetHints":{"allow":["GET"]}}],"collection":[{"href":"https:\/\/weldomachining.com\/de\/wp-json\/wp\/v2\/pages"}],"about":[{"href":"https:\/\/weldomachining.com\/de\/wp-json\/wp\/v2\/types\/page"}],"author":[{"embeddable":true,"href":"https:\/\/weldomachining.com\/de\/wp-json\/wp\/v2\/users\/2"}],"replies":[{"embeddable":true,"href":"https:\/\/weldomachining.com\/de\/wp-json\/wp\/v2\/comments?post=14"}],"version-history":[{"count":15,"href":"https:\/\/weldomachining.com\/de\/wp-json\/wp\/v2\/pages\/14\/revisions"}],"predecessor-version":[{"id":9023,"href":"https:\/\/weldomachining.com\/de\/wp-json\/wp\/v2\/pages\/14\/revisions\/9023"}],"wp:attachment":[{"href":"https:\/\/weldomachining.com\/de\/wp-json\/wp\/v2\/media?parent=14"}],"curies":[{"name":"wp","href":"https:\/\/api.w.org\/{rel}","templated":true}]}}