{"id":18,"date":"2025-09-02T06:40:37","date_gmt":"2025-09-02T06:40:37","guid":{"rendered":"https:\/\/weldomachining.com\/?page_id=18"},"modified":"2026-04-08T09:18:43","modified_gmt":"2026-04-08T09:18:43","slug":"service","status":"publish","type":"page","link":"https:\/\/weldomachining.com\/de\/service\/","title":{"rendered":"Dienst"},"content":{"rendered":"<div data-elementor-type=\"wp-page\" data-elementor-id=\"18\" class=\"elementor elementor-18\" data-elementor-post-type=\"page\">\n\t\t\t\t<div class=\"elementor-element elementor-element-50fd212 e-flex e-con-boxed e-con e-parent\" data-id=\"50fd212\" data-element_type=\"container\" data-e-type=\"container\">\n\t\t\t\t\t<div class=\"e-con-inner\">\n\t\t\t\t<div class=\"elementor-element elementor-element-ba264ba elementor-widget elementor-widget-heading\" data-id=\"ba264ba\" data-element_type=\"widget\" data-e-type=\"widget\" data-widget_type=\"heading.default\">\n\t\t\t\t\t<h1 class=\"elementor-heading-title elementor-size-default\">Dienst<\/h1>\t\t\t\t<\/div>\n\t\t\t\t<div class=\"elementor-element elementor-element-2c6141b elementor-widget elementor-widget-text-editor\" data-id=\"2c6141b\" data-element_type=\"widget\" data-e-type=\"widget\" data-widget_type=\"text-editor.default\">\n\t\t\t\t\t\t\t\t\t<p>Technische L\u00f6sungen f\u00fcr das gesamte Spektrum der Produktentwicklung<br \/>Unser technisches Know-how und unser flexibles Serviceangebot bieten ma\u00dfgeschneiderte L\u00f6sungen f\u00fcr jede Phase Ihrer Produktentwicklung. Egal, ob Sie eine schnelle <a href=\"https:\/\/weldomachining.com\/de\/prototypische-cnc-bearbeitung\/\">Prototyping<\/a> Ob Konzeptvalidierung, iterative Designverfeinerung oder Gro\u00dfserienfertigung mit Pr\u00e4zisionstoleranzen - wir sind Ihr integrierter Entwicklungspartner, der Ideen in zuverl\u00e4ssige, marktreife Produkte umsetzt.<\/p><p>Entdecken Sie unser umfassendes Dienstleistungsangebot:<\/p>\t\t\t\t\t\t\t\t<\/div>\n\t\t\t\t<div class=\"elementor-element elementor-element-6710728 elementor-align-center elementor-widget elementor-widget-button\" data-id=\"6710728\" data-element_type=\"widget\" data-e-type=\"widget\" data-widget_type=\"button.default\">\n\t\t\t\t\t\t\t\t\t\t<a class=\"elementor-button elementor-button-link elementor-size-sm\" href=\"https:\/\/weldomachining.com\/de\/datei-upload\/\">\n\t\t\t\t\t\t<span class=\"elementor-button-content-wrapper\">\n\t\t\t\t\t\t\t\t\t<span class=\"elementor-button-text\">Angebot einholen<\/span>\n\t\t\t\t\t<\/span>\n\t\t\t\t\t<\/a>\n\t\t\t\t\t\t\t\t<\/div>\n\t\t\t\t<div class=\"elementor-element elementor-element-4ef0201 elementor-widget elementor-widget-image-gallery\" data-id=\"4ef0201\" data-element_type=\"widget\" data-e-type=\"widget\" data-widget_type=\"image-gallery.default\">\n\t\t\t\t\t\t\t<div class=\"elementor-image-gallery\">\n\t\t\t<div id='gallery-1' class='gallery galleryid-18 gallery-columns-3 gallery-size-medium_large'><figure class='gallery-item'>\n\t\t\t<div class='gallery-icon landscape'>\n\t\t\t\t<a data-elementor-open-lightbox=\"yes\" data-elementor-lightbox-slideshow=\"4ef0201\" data-elementor-lightbox-title=\"4 axis cnc machining\" data-elementor-lightbox-description=\"5 axis cnc machining inside view\" data-e-action-hash=\"#elementor-action%3Aaction%3Dlightbox%26settings%3DeyJpZCI6MzQxOSwidXJsIjoiaHR0cHM6XC9cL3dlbGRvbWFjaGluaW5nLmNvbVwvd3AtY29udGVudFwvdXBsb2Fkc1wvMjAyNVwvMTFcLzQtYXhpcy1jbmMtbWFjaGluaW5nLndlYnAiLCJzbGlkZXNob3ciOiI0ZWYwMjAxIn0%3D\" href='https:\/\/weldomachining.com\/wp-content\/uploads\/2025\/11\/4-axis-cnc-machining.webp'><img fetchpriority=\"high\" decoding=\"async\" width=\"600\" height=\"450\" src=\"https:\/\/weldomachining.com\/wp-content\/uploads\/2025\/11\/4-axis-cnc-machining.webp\" class=\"attachment-medium_large size-medium_large\" alt=\"5-Achsen-CNC-Bearbeitung Innenansicht\" aria-describedby=\"gallery-1-3419\" srcset=\"https:\/\/weldomachining.com\/wp-content\/uploads\/2025\/11\/4-axis-cnc-machining.webp 600w, https:\/\/weldomachining.com\/wp-content\/uploads\/2025\/11\/4-axis-cnc-machining-300x225.webp 300w, https:\/\/weldomachining.com\/wp-content\/uploads\/2025\/11\/4-axis-cnc-machining-16x12.webp 16w\" sizes=\"(max-width: 600px) 100vw, 600px\" \/><\/a>\n\t\t\t<\/div>\n\t\t\t\t<figcaption class='wp-caption-text gallery-caption' id='gallery-1-3419'>\n\t\t\t\t5-Achsen-CNC-Bearbeitung Innenansicht\n\t\t\t\t<\/figcaption><\/figure><figure class='gallery-item'>\n\t\t\t<div class='gallery-icon landscape'>\n\t\t\t\t<a data-elementor-open-lightbox=\"yes\" data-elementor-lightbox-slideshow=\"4ef0201\" data-elementor-lightbox-title=\"cnc lathe\" data-elementor-lightbox-description=\"cnc lathe\" data-e-action-hash=\"#elementor-action%3Aaction%3Dlightbox%26settings%3DeyJpZCI6MzQyMiwidXJsIjoiaHR0cHM6XC9cL3dlbGRvbWFjaGluaW5nLmNvbVwvd3AtY29udGVudFwvdXBsb2Fkc1wvMjAyNVwvMTFcL2NuYy1sYXRoZS53ZWJwIiwic2xpZGVzaG93IjoiNGVmMDIwMSJ9\" href='https:\/\/weldomachining.com\/wp-content\/uploads\/2025\/11\/cnc-lathe.webp'><img decoding=\"async\" width=\"600\" height=\"450\" src=\"https:\/\/weldomachining.com\/wp-content\/uploads\/2025\/11\/cnc-lathe.webp\" class=\"attachment-medium_large size-medium_large\" alt=\"cnc-Drehmaschine\" aria-describedby=\"gallery-1-3422\" srcset=\"https:\/\/weldomachining.com\/wp-content\/uploads\/2025\/11\/cnc-lathe.webp 600w, https:\/\/weldomachining.com\/wp-content\/uploads\/2025\/11\/cnc-lathe-300x225.webp 300w, https:\/\/weldomachining.com\/wp-content\/uploads\/2025\/11\/cnc-lathe-16x12.webp 16w\" sizes=\"(max-width: 600px) 100vw, 600px\" \/><\/a>\n\t\t\t<\/div>\n\t\t\t\t<figcaption class='wp-caption-text gallery-caption' id='gallery-1-3422'>\n\t\t\t\tcnc-Drehmaschine\n\t\t\t\t<\/figcaption><\/figure><figure class='gallery-item'>\n\t\t\t<div class='gallery-icon landscape'>\n\t\t\t\t<a data-elementor-open-lightbox=\"yes\" data-elementor-lightbox-slideshow=\"4ef0201\" data-elementor-lightbox-title=\"5 axis cnc machining center (2)\" data-elementor-lightbox-description=\"5 axis cnc machining center (2)\" data-e-action-hash=\"#elementor-action%3Aaction%3Dlightbox%26settings%3DeyJpZCI6MjcxMiwidXJsIjoiaHR0cHM6XC9cL3dlbGRvbWFjaGluaW5nLmNvbVwvd3AtY29udGVudFwvdXBsb2Fkc1wvMjAyNVwvMTBcLzUtYXhpcy1jbmMtbWFjaGluaW5nLWNlbnRlci0yLndlYnAiLCJzbGlkZXNob3ciOiI0ZWYwMjAxIn0%3D\" href='https:\/\/weldomachining.com\/wp-content\/uploads\/2025\/10\/5-axis-cnc-machining-center-2.webp'><img decoding=\"async\" width=\"768\" height=\"576\" src=\"https:\/\/weldomachining.com\/wp-content\/uploads\/2025\/10\/5-axis-cnc-machining-center-2-768x576.webp\" class=\"attachment-medium_large size-medium_large\" alt=\"Hersteller von CNC-Bearbeitungsmaschinen in den USA\" aria-describedby=\"gallery-1-2712\" srcset=\"https:\/\/weldomachining.com\/wp-content\/uploads\/2025\/10\/5-axis-cnc-machining-center-2-768x576.webp 768w, https:\/\/weldomachining.com\/wp-content\/uploads\/2025\/10\/5-axis-cnc-machining-center-2-600x450.webp 600w, https:\/\/weldomachining.com\/wp-content\/uploads\/2025\/10\/5-axis-cnc-machining-center-2-300x225.webp 300w, https:\/\/weldomachining.com\/wp-content\/uploads\/2025\/10\/5-axis-cnc-machining-center-2-16x12.webp 16w, https:\/\/weldomachining.com\/wp-content\/uploads\/2025\/10\/5-axis-cnc-machining-center-2.webp 800w\" sizes=\"(max-width: 768px) 100vw, 768px\" \/><\/a>\n\t\t\t<\/div>\n\t\t\t\t<figcaption class='wp-caption-text gallery-caption' id='gallery-1-2712'>\n\t\t\t\t5-Achsen-CNC-Bearbeitungszentrum (2)\n\t\t\t\t<\/figcaption><\/figure><figure class='gallery-item'>\n\t\t\t<div class='gallery-icon landscape'>\n\t\t\t\t<a data-elementor-open-lightbox=\"yes\" data-elementor-lightbox-slideshow=\"4ef0201\" data-elementor-lightbox-title=\"5 axis cnc machining huge steel part\" data-elementor-lightbox-description=\"5 axis cnc machining huge steel part\" data-e-action-hash=\"#elementor-action%3Aaction%3Dlightbox%26settings%3DeyJpZCI6MjIxNSwidXJsIjoiaHR0cHM6XC9cL3dlbGRvbWFjaGluaW5nLmNvbVwvd3AtY29udGVudFwvdXBsb2Fkc1wvMjAyNVwvMTBcL1x1NWZhZVx1NGZlMVx1NTZmZVx1NzI0N18yMDI1MTAxMDE1MjMyNC53ZWJwIiwic2xpZGVzaG93IjoiNGVmMDIwMSJ9\" href='https:\/\/weldomachining.com\/wp-content\/uploads\/2025\/10\/\u5fae\u4fe1\u56fe\u7247_20251010152324.webp'><img loading=\"lazy\" decoding=\"async\" width=\"600\" height=\"450\" src=\"https:\/\/weldomachining.com\/wp-content\/uploads\/2025\/10\/\u5fae\u4fe1\u56fe\u7247_20251010152324.webp\" class=\"attachment-medium_large size-medium_large\" alt=\"5-Achsen-CNC-Bearbeitung gro\u00dfer Stahlteile\" aria-describedby=\"gallery-1-2215\" srcset=\"https:\/\/weldomachining.com\/wp-content\/uploads\/2025\/10\/\u5fae\u4fe1\u56fe\u7247_20251010152324.webp 600w, https:\/\/weldomachining.com\/wp-content\/uploads\/2025\/10\/\u5fae\u4fe1\u56fe\u7247_20251010152324-300x225.webp 300w, https:\/\/weldomachining.com\/wp-content\/uploads\/2025\/10\/\u5fae\u4fe1\u56fe\u7247_20251010152324-16x12.webp 16w\" sizes=\"(max-width: 600px) 100vw, 600px\" \/><\/a>\n\t\t\t<\/div>\n\t\t\t\t<figcaption class='wp-caption-text gallery-caption' id='gallery-1-2215'>\n\t\t\t\t5-Achsen-CNC-Bearbeitung gro\u00dfer Stahlteile\n\t\t\t\t<\/figcaption><\/figure><figure class='gallery-item'>\n\t\t\t<div class='gallery-icon landscape'>\n\t\t\t\t<a data-elementor-open-lightbox=\"yes\" data-elementor-lightbox-slideshow=\"4ef0201\" data-elementor-lightbox-title=\"weldo grinding machining center\" data-elementor-lightbox-description=\"weldo grinding machining center\" data-e-action-hash=\"#elementor-action%3Aaction%3Dlightbox%26settings%3DeyJpZCI6MTg1MSwidXJsIjoiaHR0cHM6XC9cL3dlbGRvbWFjaGluaW5nLmNvbVwvd3AtY29udGVudFwvdXBsb2Fkc1wvMjAyNVwvMTBcL1x1NWZhZVx1NGZlMVx1NTZmZVx1NzI0N18yMDI1MDkxMDEwMDE1NS53ZWJwIiwic2xpZGVzaG93IjoiNGVmMDIwMSJ9\" href='https:\/\/weldomachining.com\/wp-content\/uploads\/2025\/10\/\u5fae\u4fe1\u56fe\u7247_20250910100155.webp'><img loading=\"lazy\" decoding=\"async\" width=\"700\" height=\"525\" src=\"https:\/\/weldomachining.com\/wp-content\/uploads\/2025\/10\/\u5fae\u4fe1\u56fe\u7247_20250910100155.webp\" class=\"attachment-medium_large size-medium_large\" alt=\"weldo Schleifbearbeitungszentrum\" aria-describedby=\"gallery-1-1851\" srcset=\"https:\/\/weldomachining.com\/wp-content\/uploads\/2025\/10\/\u5fae\u4fe1\u56fe\u7247_20250910100155.webp 700w, https:\/\/weldomachining.com\/wp-content\/uploads\/2025\/10\/\u5fae\u4fe1\u56fe\u7247_20250910100155-600x450.webp 600w, https:\/\/weldomachining.com\/wp-content\/uploads\/2025\/10\/\u5fae\u4fe1\u56fe\u7247_20250910100155-300x225.webp 300w\" sizes=\"(max-width: 700px) 100vw, 700px\" \/><\/a>\n\t\t\t<\/div>\n\t\t\t\t<figcaption class='wp-caption-text gallery-caption' id='gallery-1-1851'>\n\t\t\t\tweldo Schleifbearbeitungszentrum\n\t\t\t\t<\/figcaption><\/figure><figure class='gallery-item'>\n\t\t\t<div class='gallery-icon landscape'>\n\t\t\t\t<a data-elementor-open-lightbox=\"yes\" data-elementor-lightbox-slideshow=\"4ef0201\" data-elementor-lightbox-title=\"Five-cylinder engine part 5 axis cnc machining (1)\" data-elementor-lightbox-description=\"Five-cylinder engine part 5 axis cnc machining (1)\" data-e-action-hash=\"#elementor-action%3Aaction%3Dlightbox%26settings%3DeyJpZCI6MTc2NCwidXJsIjoiaHR0cHM6XC9cL3dlbGRvbWFjaGluaW5nLmNvbVwvd3AtY29udGVudFwvdXBsb2Fkc1wvMjAyNVwvMTBcL0ZpdmUtY3lsaW5kZXItZW5naW5lLXBhcnQtNS1heGlzLWNuYy1tYWNoaW5pbmctMS53ZWJwIiwic2xpZGVzaG93IjoiNGVmMDIwMSJ9\" href='https:\/\/weldomachining.com\/wp-content\/uploads\/2025\/10\/Five-cylinder-engine-part-5-axis-cnc-machining-1.webp'><img loading=\"lazy\" decoding=\"async\" width=\"700\" height=\"525\" src=\"https:\/\/weldomachining.com\/wp-content\/uploads\/2025\/10\/Five-cylinder-engine-part-5-axis-cnc-machining-1.webp\" class=\"attachment-medium_large size-medium_large\" alt=\"F\u00fcnf-Zylinder-Motorteil 5-Achsen-CNC-Bearbeitung (1)\" aria-describedby=\"gallery-1-1764\" srcset=\"https:\/\/weldomachining.com\/wp-content\/uploads\/2025\/10\/Five-cylinder-engine-part-5-axis-cnc-machining-1.webp 700w, https:\/\/weldomachining.com\/wp-content\/uploads\/2025\/10\/Five-cylinder-engine-part-5-axis-cnc-machining-1-600x450.webp 600w, https:\/\/weldomachining.com\/wp-content\/uploads\/2025\/10\/Five-cylinder-engine-part-5-axis-cnc-machining-1-300x225.webp 300w\" sizes=\"(max-width: 700px) 100vw, 700px\" \/><\/a>\n\t\t\t<\/div>\n\t\t\t\t<figcaption class='wp-caption-text gallery-caption' id='gallery-1-1764'>\n\t\t\t\tF\u00fcnf-Zylinder-Motorteil 5-Achsen-CNC-Bearbeitung (1)\n\t\t\t\t<\/figcaption><\/figure><figure class='gallery-item'>\n\t\t\t<div class='gallery-icon landscape'>\n\t\t\t\t<a data-elementor-open-lightbox=\"yes\" data-elementor-lightbox-slideshow=\"4ef0201\" data-elementor-lightbox-title=\"4 axis cnc machine inside view (2)\" data-elementor-lightbox-description=\"4 axis cnc machine inside view (2)\" data-e-action-hash=\"#elementor-action%3Aaction%3Dlightbox%26settings%3DeyJpZCI6MTc0MywidXJsIjoiaHR0cHM6XC9cL3dlbGRvbWFjaGluaW5nLmNvbVwvd3AtY29udGVudFwvdXBsb2Fkc1wvMjAyNVwvMTBcLzQtYXhpcy1jbmMtbWFjaGluZS1pbnNpZGUtdmlldy0yLndlYnAiLCJzbGlkZXNob3ciOiI0ZWYwMjAxIn0%3D\" href='https:\/\/weldomachining.com\/wp-content\/uploads\/2025\/10\/4-axis-cnc-machine-inside-view-2.webp'><img loading=\"lazy\" decoding=\"async\" width=\"700\" height=\"525\" src=\"https:\/\/weldomachining.com\/wp-content\/uploads\/2025\/10\/4-axis-cnc-machine-inside-view-2.webp\" class=\"attachment-medium_large size-medium_large\" alt=\"4-Achsen-CNC-Maschine Innenansicht (2)\" aria-describedby=\"gallery-1-1743\" srcset=\"https:\/\/weldomachining.com\/wp-content\/uploads\/2025\/10\/4-axis-cnc-machine-inside-view-2.webp 700w, https:\/\/weldomachining.com\/wp-content\/uploads\/2025\/10\/4-axis-cnc-machine-inside-view-2-600x450.webp 600w, https:\/\/weldomachining.com\/wp-content\/uploads\/2025\/10\/4-axis-cnc-machine-inside-view-2-300x225.webp 300w\" sizes=\"(max-width: 700px) 100vw, 700px\" \/><\/a>\n\t\t\t<\/div>\n\t\t\t\t<figcaption class='wp-caption-text gallery-caption' id='gallery-1-1743'>\n\t\t\t\t4-Achsen-CNC-Maschine Innenansicht (2)\n\t\t\t\t<\/figcaption><\/figure><figure class='gallery-item'>\n\t\t\t<div class='gallery-icon landscape'>\n\t\t\t\t<a data-elementor-open-lightbox=\"yes\" data-elementor-lightbox-slideshow=\"4ef0201\" data-elementor-lightbox-title=\"Altimeter for cnc machining part\" data-elementor-lightbox-description=\"Altimeter for cnc machining part\" data-e-action-hash=\"#elementor-action%3Aaction%3Dlightbox%26settings%3DeyJpZCI6MTQyMSwidXJsIjoiaHR0cHM6XC9cL3dlbGRvbWFjaGluaW5nLmNvbVwvd3AtY29udGVudFwvdXBsb2Fkc1wvMjAyNVwvMDlcL0FsdGltZXRlci1mb3ItY25jLW1hY2hpbmluZy1wYXJ0LndlYnAiLCJzbGlkZXNob3ciOiI0ZWYwMjAxIn0%3D\" href='https:\/\/weldomachining.com\/wp-content\/uploads\/2025\/09\/Altimeter-for-cnc-machining-part.webp'><img loading=\"lazy\" decoding=\"async\" width=\"700\" height=\"525\" src=\"https:\/\/weldomachining.com\/wp-content\/uploads\/2025\/09\/Altimeter-for-cnc-machining-part.webp\" class=\"attachment-medium_large size-medium_large\" alt=\"H\u00f6henmesser f\u00fcr CNC-Bearbeitungsteil\" aria-describedby=\"gallery-1-1421\" srcset=\"https:\/\/weldomachining.com\/wp-content\/uploads\/2025\/09\/Altimeter-for-cnc-machining-part.webp 700w, https:\/\/weldomachining.com\/wp-content\/uploads\/2025\/09\/Altimeter-for-cnc-machining-part-600x450.webp 600w, https:\/\/weldomachining.com\/wp-content\/uploads\/2025\/09\/Altimeter-for-cnc-machining-part-300x225.webp 300w\" sizes=\"(max-width: 700px) 100vw, 700px\" \/><\/a>\n\t\t\t<\/div>\n\t\t\t\t<figcaption class='wp-caption-text gallery-caption' id='gallery-1-1421'>\n\t\t\t\tH\u00f6henmesser f\u00fcr CNC-Bearbeitungsteil\n\t\t\t\t<\/figcaption><\/figure><figure class='gallery-item'>\n\t\t\t<div class='gallery-icon landscape'>\n\t\t\t\t<a data-elementor-open-lightbox=\"yes\" data-elementor-lightbox-slideshow=\"4ef0201\" data-elementor-lightbox-title=\"Coordinate Measuring Machine for cnc machining part\" data-elementor-lightbox-description=\"Coordinate Measuring Machine for cnc machining part\" data-e-action-hash=\"#elementor-action%3Aaction%3Dlightbox%26settings%3DeyJpZCI6MTQxOCwidXJsIjoiaHR0cHM6XC9cL3dlbGRvbWFjaGluaW5nLmNvbVwvd3AtY29udGVudFwvdXBsb2Fkc1wvMjAyNVwvMDlcL1x1NWZhZVx1NGZlMVx1NTZmZVx1NzI0N18yMDI1MDkxNzE5MjE0Ny53ZWJwIiwic2xpZGVzaG93IjoiNGVmMDIwMSJ9\" href='https:\/\/weldomachining.com\/wp-content\/uploads\/2025\/09\/\u5fae\u4fe1\u56fe\u7247_20250917192147.webp'><img loading=\"lazy\" decoding=\"async\" width=\"768\" height=\"576\" src=\"https:\/\/weldomachining.com\/wp-content\/uploads\/2025\/09\/\u5fae\u4fe1\u56fe\u7247_20250917192147-768x576.webp\" class=\"attachment-medium_large size-medium_large\" alt=\"Koordinatenmessmaschine f\u00fcr CNC-Bearbeitung von Teilen\" aria-describedby=\"gallery-1-1418\" srcset=\"https:\/\/weldomachining.com\/wp-content\/uploads\/2025\/09\/\u5fae\u4fe1\u56fe\u7247_20250917192147-768x576.webp 768w, https:\/\/weldomachining.com\/wp-content\/uploads\/2025\/09\/\u5fae\u4fe1\u56fe\u7247_20250917192147-600x450.webp 600w, https:\/\/weldomachining.com\/wp-content\/uploads\/2025\/09\/\u5fae\u4fe1\u56fe\u7247_20250917192147-300x225.webp 300w, https:\/\/weldomachining.com\/wp-content\/uploads\/2025\/09\/\u5fae\u4fe1\u56fe\u7247_20250917192147.webp 800w\" sizes=\"(max-width: 768px) 100vw, 768px\" \/><\/a>\n\t\t\t<\/div>\n\t\t\t\t<figcaption class='wp-caption-text gallery-caption' id='gallery-1-1418'>\n\t\t\t\tKoordinatenmessmaschine f\u00fcr CNC-Bearbeitung von Teilen\n\t\t\t\t<\/figcaption><\/figure>\n\t\t<\/div>\n\t\t<\/div>\n\t\t\t\t\t\t<\/div>\n\t\t\t\t<div class=\"elementor-element elementor-element-b4d2258 elementor-widget elementor-widget-text-editor\" data-id=\"b4d2258\" data-element_type=\"widget\" data-e-type=\"widget\" data-widget_type=\"text-editor.default\">\n\t\t\t\t\t\t\t\t\t<p>Die Dongguan Weldo Machining Precision LTD bietet umfassende Fertigungsl\u00f6sungen, die auf mehr als 20 Jahren Erfahrung in der spanenden Fertigung und einem unabh\u00e4ngigen Produktionscampus basieren. Mit hochmodernen Anlagen und qualifizierten Ingenieuren liefern wir Pr\u00e4zision, Effizienz und Zuverl\u00e4ssigkeit vom Prototyp bis zur Massenproduktion.<\/p><p>Unsere Kernkompetenzen umfassen:<br \/><strong>CNC-Fr\u00e4sen<\/strong> - Hochpr\u00e4zisionsfr\u00e4sen f\u00fcr Metalle und Kunststoffe.<br \/><strong>CNC-Drehen<\/strong> - Effizientes Drehen f\u00fcr zylindrische und kundenspezifische Teile.<br \/><strong>Schleifen<\/strong> - Flach- und Rundschleifen f\u00fcr h\u00f6chste Oberfl\u00e4cheng\u00fcte und enge Toleranzen.<br \/><strong>3-Achsen-CNC-Bearbeitung<\/strong> - Zuverl\u00e4ssige Bearbeitung von Standardgeometrien.<br \/><strong>4-Achsen-CNC-Bearbeitung<\/strong> - Erh\u00f6hte Flexibilit\u00e4t f\u00fcr abgewinkelte und komplexe Merkmale.<br \/><strong>5-Achsen-CNC-Bearbeitung<\/strong> - Fortschrittliche Fertigung f\u00fcr komplizierte und hochpr\u00e4zise Teile.<br \/><strong>EDM<\/strong> (Electrical Discharge Machining) - Einschlie\u00dflich des schnellen Drahtschneidens, des mittleren Drahtschneidens und des langsamen Drahtschneidens, das die Pr\u00e4zisionsbearbeitung von harten Materialien, feinen Details und komplexen Konturen erm\u00f6glicht.<br \/><strong>Formenbau<\/strong> - Professioneller Werkzeug- und Formenbau f\u00fcr Spritzgie\u00df- und Produktionsanwendungen.<br \/><strong>3D-Druck<\/strong> - Schnelles Prototyping mit verschiedenen Materialien, ideal f\u00fcr Produktvalidierung und Kleinserienproduktion.<br \/><a href=\"https:\/\/weldomachining.com\/de\/dienstleistung\/andere-dienstleistungen\/aluminium-extrusion\/\"><strong>Strangpressen von Aluminium<\/strong><\/a>-Ein Verfahren, bei dem erhitzte Kn\u00fcppel aus Aluminiumlegierungen durch eine Matrize gepresst werden, um kontinuierliche Profile mit gew\u00fcnschten Querschnittsformen und -gr\u00f6\u00dfen zu erhalten.<br \/><strong><a href=\"https:\/\/weldomachining.com\/de\/dienstleistung\/andere-dienstleistungen\/blechfertigung\/\">Herstellung von Blechen<\/a><\/strong>-Ein Verfahren, bei dem erhitzte Kn\u00fcppel aus Aluminiumlegierungen durch eine Matrize gepresst werden, um kontinuierliche Profile mit gew\u00fcnschten Querschnittsformen und -gr\u00f6\u00dfen zu erhalten.<br \/>Wir beliefern Branchen wie die Automobilindustrie, die Luft- und Raumfahrt, die Elektronik und die Medizintechnik und bieten ma\u00dfgeschneiderte Pr\u00e4zisionsl\u00f6sungen mit globaler Lieferung.<\/p>\t\t\t\t\t\t\t\t<\/div>\n\t\t\t\t\t<\/div>\n\t\t\t\t<\/div>\n\t\t\t\t<\/div>","protected":false},"excerpt":{"rendered":"<p>Service Engineering Solutions Across the Product Evolution SpectrumOur engineering expertise and flexible service offerings deliver tailored solutions to support every phase of your product journey. Whether you require rapid prototyping for concept validation, iterative design refinements, or high-volume manufacturing with precision tolerances, we serve as your integrated engineering partner committed to transforming ideas into reliable, [&hellip;]<\/p>\n","protected":false},"author":2,"featured_media":0,"parent":0,"menu_order":1,"comment_status":"closed","ping_status":"closed","template":"","meta":{"footnotes":""},"class_list":["post-18","page","type-page","status-publish","hentry"],"_links":{"self":[{"href":"https:\/\/weldomachining.com\/de\/wp-json\/wp\/v2\/pages\/18","targetHints":{"allow":["GET"]}}],"collection":[{"href":"https:\/\/weldomachining.com\/de\/wp-json\/wp\/v2\/pages"}],"about":[{"href":"https:\/\/weldomachining.com\/de\/wp-json\/wp\/v2\/types\/page"}],"author":[{"embeddable":true,"href":"https:\/\/weldomachining.com\/de\/wp-json\/wp\/v2\/users\/2"}],"replies":[{"embeddable":true,"href":"https:\/\/weldomachining.com\/de\/wp-json\/wp\/v2\/comments?post=18"}],"version-history":[{"count":9,"href":"https:\/\/weldomachining.com\/de\/wp-json\/wp\/v2\/pages\/18\/revisions"}],"predecessor-version":[{"id":9471,"href":"https:\/\/weldomachining.com\/de\/wp-json\/wp\/v2\/pages\/18\/revisions\/9471"}],"wp:attachment":[{"href":"https:\/\/weldomachining.com\/de\/wp-json\/wp\/v2\/media?parent=18"}],"curies":[{"name":"wp","href":"https:\/\/api.w.org\/{rel}","templated":true}]}}