{"id":23,"date":"2025-09-02T06:42:33","date_gmt":"2025-09-02T06:42:33","guid":{"rendered":"https:\/\/weldomachining.com\/?page_id=23"},"modified":"2026-04-02T03:43:22","modified_gmt":"2026-04-02T03:43:22","slug":"uber-uns","status":"publish","type":"page","link":"https:\/\/weldomachining.com\/de\/uber-uns\/","title":{"rendered":"\u00dcber uns"},"content":{"rendered":"<div data-elementor-type=\"wp-page\" data-elementor-id=\"23\" class=\"elementor elementor-23\" data-elementor-post-type=\"page\">\n\t\t\t\t<div class=\"elementor-element elementor-element-7bb31814 e-con-full e-flex e-con e-parent\" data-id=\"7bb31814\" data-element_type=\"container\">\n\t\t<div class=\"elementor-element elementor-element-79fccdd8 e-con-full e-flex e-con e-child\" data-id=\"79fccdd8\" data-element_type=\"container\">\n\t\t\t\t<div class=\"elementor-element elementor-element-4228f402 elementor-widget elementor-widget-heading\" data-id=\"4228f402\" data-element_type=\"widget\" data-widget_type=\"heading.default\">\n\t\t\t\t\t<h1 class=\"elementor-heading-title elementor-size-default\">\u00dcber uns<\/h1>\t\t\t\t<\/div>\n\t\t\t\t<div class=\"elementor-element elementor-element-2e026056 elementor-widget elementor-widget-text-editor\" data-id=\"2e026056\" data-element_type=\"widget\" data-widget_type=\"text-editor.default\">\n\t\t\t\t\t\t\t\t\t<p>Weldo Machining wurde 2012 gegr\u00fcndet und ist ein Pr\u00e4zisionsfertigungsdienstleister, der sich auf mehrachsige <a href=\"https:\/\/weldomachining.com\/de\/cnc-bearbeitung\/\">CNC-Bearbeitung<\/a>Konventionelles Drehen, CNC-Schleifen und CNC-Erodieren. Wir bieten einen Service aus einer Hand, von der Konstruktion, dem Pr\u00e4zisionsfr\u00e4sen und -schleifen, der Qualit\u00e4tskontrolle bis hin zur Oberfl\u00e4chenbehandlung, Verpackung und dem Versand. Das Unternehmen besch\u00e4ftigt derzeit mehr als 120 professionelle Techniker, arbeitet in einem eigenen Industriepark f\u00fcr mechanische Bearbeitung und erzielt einen Jahresumsatz von mehr als 10 Millionen US-Dollar. Unsere Produkte finden breite Anwendung in High-End-Bereichen wie der Luft- und Raumfahrt, der Automobilindustrie, der Unterhaltungselektronik, der Industrieausr\u00fcstung und den neuen Energien.<\/p>\t\t\t\t\t\t\t\t<\/div>\n\t\t\t\t<\/div>\n\t\t<div class=\"elementor-element elementor-element-17b738e7 e-con-full e-flex e-con e-child\" data-id=\"17b738e7\" data-element_type=\"container\" data-settings=\"{&quot;background_background&quot;:&quot;classic&quot;}\">\n\t\t\t\t<div class=\"elementor-element elementor-element-9f902f2 elementor-widget elementor-widget-image\" data-id=\"9f902f2\" data-element_type=\"widget\" data-widget_type=\"image.default\">\n\t\t\t\t\t\t\t\t\t\t\t\t\t\t\t<img fetchpriority=\"high\" decoding=\"async\" width=\"700\" height=\"466\" src=\"https:\/\/weldomachining.com\/wp-content\/uploads\/2025\/10\/Group-photo-of-weldo-staff.webp\" class=\"attachment-large size-large wp-image-3218\" alt=\"Gruppenfoto der weldo-Mitarbeiter\" srcset=\"https:\/\/weldomachining.com\/wp-content\/uploads\/2025\/10\/Group-photo-of-weldo-staff.webp 700w, https:\/\/weldomachining.com\/wp-content\/uploads\/2025\/10\/Group-photo-of-weldo-staff-600x399.webp 600w, https:\/\/weldomachining.com\/wp-content\/uploads\/2025\/10\/Group-photo-of-weldo-staff-300x200.webp 300w, https:\/\/weldomachining.com\/wp-content\/uploads\/2025\/10\/Group-photo-of-weldo-staff-18x12.webp 18w\" sizes=\"(max-width: 700px) 100vw, 700px\" \/>\t\t\t\t\t\t\t\t\t\t\t\t\t\t\t<\/div>\n\t\t\t\t<\/div>\n\t\t\t\t<\/div>\n\t\t<div class=\"elementor-element elementor-element-763858df e-flex e-con-boxed e-con e-parent\" data-id=\"763858df\" data-element_type=\"container\">\n\t\t\t\t\t<div class=\"e-con-inner\">\n\t\t<div class=\"elementor-element elementor-element-74078512 e-con-full e-flex e-con e-child\" data-id=\"74078512\" data-element_type=\"container\">\n\t\t\t\t<div class=\"elementor-element elementor-element-1a94f395 elementor-widget elementor-widget-image\" data-id=\"1a94f395\" data-element_type=\"widget\" data-widget_type=\"image.default\">\n\t\t\t\t\t\t\t\t\t\t\t\t\t\t\t<img decoding=\"async\" width=\"800\" height=\"450\" src=\"https:\/\/weldomachining.com\/wp-content\/uploads\/2026\/04\/\u9759\u5e27-2025-09-19-190512_1.484.1.webp\" class=\"attachment-large size-large wp-image-9244\" alt=\"weldo Management Staff Regular Meeting\" srcset=\"https:\/\/weldomachining.com\/wp-content\/uploads\/2026\/04\/\u9759\u5e27-2025-09-19-190512_1.484.1.webp 800w, https:\/\/weldomachining.com\/wp-content\/uploads\/2026\/04\/\u9759\u5e27-2025-09-19-190512_1.484.1-300x169.webp 300w, https:\/\/weldomachining.com\/wp-content\/uploads\/2026\/04\/\u9759\u5e27-2025-09-19-190512_1.484.1-768x432.webp 768w, https:\/\/weldomachining.com\/wp-content\/uploads\/2026\/04\/\u9759\u5e27-2025-09-19-190512_1.484.1-18x10.webp 18w\" sizes=\"(max-width: 800px) 100vw, 800px\" \/>\t\t\t\t\t\t\t\t\t\t\t\t\t\t\t<\/div>\n\t\t\t\t<\/div>\n\t\t<div class=\"elementor-element elementor-element-6fe56f78 e-con-full e-flex e-con e-child\" data-id=\"6fe56f78\" data-element_type=\"container\">\n\t\t\t\t<div class=\"elementor-element elementor-element-6099c97c elementor-widget elementor-widget-heading\" data-id=\"6099c97c\" data-element_type=\"widget\" data-widget_type=\"heading.default\">\n\t\t\t\t\t<h2 class=\"elementor-heading-title elementor-size-default\">Unser Auftrag<\/h2>\t\t\t\t<\/div>\n\t\t\t\t<div class=\"elementor-element elementor-element-430eabac elementor-widget elementor-widget-text-editor\" data-id=\"430eabac\" data-element_type=\"widget\" data-widget_type=\"text-editor.default\">\n\t\t\t\t\t\t\t\t\t<p>WELDO Machining wurde gegr\u00fcndet, um die wachsende Nachfrage nach hochpr\u00e4zisen Bearbeitungen zu befriedigen und den Kunden weltweit hochwertige, ma\u00dfgeschneiderte Bearbeitungsl\u00f6sungen anzubieten. Unser Ziel ist es, die Produktionseffizienz und Produktqualit\u00e4t unserer Kunden durch fortschrittliche Technologie und exquisite Handwerkskunst zu verbessern. Unser Ziel ist es, innovative Zerspanungsdienstleistungen f\u00fcr verschiedene Branchen anzubieten und unseren Kunden zu einer effizienten und pr\u00e4zisen Fertigung zu verhelfen und gleichzeitig den industriellen Fortschritt voranzutreiben.<\/p>\t\t\t\t\t\t\t\t<\/div>\n\t\t\t\t<\/div>\n\t\t\t\t\t<\/div>\n\t\t\t\t<\/div>\n\t\t<div class=\"elementor-element elementor-element-247e4c6f e-flex e-con-boxed e-con e-parent\" data-id=\"247e4c6f\" data-element_type=\"container\">\n\t\t\t\t\t<div class=\"e-con-inner\">\n\t\t<div class=\"elementor-element elementor-element-6329a250 e-con-full e-flex e-con e-child\" data-id=\"6329a250\" data-element_type=\"container\">\n\t\t\t\t<div class=\"elementor-element elementor-element-71d12b28 elementor-widget elementor-widget-heading\" data-id=\"71d12b28\" data-element_type=\"widget\" data-widget_type=\"heading.default\">\n\t\t\t\t\t<h2 class=\"elementor-heading-title elementor-size-default\">Warum uns w\u00e4hlen<\/h2>\t\t\t\t<\/div>\n\t\t\t\t<div class=\"elementor-element elementor-element-1c367244 elementor-widget elementor-widget-text-editor\" data-id=\"1c367244\" data-element_type=\"widget\" data-widget_type=\"text-editor.default\">\n\t\t\t\t\t\t\t\t\t<p>WELDO Machining bietet mehrachsige CNC-Bearbeitung, Drahtschneiden und Schleifen, unterst\u00fctzt durch eine zuverl\u00e4ssige Materiallieferkette und die Zertifizierung nach ISO 9001:2015. Unsere qualifizierten Teams sorgen f\u00fcr eine qualitativ hochwertige Produktion und termingerechte Lieferung, mit Exporten in \u00fcber 100 L\u00e4nder.<\/p>\t\t\t\t\t\t\t\t<\/div>\n\t\t\t\t<div class=\"elementor-element elementor-element-51d85e94 elementor-align-left elementor-icon-list--layout-traditional elementor-list-item-link-full_width elementor-widget elementor-widget-icon-list\" data-id=\"51d85e94\" data-element_type=\"widget\" data-widget_type=\"icon-list.default\">\n\t\t\t\t\t\t\t<ul class=\"elementor-icon-list-items\">\n\t\t\t\t\t\t\t<li class=\"elementor-icon-list-item\">\n\t\t\t\t\t\t\t\t\t\t\t<a href=\"#\">\n\n\t\t\t\t\t\t\t\t\t\t\t\t<span class=\"elementor-icon-list-icon\">\n\t\t\t\t\t\t\t<svg aria-hidden=\"true\" class=\"e-font-icon-svg e-fas-square-full\" viewbox=\"0 0 512 512\" xmlns=\"http:\/\/www.w3.org\/2000\/svg\"><path d=\"M512 512H0V0h512v512z\"><\/path><\/svg>\t\t\t\t\t\t<\/span>\n\t\t\t\t\t\t\t\t\t\t<span class=\"elementor-icon-list-text\">Mehrachsen- und Drahterodierbearbeitung<\/span>\n\t\t\t\t\t\t\t\t\t\t\t<\/a>\n\t\t\t\t\t\t\t\t\t<\/li>\n\t\t\t\t\t\t\t\t<li class=\"elementor-icon-list-item\">\n\t\t\t\t\t\t\t\t\t\t\t<span class=\"elementor-icon-list-icon\">\n\t\t\t\t\t\t\t<svg aria-hidden=\"true\" class=\"e-font-icon-svg e-fas-square-full\" viewbox=\"0 0 512 512\" xmlns=\"http:\/\/www.w3.org\/2000\/svg\"><path d=\"M512 512H0V0h512v512z\"><\/path><\/svg>\t\t\t\t\t\t<\/span>\n\t\t\t\t\t\t\t\t\t\t<span class=\"elementor-icon-list-text\">100+ Materialien und 20+ Oberfl\u00e4chenbehandlungen<\/span>\n\t\t\t\t\t\t\t\t\t<\/li>\n\t\t\t\t\t\t\t\t<li class=\"elementor-icon-list-item\">\n\t\t\t\t\t\t\t\t\t\t\t<a href=\"#\">\n\n\t\t\t\t\t\t\t\t\t\t\t\t<span class=\"elementor-icon-list-icon\">\n\t\t\t\t\t\t\t<svg aria-hidden=\"true\" class=\"e-font-icon-svg e-fas-square-full\" viewbox=\"0 0 512 512\" xmlns=\"http:\/\/www.w3.org\/2000\/svg\"><path d=\"M512 512H0V0h512v512z\"><\/path><\/svg>\t\t\t\t\t\t<\/span>\n\t\t\t\t\t\t\t\t\t\t<span class=\"elementor-icon-list-text\">Vollst\u00e4ndige Inspektion unterst\u00fctzt<\/span>\n\t\t\t\t\t\t\t\t\t\t\t<\/a>\n\t\t\t\t\t\t\t\t\t<\/li>\n\t\t\t\t\t\t\t\t<li class=\"elementor-icon-list-item\">\n\t\t\t\t\t\t\t\t\t\t\t<a href=\"#\">\n\n\t\t\t\t\t\t\t\t\t\t\t\t<span class=\"elementor-icon-list-icon\">\n\t\t\t\t\t\t\t<svg aria-hidden=\"true\" class=\"e-font-icon-svg e-fas-square-full\" viewbox=\"0 0 512 512\" xmlns=\"http:\/\/www.w3.org\/2000\/svg\"><path d=\"M512 512H0V0h512v512z\"><\/path><\/svg>\t\t\t\t\t\t<\/span>\n\t\t\t\t\t\t\t\t\t\t<span class=\"elementor-icon-list-text\">J\u00e4hrliche Bestehensquote: 97.48%<\/span>\n\t\t\t\t\t\t\t\t\t\t\t<\/a>\n\t\t\t\t\t\t\t\t\t<\/li>\n\t\t\t\t\t\t\t\t<li class=\"elementor-icon-list-item\">\n\t\t\t\t\t\t\t\t\t\t\t<a href=\"#\">\n\n\t\t\t\t\t\t\t\t\t\t\t\t<span class=\"elementor-icon-list-icon\">\n\t\t\t\t\t\t\t<svg aria-hidden=\"true\" class=\"e-font-icon-svg e-fas-square-full\" viewbox=\"0 0 512 512\" xmlns=\"http:\/\/www.w3.org\/2000\/svg\"><path d=\"M512 512H0V0h512v512z\"><\/path><\/svg>\t\t\t\t\t\t<\/span>\n\t\t\t\t\t\t\t\t\t\t<span class=\"elementor-icon-list-text\">Lieferung 3-7 Tage<\/span>\n\t\t\t\t\t\t\t\t\t\t\t<\/a>\n\t\t\t\t\t\t\t\t\t<\/li>\n\t\t\t\t\t\t<\/ul>\n\t\t\t\t\t\t<\/div>\n\t\t\t\t<\/div>\n\t\t<div class=\"elementor-element elementor-element-71550cb5 e-con-full e-flex e-con e-child\" data-id=\"71550cb5\" data-element_type=\"container\">\n\t\t\t\t<div class=\"elementor-element elementor-element-449b95c elementor-arrows-position-inside elementor-pagination-position-outside elementor-widget elementor-widget-image-carousel\" data-id=\"449b95c\" data-element_type=\"widget\" data-settings=\"{&quot;navigation&quot;:&quot;both&quot;,&quot;autoplay&quot;:&quot;yes&quot;,&quot;pause_on_hover&quot;:&quot;yes&quot;,&quot;pause_on_interaction&quot;:&quot;yes&quot;,&quot;autoplay_speed&quot;:5000,&quot;infinite&quot;:&quot;yes&quot;,&quot;speed&quot;:500}\" data-widget_type=\"image-carousel.default\">\n\t\t\t\t\t\t\t<div class=\"elementor-image-carousel-wrapper swiper\" role=\"region\" aria-roledescription=\"carousel\" aria-label=\"\u56fe\u50cf\u8f6e\u64ad\" dir=\"ltr\">\n\t\t\t<div class=\"elementor-image-carousel swiper-wrapper\" aria-live=\"off\">\n\t\t\t\t\t\t\t\t<div class=\"swiper-slide\" role=\"group\" aria-roledescription=\"slide\" aria-label=\"1 von 11\"><figure class=\"swiper-slide-inner\"><img decoding=\"async\" class=\"swiper-slide-image\" src=\"https:\/\/weldomachining.com\/wp-content\/uploads\/elementor\/thumbs\/young-engineer-cnc-machining-from-weldo-precision-1-rcg85f3mtx1ugb2xopj76vsr3wt5hgg4a3e37q2ms8.webp\" alt=\"Ingenieur von weldo precision\" \/><\/figure><\/div><div class=\"swiper-slide\" role=\"group\" aria-roledescription=\"slide\" aria-label=\"2 von 11\"><figure class=\"swiper-slide-inner\"><img decoding=\"async\" class=\"swiper-slide-image\" src=\"https:\/\/weldomachining.com\/wp-content\/uploads\/elementor\/thumbs\/20250904105659-ezgif.com-resize-2-rbu4k0jz7t4mbmbhdayzvfwmrmn7m624gb0pp0yv2w.webp\" alt=\"Weldo 3-4 achsen cnc bearbeitungszentrum\" \/><\/figure><\/div><div class=\"swiper-slide\" role=\"group\" aria-roledescription=\"slide\" aria-label=\"3 von 11\"><figure class=\"swiper-slide-inner\"><img decoding=\"async\" class=\"swiper-slide-image\" src=\"https:\/\/weldomachining.com\/wp-content\/uploads\/elementor\/thumbs\/5-axis-cnc-machining-center-5-ri7sfje1ceo82wht8uscpmvn6hlrb57pmyrkbzy6s8.webp\" alt=\"5-Achsen-CNC-Bearbeitungszentrum (5)\" \/><\/figure><\/div><div class=\"swiper-slide\" role=\"group\" aria-roledescription=\"slide\" aria-label=\"4 von 11\"><figure class=\"swiper-slide-inner\"><img decoding=\"async\" class=\"swiper-slide-image\" src=\"https:\/\/weldomachining.com\/wp-content\/uploads\/elementor\/thumbs\/weldo-cnc-machining-center-picture-rc4ij8k4er9j428jluuaf1ls6o4vo049h2ics6wx5k.jpg\" alt=\"weldo cnc bearbeitungszentrum bild\" \/><\/figure><\/div><div class=\"swiper-slide\" role=\"group\" aria-roledescription=\"slide\" aria-label=\"5 von 11\"><figure class=\"swiper-slide-inner\"><img decoding=\"async\" class=\"swiper-slide-image\" src=\"https:\/\/weldomachining.com\/wp-content\/uploads\/elementor\/thumbs\/Check-the-workpiece-processing-status-rbxoegh0xbiw030jc8hi5j4y6bsjx4fo8a2mmmvqhk.webp\" alt=\"weldo engineer Pr\u00fcfen Sie den Bearbeitungsstatus des Werkst\u00fccks\" \/><\/figure><\/div><div class=\"swiper-slide\" role=\"group\" aria-roledescription=\"slide\" aria-label=\"6 von 11\"><figure class=\"swiper-slide-inner\"><img decoding=\"async\" class=\"swiper-slide-image\" src=\"https:\/\/weldomachining.com\/wp-content\/uploads\/elementor\/thumbs\/weldo-quality-assurance-center-1-rf97ndv62z4b4zj8afh8ta8r5jz4gewdnvorzg0bfc.webp\" alt=\"weldo Qualit\u00e4tssicherungszentrum\" \/><\/figure><\/div><div class=\"swiper-slide\" role=\"group\" aria-roledescription=\"slide\" aria-label=\"7 von 11\"><figure class=\"swiper-slide-inner\"><img decoding=\"async\" class=\"swiper-slide-image\" src=\"https:\/\/weldomachining.com\/wp-content\/uploads\/elementor\/thumbs\/-2025-09-19-190512_1.505.1-re0cjguluoharwtfxegvxp6j5bxx43kua7khkeko9k.webp\" alt=\"weldo Qualit\u00e4tspr\u00fcfungszentrum\" \/><\/figure><\/div><div class=\"swiper-slide\" role=\"group\" aria-roledescription=\"slide\" aria-label=\"8 von 11\"><figure class=\"swiper-slide-inner\"><img decoding=\"async\" class=\"swiper-slide-image\" src=\"https:\/\/weldomachining.com\/wp-content\/uploads\/elementor\/thumbs\/Measured-by-CMM-rkqb6swc3qfb8tj0i0uiwjcaj1lllgoibm0nkbfrvc.webp\" alt=\"Gemessen mit CMM\" \/><\/figure><\/div><div class=\"swiper-slide\" role=\"group\" aria-roledescription=\"slide\" aria-label=\"9 von 11\"><figure class=\"swiper-slide-inner\"><img decoding=\"async\" class=\"swiper-slide-image\" src=\"https:\/\/weldomachining.com\/wp-content\/uploads\/elementor\/thumbs\/weldo-cnc-parts-package-center-reabxo41ozwipbcvx0dzrsezoh6xs5ccgd2mnmz1so.webp\" alt=\"weldo cnc-teilepaket-zentrum\" \/><\/figure><\/div><div class=\"swiper-slide\" role=\"group\" aria-roledescription=\"slide\" aria-label=\"10 von 11\"><figure class=\"swiper-slide-inner\"><img decoding=\"async\" class=\"swiper-slide-image\" src=\"https:\/\/weldomachining.com\/wp-content\/uploads\/elementor\/thumbs\/iso9001-2015-rleatvjwx5resq0bgt7cwb9ryvnkrd36m503kie5lk.webp\" alt=\"iso 9001:2015 f\u00fcr die Schwei\u00dfnahtbearbeitung\" \/><\/figure><\/div><div class=\"swiper-slide\" role=\"group\" aria-roledescription=\"slide\" aria-label=\"11 von 11\"><figure class=\"swiper-slide-inner\"><img decoding=\"async\" class=\"swiper-slide-image\" src=\"https:\/\/weldomachining.com\/wp-content\/uploads\/elementor\/thumbs\/-2025-09-19-190512_1.479.1-re0cjfwrnug0gaut2w29d7f2jy2jweh3y2x034m2fs.webp\" alt=\"weldo-Sitzungsraum\" \/><\/figure><\/div>\t\t\t<\/div>\n\t\t\t\t\t\t\t\t\t\t\t\t<div class=\"elementor-swiper-button elementor-swiper-button-prev\" role=\"button\" tabindex=\"0\">\n\t\t\t\t\t\t<svg aria-hidden=\"true\" class=\"e-font-icon-svg e-fas-arrow-left\" viewbox=\"0 0 448 512\" xmlns=\"http:\/\/www.w3.org\/2000\/svg\"><path d=\"M257.5 445.1l-22.2 22.2c-9.4 9.4-24.6 9.4-33.9 0L7 273c-9.4-9.4-9.4-24.6 0-33.9L201.4 44.7c9.4-9.4 24.6-9.4 33.9 0l22.2 22.2c9.5 9.5 9.3 25-.4 34.3L136.6 216H424c13.3 0 24 10.7 24 24v32c0 13.3-10.7 24-24 24H136.6l120.5 114.8c9.8 9.3 10 24.8.4 34.3z\"><\/path><\/svg>\t\t\t\t\t<\/div>\n\t\t\t\t\t<div class=\"elementor-swiper-button elementor-swiper-button-next\" role=\"button\" tabindex=\"0\">\n\t\t\t\t\t\t<svg aria-hidden=\"true\" class=\"e-font-icon-svg e-fas-arrow-right\" viewbox=\"0 0 448 512\" xmlns=\"http:\/\/www.w3.org\/2000\/svg\"><path d=\"M190.5 66.9l22.2-22.2c9.4-9.4 24.6-9.4 33.9 0L441 239c9.4 9.4 9.4 24.6 0 33.9L246.6 467.3c-9.4 9.4-24.6 9.4-33.9 0l-22.2-22.2c-9.5-9.5-9.3-25 .4-34.3L311.4 296H24c-13.3 0-24-10.7-24-24v-32c0-13.3 10.7-24 24-24h287.4L190.9 101.2c-9.8-9.3-10-24.8-.4-34.3z\"><\/path><\/svg>\t\t\t\t\t<\/div>\n\t\t\t\t\n\t\t\t\t\t\t\t\t\t<div class=\"swiper-pagination\"><\/div>\n\t\t\t\t\t\t\t\t\t<\/div>\n\t\t\t\t\t\t<\/div>\n\t\t\t\t<\/div>\n\t\t\t\t\t<\/div>\n\t\t\t\t<\/div>\n\t\t<div class=\"elementor-element elementor-element-6c7a1396 e-flex e-con-boxed e-con e-parent\" data-id=\"6c7a1396\" data-element_type=\"container\">\n\t\t\t\t\t<div class=\"e-con-inner\">\n\t\t\t\t<div class=\"elementor-element elementor-element-21db3e23 elementor-widget elementor-widget-heading\" data-id=\"21db3e23\" data-element_type=\"widget\" data-widget_type=\"heading.default\">\n\t\t\t\t\t<h2 class=\"elementor-heading-title elementor-size-default\">Arbeiten Sie mit uns<\/h2>\t\t\t\t<\/div>\n\t\t\t\t<div class=\"elementor-element elementor-element-10d08a38 elementor-widget elementor-widget-text-editor\" data-id=\"10d08a38\" data-element_type=\"widget\" data-widget_type=\"text-editor.default\">\n\t\t\t\t\t\t\t\t\t<p>Wir \u00fcbernehmen die volle Verantwortung f\u00fcr den gesamten Prozess - von technischen Zeichnungen, Optimierungsempfehlungen und genauen Kostenvoranschl\u00e4gen bis hin zum Rapid Prototyping, <a href=\"https:\/\/weldomachining.com\/de\/leitfaden-fur-die-oberflachenbehandlung\/\">Oberfl\u00e4chenbehandlungen<\/a>und Qualit\u00e4tskontrolle bis hin zur Massenproduktion. Wir halten unsere Kunden regelm\u00e4\u00dfig auf dem Laufenden und pflegen in jeder Phase eine offene Kommunikation, damit sie sich bis zum Erhalt der fertigen Produkte wohlf\u00fchlen.<\/p>\t\t\t\t\t\t\t\t<\/div>\n\t\t\t\t<div class=\"elementor-element elementor-element-5550b3d8 elementor-align-center elementor-mobile-align-center elementor-widget elementor-widget-button\" data-id=\"5550b3d8\" data-element_type=\"widget\" data-widget_type=\"button.default\">\n\t\t\t\t\t\t\t\t\t\t<a class=\"elementor-button elementor-button-link elementor-size-sm\" href=\"https:\/\/weldomachining.com\/de\/datei-upload\/\">\n\t\t\t\t\t\t<span class=\"elementor-button-content-wrapper\">\n\t\t\t\t\t\t\t\t\t<span class=\"elementor-button-text\">Kontakt<\/span>\n\t\t\t\t\t<\/span>\n\t\t\t\t\t<\/a>\n\t\t\t\t\t\t\t\t<\/div>\n\t\t\t\t\t<\/div>\n\t\t\t\t<\/div>\n\t\t<div class=\"elementor-element elementor-element-1a84ed7 e-con-full e-flex e-con e-parent\" data-id=\"1a84ed7\" data-element_type=\"container\">\n\t\t<div class=\"elementor-element elementor-element-ac89816 e-flex e-con-boxed e-con e-child\" data-id=\"ac89816\" data-element_type=\"container\">\n\t\t\t\t\t<div class=\"e-con-inner\">\n\t\t\t\t<div class=\"elementor-element elementor-element-0c9ad07 elementor-widget elementor-widget-heading\" data-id=\"0c9ad07\" data-element_type=\"widget\" data-widget_type=\"heading.default\">\n\t\t\t\t\t<h2 class=\"elementor-heading-title elementor-size-default\">Besuchen Sie Weldo machining<\/h2>\t\t\t\t<\/div>\n\t\t\t\t<div class=\"elementor-element elementor-element-6ebdb5b elementor-widget__width-initial elementor-widget elementor-widget-video\" data-id=\"6ebdb5b\" data-element_type=\"widget\" data-settings=\"{&quot;video_type&quot;:&quot;hosted&quot;,&quot;mute&quot;:&quot;yes&quot;,&quot;controls&quot;:&quot;yes&quot;}\" data-widget_type=\"video.default\">\n\t\t\t\t\t\t\t<div class=\"e-hosted-video elementor-wrapper elementor-open-inline\">\n\t\t\t\t\t<video class=\"elementor-video\" src=\"https:\/\/weldomachining.com\/wp-content\/uploads\/2025\/11\/weldo-company-profile.mp4\" controls=\"\" preload=\"metadata\" muted=\"muted\" controlslist=\"nodownload\" poster=\"https:\/\/weldomachining.com\/wp-content\/uploads\/2026\/02\/weldo-machining-center-3.webp\"><\/video>\n\t\t\t\t<\/div>\n\t\t\t\t\t\t<\/div>\n\t\t\t\t\t<\/div>\n\t\t\t\t<\/div>\n\t\t\t\t<\/div>\n\t\t\t\t<\/div>","protected":false},"excerpt":{"rendered":"<p>About Us\u200b Founded in 2012, Weldo Machining is a precision manufacturing service provider specializing in multi-axis CNC machining, conventional turning, CNC grinding, and CNC EDM. We offer a one-stop service from design, precision milling and grinding, quality inspection to surface treatment, packaging, and shipping. The company currently employs over 120 professional technicians, operates within its [&hellip;]<\/p>","protected":false},"author":2,"featured_media":0,"parent":0,"menu_order":3,"comment_status":"closed","ping_status":"closed","template":"","meta":{"footnotes":""},"class_list":["post-23","page","type-page","status-publish","hentry"],"_links":{"self":[{"href":"https:\/\/weldomachining.com\/de\/wp-json\/wp\/v2\/pages\/23","targetHints":{"allow":["GET"]}}],"collection":[{"href":"https:\/\/weldomachining.com\/de\/wp-json\/wp\/v2\/pages"}],"about":[{"href":"https:\/\/weldomachining.com\/de\/wp-json\/wp\/v2\/types\/page"}],"author":[{"embeddable":true,"href":"https:\/\/weldomachining.com\/de\/wp-json\/wp\/v2\/users\/2"}],"replies":[{"embeddable":true,"href":"https:\/\/weldomachining.com\/de\/wp-json\/wp\/v2\/comments?post=23"}],"version-history":[{"count":24,"href":"https:\/\/weldomachining.com\/de\/wp-json\/wp\/v2\/pages\/23\/revisions"}],"predecessor-version":[{"id":9258,"href":"https:\/\/weldomachining.com\/de\/wp-json\/wp\/v2\/pages\/23\/revisions\/9258"}],"wp:attachment":[{"href":"https:\/\/weldomachining.com\/de\/wp-json\/wp\/v2\/media?parent=23"}],"curies":[{"name":"wp","href":"https:\/\/api.w.org\/{rel}","templated":true}]}}