{"id":578,"date":"2025-09-08T02:48:13","date_gmt":"2025-09-08T02:48:13","guid":{"rendered":"https:\/\/weldomachining.com\/?page_id=578"},"modified":"2025-09-08T10:41:28","modified_gmt":"2025-09-08T10:41:28","slug":"product","status":"publish","type":"page","link":"https:\/\/weldomachining.com\/de\/product\/","title":{"rendered":"Produkt"},"content":{"rendered":"<div data-elementor-type=\"wp-page\" data-elementor-id=\"578\" class=\"elementor elementor-578\" data-elementor-post-type=\"page\">\n\t\t\t\t<div class=\"elementor-element elementor-element-c69f918 e-flex e-con-boxed e-con e-parent\" data-id=\"c69f918\" data-element_type=\"container\">\n\t\t\t\t\t<div class=\"e-con-inner\">\n\t\t\t\t<div class=\"elementor-element elementor-element-b7b14fe elementor-widget__width-initial elementor-widget elementor-widget-image\" data-id=\"b7b14fe\" data-element_type=\"widget\" data-widget_type=\"image.default\">\n\t\t\t\t\t\t\t\t\t\t\t\t\t\t\t<img fetchpriority=\"high\" decoding=\"async\" width=\"750\" height=\"750\" src=\"https:\/\/weldomachining.com\/wp-content\/uploads\/2025\/09\/0829402d7d70840e82f9c1631700122c.jpg\" class=\"attachment-large size-large wp-image-622\" alt=\"cnc-Metallteile\" srcset=\"https:\/\/weldomachining.com\/wp-content\/uploads\/2025\/09\/0829402d7d70840e82f9c1631700122c.jpg 750w, https:\/\/weldomachining.com\/wp-content\/uploads\/2025\/09\/0829402d7d70840e82f9c1631700122c-300x300.jpg 300w, https:\/\/weldomachining.com\/wp-content\/uploads\/2025\/09\/0829402d7d70840e82f9c1631700122c-100x100.jpg 100w, https:\/\/weldomachining.com\/wp-content\/uploads\/2025\/09\/0829402d7d70840e82f9c1631700122c-600x600.jpg 600w, https:\/\/weldomachining.com\/wp-content\/uploads\/2025\/09\/0829402d7d70840e82f9c1631700122c-150x150.jpg 150w\" sizes=\"(max-width: 750px) 100vw, 750px\" \/>\t\t\t\t\t\t\t\t\t\t\t\t\t\t\t<\/div>\n\t\t\t\t<div class=\"elementor-element elementor-element-0dd75a8 elementor-widget elementor-widget-text-editor\" data-id=\"0dd75a8\" data-element_type=\"widget\" data-widget_type=\"text-editor.default\">\n\t\t\t\t\t\t\t\t\t<h1>CNC-Metallteile:\u00a0<\/h1><p><br \/>Die CNC-Bearbeitung (Computer Numerical Control) hat sich aufgrund ihrer hohen Pr\u00e4zision, Effizienz und Materialanpassungsf\u00e4higkeit zu einer Schl\u00fcsseltechnologie in der Herstellung von Metallteilen entwickelt. Von der Luft- und Raumfahrt bis zur Unterhaltungselektronik k\u00f6nnen verschiedene Metallwerkstoffe durch CNC-Bearbeitung unterschiedliche Leistungsanforderungen erf\u00fcllen. Nachfolgend werden g\u00e4ngige Metallwerkst\u00fccke und ihre Anwendungen vorgestellt:<\/p><h2>1. Aluminiumlegierung<\/h2><p><br \/>Eigenschaften: Leicht (Dichte 2,7 g\/cm\u00b3), korrosionsbest\u00e4ndig, leicht zu bearbeiten. W\u00e4rmebehandlung (z. B. T6) erh\u00f6ht die Festigkeit und erreicht eine Zugfestigkeit von bis zu 310 MPa.<br \/>Typische Komponenten:<br \/>Luft- und Raumfahrt: Flugzeugh\u00e4ute, Halterungen (\u00fcber 30% Gewichtsreduzierung, verbesserte Treibstoffeffizienz).<br \/>Unterhaltungselektronik: Laptop-Geh\u00e4use, Smartphone-Midframes (eloxiert f\u00fcr matte Oberfl\u00e4chen).<br \/>Automobilindustrie: Motorbl\u00f6cke, Radnaben (bessere W\u00e4rmeableitung als bei Gusseisen, 50% Gewichtsreduzierung).<\/p><h2>2. Rostfreier Stahl<\/h2><p><br \/>Merkmale: Chromgehalt \u226510,5%, au\u00dfergew\u00f6hnliche Korrosionsbest\u00e4ndigkeit (z. B. 304\/316L-Sorten), hohe Festigkeit (Zugfestigkeit 520-1030 MPa).<br \/>Typische Anwendungen:<br \/>Medizinische Ger\u00e4te: Chirurgische Instrumente, Implantate (Edelstahl 316L in medizinischer Qualit\u00e4t, gem\u00e4\u00df ISO 5832-1 Biokompatibilit\u00e4tsnormen).<br \/>Maschinen f\u00fcr die Lebensmittelverarbeitung: Brauereianlagen, Rohrleitungen (Qualit\u00e4t 304 widersteht Chloridkorrosion, FDA-zertifiziert).<br \/>Architektonische Oberfl\u00e4chen: Vorhanggarnituren, Handl\u00e4ufe (hochglanzpoliert, Oberfl\u00e4chenrauhigkeit Ra \u2264 0,05\u03bcm).<\/p><h2>3. Titan-Legierungen<\/h2><p><br \/>Eigenschaften: Hohe Festigkeit (Verh\u00e4ltnis von Festigkeit zu Dichte doppelt so hoch wie bei Stahl), hohe Temperaturbest\u00e4ndigkeit (stabil unter 600\u00b0C), ausgezeichnete Biokompatibilit\u00e4t.<br \/>Typische Anwendungen:<br \/>Luft- und Raumfahrt: Triebwerksschaufeln, Fahrwerk (TC4-Titanlegierung, h\u00f6here Erm\u00fcdungsfestigkeit als Aluminiumlegierungen).<br \/>Medizinischer Bereich: K\u00fcnstliche Gelenke, Zahnimplantate (Ti6Al4V ELI-Qualit\u00e4t, einstellbare Porosit\u00e4t f\u00f6rdert die Osseointegration).<br \/>Spitzensport: Fahrradrahmen, Golfschl\u00e4gerk\u00f6pfe (40% verbesserte Sto\u00dfd\u00e4mpfung, 60% leichter als Stahlkomponenten).<\/p><h2>4. Kupferlegierungen<\/h2><p><br \/>Eigenschaften: Au\u00dfergew\u00f6hnliche elektrische Leitf\u00e4higkeit (Leitf\u00e4higkeit von reinem Kupfer \u226598% IACS), hervorragende W\u00e4rmeleitf\u00e4higkeit (W\u00e4rmeleitf\u00e4higkeit von Messing 108W\/(m-K)), hohe Verschlei\u00dffestigkeit.<br \/>Typische Anwendungen:<br \/>Leistungselektronik: Reihenklemmen, K\u00fchlk\u00f6rper (C1100 reines Kupfer, \u00dcbergangswiderstand \u22640,5m\u03a9).<br \/>Autoindustrie: Lagerbuchsen, Zahnr\u00e4der (C95400 Aluminiumbronze, H\u00e4rte bis zu 30 HRC, 3x l\u00e4ngere Lebensdauer).<br \/>Dekorative Anwendungen: Uhrenteile, Skulpturen (Messing C26000, hochwertige Oberfl\u00e4chenveredelung durch Drahtb\u00fcrsten oder Vergoldung).<\/p><h2>5. Magnesium-Legierungen<\/h2><p><br \/>Eigenschaften: Leichtestes Konstruktionsmetall (Dichte 1,74 g\/cm\u00b3), hohe Steifigkeit (E-Modul 45 GPa), hervorragende schwingungsd\u00e4mpfende Eigenschaften.<br \/>Typische Komponenten:<br \/>3C-Produkte: Laptop-Geh\u00e4use, Kamerarahmen (AZ91D-Magnesiumlegierung, bessere elektromagnetische Abschirmung als Aluminiumlegierungen).<br \/>Leichtbau im Automobilbereich: Armaturenbretthalterungen, Sitzrahmen (erhebliche Gewichtsreduzierung - jede Reduzierung um 100 kg senkt den Kraftstoffverbrauch um 0,3 l\/100 km).<br \/>Sportger\u00e4te: Snowboards, Fahrradnaben (25% verbessert die Sto\u00dfd\u00e4mpfung und verringert das Risiko von Sportverletzungen).<\/p><h2>6. Werkzeugstahl<\/h2><p><br \/>Eigenschaften: Hohe H\u00e4rte (HRC 58-65), rote H\u00e4rte (H\u00e4rteerhaltung \u226550HRC bei 600\u00b0C), hohe Verschlei\u00dffestigkeit.<br \/>Typische Anwendungen:<br \/>Formenbau: Spritzgussformen, Druckgussformen (H13-Stahl, thermische Erm\u00fcdungsfestigkeit von mehr als 100.000 Zyklen).<br \/>Schneidwerkzeuge: Bohrer, Fr\u00e4ser (Hochgeschwindigkeitsstahl M42, mit 8% Kobalt, Schnittgeschwindigkeit 50% h\u00f6her als bei Standardstahl).<br \/>Messwerkzeuge: Messschieber, B\u00fcgelmessschrauben (GCr15-Lagerstahl, Ma\u00dfhaltigkeit \u22641\u03bcm\/Jahr).<\/p><h2>Schlussfolgerung<\/h2><p><br \/>Die CNC-Bearbeitung erm\u00f6glicht eine umfassende Materialabdeckung - von leichten Aluminiumlegierungen bis hin zu hochwarmfesten Titanlegierungen und von hochleitf\u00e4higen Kupferlegierungen bis hin zu ultraharten Werkzeugst\u00e4hlen - durch eine pr\u00e4zise Steuerung der Werkzeugwege und Schnittparameter.<br \/>Ob in der Luft- und Raumfahrt, wo es auf h\u00f6chste Leistung ankommt, oder in der Unterhaltungselektronik, wo die Kosteneffizienz im Vordergrund steht, CNC-gefertigte Metallteile erf\u00fcllen durch Materialauswahl und Prozessoptimierung strenge Fertigungsanforderungen.<\/p>\t\t\t\t\t\t\t\t<\/div>\n\t\t\t\t\t<\/div>\n\t\t\t\t<\/div>\n\t\t\t\t<\/div>","protected":false},"excerpt":{"rendered":"<p>CNC Metal Parts:\u00a0 CNC (Computer Numerical Control) machining has become a core technology in metal part manufacturing due to its high precision, efficiency, and material adaptability. From aerospace to consumer electronics, various metal materials can meet diverse performance requirements through CNC processing. Below are common metal workpieces and their applications: 1. Aluminum Alloy Properties: Lightweight [&hellip;]<\/p>\n","protected":false},"author":2,"featured_media":0,"parent":0,"menu_order":0,"comment_status":"closed","ping_status":"closed","template":"","meta":{"footnotes":""},"class_list":["post-578","page","type-page","status-publish","hentry"],"_links":{"self":[{"href":"https:\/\/weldomachining.com\/de\/wp-json\/wp\/v2\/pages\/578","targetHints":{"allow":["GET"]}}],"collection":[{"href":"https:\/\/weldomachining.com\/de\/wp-json\/wp\/v2\/pages"}],"about":[{"href":"https:\/\/weldomachining.com\/de\/wp-json\/wp\/v2\/types\/page"}],"author":[{"embeddable":true,"href":"https:\/\/weldomachining.com\/de\/wp-json\/wp\/v2\/users\/2"}],"replies":[{"embeddable":true,"href":"https:\/\/weldomachining.com\/de\/wp-json\/wp\/v2\/comments?post=578"}],"version-history":[{"count":0,"href":"https:\/\/weldomachining.com\/de\/wp-json\/wp\/v2\/pages\/578\/revisions"}],"wp:attachment":[{"href":"https:\/\/weldomachining.com\/de\/wp-json\/wp\/v2\/media?parent=578"}],"curies":[{"name":"wp","href":"https:\/\/api.w.org\/{rel}","templated":true}]}}