{"id":583,"date":"2025-09-08T02:58:43","date_gmt":"2025-09-08T02:58:43","guid":{"rendered":"https:\/\/weldomachining.com\/?page_id=583"},"modified":"2025-10-28T01:43:53","modified_gmt":"2025-10-28T01:43:53","slug":"cnc-kunststoffteile","status":"publish","type":"page","link":"https:\/\/weldomachining.com\/de\/cnc-kunststoffteile\/","title":{"rendered":"CNC-Kunststoffteile"},"content":{"rendered":"<div data-elementor-type=\"wp-page\" data-elementor-id=\"583\" class=\"elementor elementor-583\" data-elementor-post-type=\"page\">\n\t\t\t\t<div class=\"elementor-element elementor-element-e9ec6f4 e-flex e-con-boxed e-con e-parent\" data-id=\"e9ec6f4\" data-element_type=\"container\">\n\t\t\t\t\t<div class=\"e-con-inner\">\n\t\t\t\t<div class=\"elementor-element elementor-element-77e883b elementor-widget elementor-widget-image\" data-id=\"77e883b\" data-element_type=\"widget\" data-widget_type=\"image.default\">\n\t\t\t\t\t\t\t\t\t\t\t\t<figure class=\"wp-caption\">\n\t\t\t\t\t\t\t\t\t\t<img fetchpriority=\"high\" decoding=\"async\" width=\"500\" height=\"500\" src=\"https:\/\/weldomachining.com\/wp-content\/uploads\/2025\/09\/cnc-plastic-parts.jpeg\" class=\"attachment-full size-full wp-image-639\" alt=\"cnc-Kunststoffteile\" srcset=\"https:\/\/weldomachining.com\/wp-content\/uploads\/2025\/09\/cnc-plastic-parts.jpeg 500w, https:\/\/weldomachining.com\/wp-content\/uploads\/2025\/09\/cnc-plastic-parts-300x300.jpeg 300w, https:\/\/weldomachining.com\/wp-content\/uploads\/2025\/09\/cnc-plastic-parts-100x100.jpeg 100w, https:\/\/weldomachining.com\/wp-content\/uploads\/2025\/09\/cnc-plastic-parts-150x150.jpeg 150w\" sizes=\"(max-width: 500px) 100vw, 500px\" \/>\t\t\t\t\t\t\t\t\t\t\t<figcaption class=\"widget-image-caption wp-caption-text\">cnc Kunststoffteile Muster<\/figcaption>\n\t\t\t\t\t\t\t\t\t\t<\/figure>\n\t\t\t\t\t\t\t\t\t<\/div>\n\t\t\t\t<div class=\"elementor-element elementor-element-609f162 elementor-widget elementor-widget-text-editor\" data-id=\"609f162\" data-element_type=\"widget\" data-widget_type=\"text-editor.default\">\n\t\t\t\t\t\t\t\t\t<h1>CNC-Kunststoffteile:<\/h1><p><br \/>Die CNC-Bearbeitungstechnologie (Computer Numerical Control), die f\u00fcr ihre hohe Pr\u00e4zision und Effizienz bekannt ist, wird bei der Herstellung von Kunststoffteilen h\u00e4ufig eingesetzt. Verschiedene Kunststoffe, die jeweils einzigartige physikalische und chemische Eigenschaften besitzen, eignen sich f\u00fcr unterschiedliche Anwendungsbereiche. Im Folgenden erhalten Sie einen systematischen \u00dcberblick \u00fcber die in der CNC-Bearbeitung h\u00e4ufig verwendeten Kunststoffmaterialien und ihre wichtigsten Anwendungsbereiche, um Ihnen bei der Produktgestaltung und Materialauswahl zu helfen.<\/p><h2>I. Klassifizierung und Eigenschaften von CNC-Kunststoffmaterialien<\/h2><h3><br \/>1. Technische Kunststoffe (Hochleistungstyp)<\/h3><p><br \/>Technische Kunststoffe bieten eine \u00fcberragende mechanische Festigkeit, Hitzebest\u00e4ndigkeit und chemische Stabilit\u00e4t und eignen sich daher f\u00fcr funktionelle Komponenten in anspruchsvollen Umgebungen.<\/p><h4>ABS (Acrylnitril-Butadien-Styrol)<\/h4><p><br \/>Eigenschaften: Hohe Z\u00e4higkeit, Schlagfestigkeit, leichte Bearbeitbarkeit und guter Oberfl\u00e4chenglanz.<br \/>CNC-Bearbeitbarkeit: Stabile Zerspanungsleistung, geeignet f\u00fcr komplexe Strukturteile.<br \/>Anwendungen: Geh\u00e4use von elektronischen Ger\u00e4ten (z. B. Router, Fernbedienungen), Innenausstattung von Kraftfahrzeugen, Spielzeugprototypen.<\/p><h4>PC (Polycarbonat)<\/h4><p><br \/>Eigenschaften: Hohe Transparenz (Lichtdurchl\u00e4ssigkeit \u226590%), Schlagfestigkeit, hohe Temperaturbest\u00e4ndigkeit (-40\u00b0C bis 130\u00b0C).<br \/>CNC-Bearbeitbarkeit: Erfordert kontrollierte Schneidtemperaturen, um Spannungsrisse zu vermeiden.<br \/>Anwendungen: Optische Linsen, Geh\u00e4use f\u00fcr medizinische Ger\u00e4te, Schutzvisiere, LED-Lampenabdeckungen.<\/p><h4>PA (Nylon, Polyamid)<\/h4><p><br \/>Eigenschaften: Hohe Festigkeit, Verschlei\u00dffestigkeit, selbstschmierend, relativ hohe Feuchtigkeitsaufnahme.<br \/>CNC-Bearbeitbarkeit: Verwenden Sie Hartmetallwerkzeuge, um die Gratbildung zu minimieren.<br \/>Anwendungen: Zahnr\u00e4der, Lager, Riemenscheiben, Bauteile im Motorraum von Kraftfahrzeugen.<\/p><h4>POM (Polyoxymethylen)<\/h4><p><br \/>Eigenschaften: Niedriger Reibungskoeffizient, hohe Steifigkeit, Erm\u00fcdungsfestigkeit.<br \/>CNC-Bearbeitbarkeit: Geringe Schnittkr\u00e4fte, geeignet f\u00fcr die Pr\u00e4zisionsbearbeitung von Mikroteilen.<br \/>Anwendungen: Pr\u00e4zisionszahnr\u00e4der, Getriebekomponenten, elektronische Steckverbinder.<\/p><h3>2. Hochleistungskunststoffe (Anwendungen in extremer Umgebung)<\/h3><p><br \/>Geeignet f\u00fcr den Einsatz bei hohen Temperaturen, starker Korrosion oder hoher Belastung. H\u00f6here Kosten, aber au\u00dfergew\u00f6hnliche Leistung.<\/p><h4>PEEK (Polyetheretherketon)<\/h4><p><br \/>Eigenschaften: Hochtemperaturbest\u00e4ndigkeit (Dauereinsatz bis zu 260\u00b0C), chemische Korrosionsbest\u00e4ndigkeit, Biokompatibilit\u00e4t.<br \/>CNC-Bearbeitbarkeit: Erfordert Diamantwerkzeuge zur Vermeidung von Verformungen bei hohen Temperaturen.<br \/>Anwendungen: Strukturteile f\u00fcr die Luft- und Raumfahrt, medizinische Ger\u00e4te (z. B. chirurgische Instrumente), Teile von Halbleiteranlagen.<\/p><h4>PI (Polyimid)<\/h4><p><br \/>Eigenschaften: Hochtemperaturbest\u00e4ndigkeit (\u00fcber 300\u00b0C), starke Isolierung, Strahlungsbest\u00e4ndigkeit.<br \/>CNC-Bearbeitbarkeit: Sehr spr\u00f6des Material; erfordert optimierte Schnittparameter.<br \/>Anwendungen: Flexible Leiterplattensubstrate, W\u00e4rmed\u00e4mmschichten f\u00fcr Raumfahrzeuge, Komponenten f\u00fcr die Kernindustrie.<\/p><h4>PPS (Polyphenylensulfid)<\/h4><p><br \/>Eigenschaften: Hochtemperaturbest\u00e4ndigkeit, L\u00f6sungsmittelbest\u00e4ndigkeit, ausgezeichnete Dimensionsstabilit\u00e4t.<br \/>CNC-Bearbeitbarkeit: Anf\u00e4llig f\u00fcr statische Elektrizit\u00e4t beim Schneiden; Staubkontrolle erforderlich.<br \/>Anwendungen: Automobilsensoren, Verkapselung elektronischer Komponenten, Geh\u00e4use von Chemiepumpen.<\/p><h3>3. Allzweck-Kunststoffe (Low-Cost-Typ)<\/h3><p>Kosteng\u00fcnstig, leicht zu verarbeiten; geeignet f\u00fcr unkritische Strukturen oder Einwegartikel.<\/p><h4>PMMA (Acryl, Polymethylmethacrylat)<\/h4><p><br \/>Eigenschaften: Hohe Transparenz (92% Lichtdurchl\u00e4ssigkeit), hohe Oberfl\u00e4chenh\u00e4rte, anf\u00e4llig f\u00fcr Spr\u00f6dbr\u00fcche.<br \/>CNC-Bearbeitbarkeit: Die Vorschubgeschwindigkeit muss kontrolliert werden, um Ausbr\u00fcche zu vermeiden.<br \/>Anwendungen: Displayst\u00e4nder, Lampenschirme, Lichtleiter f\u00fcr optische Instrumente.<\/p><h4>PP (Polypropylen)<\/h4><p><br \/>Eigenschaften: Chemische Best\u00e4ndigkeit, gute Z\u00e4higkeit, geringe Dichte (0,9 g\/cm\u00b3).<br \/>CNC-Bearbeitbarkeit: Neigt zu Gratbildung, erfordert Nachschleifen.<br \/>Anwendungen: Chemikalienbeh\u00e4lter, G\u00fcter des t\u00e4glichen Bedarfs (z. B. Wasserbecher), Sto\u00dfstangen f\u00fcr Autos.<\/p><h4>PE (Polyethylen)<\/h4><p><br \/>Eigenschaften: Niedrige Temperaturbest\u00e4ndigkeit, ausgezeichnete Flexibilit\u00e4t, gute elektrische Isolierung.<br \/>CNC-Bearbeitbarkeit: Weiches Material, erfordert scharfe Schneidwerkzeuge.<br \/>Anwendungen: Rohrverschraubungen, Dichtungen, Verpackungsmaterial.<\/p><h3>4. Spezialkunststoffe (funktionsorientiert)<\/h3><p><br \/>Materialien, die f\u00fcr bestimmte Anforderungen entwickelt wurden, wie z. B. Leitf\u00e4higkeit, W\u00e4rmeleitf\u00e4higkeit oder Schwerentflammbarkeit.<\/p><h4>Leitf\u00e4hige Kunststoffe (z. B. PC\/ABS + Kohlefaser)<\/h4><p><br \/>Eigenschaften: Oberfl\u00e4chenwiderstand 10\u00b3~10\u2076\u03a9, antistatisch.<br \/>Anwendungen: Geh\u00e4use f\u00fcr elektronische Ger\u00e4te (EMV-Abschirmung), Komponenten f\u00fcr Bergbauausr\u00fcstung.<\/p><h4>W\u00e4rmeleitende Kunststoffe (z. B. PA + Graphen)<\/h4><p><br \/>Eigenschaften: W\u00e4rmeleitf\u00e4higkeit 5-20 W\/(m-K), ersetzt Metall zur W\u00e4rmeableitung.<br \/>Anwendungen: LED-K\u00fchlk\u00f6rper, Geh\u00e4use f\u00fcr Leistungsmodule.<\/p><h4>Flammhemmende Kunststoffe (z. B. PC + Flammschutzmittel)<\/h4><p><br \/>Eigenschaften: UL94 V-0 zertifiziert, selbstverl\u00f6schend bei Flammenentfernung.<br \/>Anwendungen: Ger\u00e4tegeh\u00e4use, Strukturteile von Ladestationen.<\/p>\t\t\t\t\t\t\t\t<\/div>\n\t\t\t\t\t<\/div>\n\t\t\t\t<\/div>\n\t\t\t\t<\/div>","protected":false},"excerpt":{"rendered":"<p>cnc-Kunststoffteile Muster CNC-Kunststoffteile: Die CNC-Bearbeitungstechnologie (Computer Numerical Control), die f\u00fcr ihre hohe Pr\u00e4zision und Effizienz bekannt ist, findet in der Herstellung von Kunststoffteilen breite Anwendung. Unterschiedliche Kunststoffmaterialien, die jeweils einzigartige physikalische und chemische Eigenschaften besitzen, eignen sich f\u00fcr verschiedene Anwendungsbereiche. Im Folgenden finden Sie einen systematischen \u00dcberblick \u00fcber die in der [...]<\/p>","protected":false},"author":2,"featured_media":0,"parent":0,"menu_order":0,"comment_status":"closed","ping_status":"closed","template":"","meta":{"footnotes":""},"class_list":["post-583","page","type-page","status-publish","hentry"],"_links":{"self":[{"href":"https:\/\/weldomachining.com\/de\/wp-json\/wp\/v2\/pages\/583","targetHints":{"allow":["GET"]}}],"collection":[{"href":"https:\/\/weldomachining.com\/de\/wp-json\/wp\/v2\/pages"}],"about":[{"href":"https:\/\/weldomachining.com\/de\/wp-json\/wp\/v2\/types\/page"}],"author":[{"embeddable":true,"href":"https:\/\/weldomachining.com\/de\/wp-json\/wp\/v2\/users\/2"}],"replies":[{"embeddable":true,"href":"https:\/\/weldomachining.com\/de\/wp-json\/wp\/v2\/comments?post=583"}],"version-history":[{"count":0,"href":"https:\/\/weldomachining.com\/de\/wp-json\/wp\/v2\/pages\/583\/revisions"}],"wp:attachment":[{"href":"https:\/\/weldomachining.com\/de\/wp-json\/wp\/v2\/media?parent=583"}],"curies":[{"name":"wp","href":"https:\/\/api.w.org\/{rel}","templated":true}]}}