{"id":9137,"date":"2026-04-01T02:42:40","date_gmt":"2026-04-01T02:42:40","guid":{"rendered":"https:\/\/weldomachining.com\/?page_id=9137"},"modified":"2026-04-01T02:46:25","modified_gmt":"2026-04-01T02:46:25","slug":"privacy-policy-2","status":"publish","type":"page","link":"https:\/\/weldomachining.com\/de\/privacy-policy-2\/","title":{"rendered":"PRIVACY POLICY"},"content":{"rendered":"<div data-elementor-type=\"wp-page\" data-elementor-id=\"9137\" class=\"elementor elementor-9137\" data-elementor-post-type=\"page\">\n\t\t\t\t<div class=\"elementor-element elementor-element-bd9e11a e-flex e-con-boxed e-con e-parent\" data-id=\"bd9e11a\" data-element_type=\"container\">\n\t\t\t\t\t<div class=\"e-con-inner\">\n\t\t\t\t<div class=\"elementor-element elementor-element-dc25b87 elementor-widget elementor-widget-text-editor\" data-id=\"dc25b87\" data-element_type=\"widget\" data-widget_type=\"text-editor.default\">\n\t\t\t\t\t\t\t\t\t<div class=\"elementor-element elementor-element-5014ae0 gt2 elementor-widget elementor-widget-heading\" data-id=\"5014ae0\" data-element_type=\"widget\" data-e-type=\"widget\" data-widget_type=\"heading.default\"><div class=\"elementor-widget-container\"><h1 class=\"elementor-heading-title elementor-size-default\">PRIVACY POLICY<\/h1><\/div><\/div><div class=\"elementor-element elementor-element-63cfa64 elementor-widget elementor-widget-heading\" data-id=\"63cfa64\" data-element_type=\"widget\" data-e-type=\"widget\" data-widget_type=\"heading.default\"><div class=\"elementor-widget-container\">\u00a0<\/div><\/div>\t\t\t\t\t\t\t\t<\/div>\n\t\t\t\t\t<\/div>\n\t\t\t\t<\/div>\n\t\t<div class=\"elementor-element elementor-element-e3c3c46 e-flex e-con-boxed e-con e-parent\" data-id=\"e3c3c46\" data-element_type=\"container\">\n\t\t\t\t\t<div class=\"e-con-inner\">\n\t\t\t\t<div class=\"elementor-element elementor-element-782fd8f elementor-widget elementor-widget-text-editor\" data-id=\"782fd8f\" data-element_type=\"widget\" data-widget_type=\"text-editor.default\">\n\t\t\t\t\t\t\t\t\t<p data-start=\"71\" data-end=\"501\">In dieser Datenschutzerkl\u00e4rung wird dargelegt, wie Weld Machining (im Folgenden \"wir\") die Informationen, die Sie bei der Nutzung unserer Website zur Verf\u00fcgung stellen, sammelt, verwendet und offenlegt (<a href=\"https:\/\/weldomachining.com\/de\/\" target=\"_blank\">https:\/\/www.weldomachining.com<\/a>). Indem Sie auf diesen Dienst zugreifen oder ihn nutzen, erkl\u00e4ren Sie sich mit der Erfassung, Verwendung und Offenlegung Ihrer Daten gem\u00e4\u00df dieser Datenschutzrichtlinie einverstanden. Sollten Sie damit nicht einverstanden sein, unterlassen Sie bitte den Zugriff auf den Dienst oder dessen Nutzung.<\/p>\n<p data-start=\"508\" data-end=\"825\"><strong data-start=\"508\" data-end=\"523\">Ihre Rechte<\/strong><br data-start=\"523\" data-end=\"526\">Nach geltendem Recht haben Sie das Recht, auf Ihre personenbezogenen Daten zuzugreifen, sie zu korrigieren oder zu l\u00f6schen oder eine Kopie Ihrer Daten zu verlangen. Sie k\u00f6nnen auch die Verarbeitung Ihrer Daten durch uns einschr\u00e4nken oder ablehnen, eine zuvor erteilte Zustimmung zur Datenverarbeitung widerrufen und Beschwerden bei den Aufsichtsbeh\u00f6rden einreichen.<\/p>\n<p data-start=\"832\" data-end=\"1184\"><strong data-start=\"832\" data-end=\"863\">Website-Daten und Statistiken<\/strong><br data-start=\"863\" data-end=\"866\">Wir erheben automatisch nicht-personenbezogene oder aggregierte Daten wie Seitenaufrufe, Verweildauer, Browsertyp, Ger\u00e4teinformationen und IP-Adressen, um unsere Dienste zu optimieren. Diese Daten werden ausschlie\u00dflich zur Analyse der Leistung der Website und zur Verbesserung von Inhalten und Funktionen verwendet und dienen nicht der Identifizierung bestimmter Personen.<\/p>\n<p data-start=\"1191\" data-end=\"1809\"><strong data-start=\"1191\" data-end=\"1228\">Cookies und Tracking-Technologien<\/strong><br data-start=\"1228\" data-end=\"1231\">Um die Benutzerfreundlichkeit zu verbessern, k\u00f6nnen wir Cookies und \u00e4hnliche Technologien verwenden, um nicht sensible Informationen zu speichern, wie z. B. den Akzeptanzstatus des Browsers, den Anmeldestatus und die Einstellungen f\u00fcr die Seitendarstellung. Tempor\u00e4re Cookies werden verwendet, um den Browser-Cookie-Akzeptanzstatus zu erkennen, und werden beim Schlie\u00dfen des Browsers gel\u00f6scht. Anmeldebezogene Cookies werden zwei Tage lang gespeichert, und die \"Remember Me\"-Einstellung kann bis zu zwei Wochen lang aufbewahrt werden. Cookies f\u00fcr Bildschirmoptionen werden ein Jahr lang gespeichert. Sie k\u00f6nnen die Cookie-Pr\u00e4ferenzen \u00fcber Ihre Browser-Einstellungen anpassen, aber die Deaktivierung von Cookies kann bestimmte Funktionen beeintr\u00e4chtigen.<\/p>\n<p data-start=\"1816\" data-end=\"2163\"><strong data-start=\"1816\" data-end=\"1828\">Sicherheit<\/strong><br data-start=\"1828\" data-end=\"1831\">Die Sicherheit Ihrer Daten ist f\u00fcr uns wichtig. Wir ergreifen angemessene Sicherheitsma\u00dfnahmen zum Schutz vor unbefugtem Zugriff, Ver\u00e4nderung oder Missbrauch Ihrer Daten. Aufgrund der inh\u00e4renten Risiken bei der Daten\u00fcbertragung k\u00f6nnen wir jedoch keine absolute Sicherheit garantieren, und Sie akzeptieren das mit der \u00dcbermittlung von Informationen an uns verbundene Risiko.<\/p>\n<p data-start=\"2170\" data-end=\"2620\"><strong data-start=\"2170\" data-end=\"2210\">Eingebettete Inhalte von anderen Websites<\/strong><br data-start=\"2210\" data-end=\"2213\">Unsere Artikel k\u00f6nnen eingebettete Inhalte (z. B. Videos, Bilder, Artikel) enthalten. Eingebettete Inhalte von anderen Websites verhalten sich genauso, als ob Sie diese Websites direkt besuchen w\u00fcrden. Diese Websites k\u00f6nnen Daten \u00fcber Sie sammeln, Cookies verwenden, zus\u00e4tzliche Tracking-Tools von Drittanbietern einbetten und Ihre Interaktion mit dem eingebetteten Inhalt \u00fcberwachen, insbesondere wenn Sie ein Konto auf dieser Website haben und eingeloggt sind.<\/p>\n<p data-start=\"2627\" data-end=\"2741\"><strong data-start=\"2627\" data-end=\"2664\">Weitergabe Ihrer pers\u00f6nlichen Informationen<\/strong><br data-start=\"2664\" data-end=\"2667\">Wir geben Ihre personenbezogenen Daten nur unter den folgenden Umst\u00e4nden weiter:<\/p>\n<ul data-start=\"2742\" data-end=\"3100\">\n<li data-section-id=\"15qtml0\" data-start=\"2742\" data-end=\"2973\">Soweit dies f\u00fcr die Erbringung der Dienstleistung erforderlich ist und zur Weitergabe an Dritte, die uns beim Betrieb unserer Website und unserer Dienstleistungen unterst\u00fctzen (diese Partner sind verpflichtet, die Daten vertraulich zu behandeln und nicht f\u00fcr andere Zwecke zu verwenden).<\/li>\n<li data-section-id=\"ez0q2z\" data-start=\"2974\" data-end=\"3100\">Zur Einhaltung geltender Gesetze, zur Beantwortung rechtlicher Anfragen, wie z. B. Vorladungen oder Haftbefehle, oder zum Schutz unserer Rechte und unseres Eigentums.<\/li>\n<\/ul>\n<p data-start=\"3102\" data-end=\"3202\">Dar\u00fcber hinaus werden wir Ihre pers\u00f6nlichen Daten nicht an Dritte weitergeben.<\/p>\n<p data-start=\"3209\" data-end=\"3376\"><strong data-start=\"3209\" data-end=\"3240\">Mit wem wir Ihre Daten teilen<\/strong><br data-start=\"3240\" data-end=\"3243\">Wenn Sie die Zur\u00fccksetzung Ihres Passworts beantragen, wird Ihre IP-Adresse zur Identit\u00e4ts\u00fcberpr\u00fcfung und aus Sicherheitsgr\u00fcnden in der E-Mail zur Zur\u00fccksetzung enthalten sein.<\/p>\n<p data-start=\"3383\" data-end=\"4078\"><strong data-start=\"3383\" data-end=\"3415\">Wie lange wir Ihre Daten aufbewahren<\/strong><br data-start=\"3415\" data-end=\"3418\">Wenn Sie eine Anfrage einreichen, eine Nachricht hinterlassen oder ein Konto registrieren, werden die personenbezogenen Daten f\u00fcr die Dauer des Betriebs des Dienstes und der gesetzlichen Aufbewahrungsfrist gespeichert, um laufende Dienste bereitzustellen, auf Anfragen zu antworten und gesetzliche Verpflichtungen zu erf\u00fcllen. Bei registrierten Nutzern werden die angegebenen personenbezogenen Daten in ihrem Profil gespeichert. Die Nutzer k\u00f6nnen ihre pers\u00f6nlichen Daten jederzeit einsehen, bearbeiten oder l\u00f6schen (mit Ausnahme von Benutzernamen). Auch die Administratoren der Website k\u00f6nnen diese Informationen einsehen und bearbeiten. Wenn Sie von Ihrem Recht auf L\u00f6schung Ihrer personenbezogenen Daten Gebrauch machen, werden wir diese nach \u00dcberpr\u00fcfung Ihrer Identit\u00e4t umgehend l\u00f6schen, es sei denn, wir sind gesetzlich verpflichtet, sie aufzubewahren.<\/p>\n<p data-start=\"4085\" data-end=\"4485\"><strong data-start=\"4085\" data-end=\"4113\">Ihre Rechte an Ihren Daten<\/strong><br data-start=\"4113\" data-end=\"4116\">Wenn Sie ein Konto auf der Website haben oder relevante Informationen \u00fcbermittelt haben, k\u00f6nnen Sie einen Export der personenbezogenen Daten beantragen, die wir \u00fcber Sie gespeichert haben, einschlie\u00dflich aller Daten, die Sie uns zur Verf\u00fcgung gestellt haben. Sie k\u00f6nnen auch verlangen, dass wir alle personenbezogenen Daten, die wir \u00fcber Sie gespeichert haben, l\u00f6schen. Dies gilt jedoch nicht f\u00fcr Daten, die wir aus administrativen, rechtlichen oder Sicherheitsgr\u00fcnden aufbewahren m\u00fcssen.<\/p>\n<p data-start=\"4492\" data-end=\"4916\"><strong data-start=\"4492\" data-end=\"4502\">Minderj\u00e4hrige<\/strong><br data-start=\"4502\" data-end=\"4505\">Diese Website ist nicht f\u00fcr Personen unter 18 Jahren bestimmt. Wir sammeln nicht wissentlich personenbezogene Daten von Personen unter 18 Jahren. Wenn Sie ein Elternteil oder Erziehungsberechtigter sind und feststellen, dass Ihr Kind uns personenbezogene Daten zur Verf\u00fcgung gestellt hat, setzen Sie sich bitte mit uns in Verbindung. Wenn wir erfahren, dass wir personenbezogene Daten von Kindern gesammelt haben, ohne die Zustimmung der Eltern zu \u00fcberpr\u00fcfen, werden wir Ma\u00dfnahmen ergreifen, um diese Informationen von unseren Servern zu l\u00f6schen.<\/p>\n<p data-start=\"4923\" data-end=\"5180\"><strong data-start=\"4923\" data-end=\"4963\">Beschwerde-\/Datenschutzbeauftragter<\/strong><br data-start=\"4963\" data-end=\"4966\">Wenn Sie Fragen oder Bedenken bez\u00fcglich des Umgangs mit Ihren pers\u00f6nlichen Daten haben, k\u00f6nnen Sie sich per E-Mail an unseren Datenschutzbeauftragten wenden: <a class=\"decorated-link cursor-pointer\" rel=\"noopener\" data-start=\"5090\" data-end=\"5113\"><b><i>cg@weldomachining.com<\/i><\/b><\/a>. Wir werden Ihr Anliegen im Einklang mit den geltenden Gesetzen behandeln.<\/p>\n<p data-start=\"5187\" data-end=\"5337\">Weld Machining sch\u00e4tzt Ihre Privatsph\u00e4re und verpflichtet sich, Ihre pers\u00f6nlichen Daten in einer strengen und gesetzeskonformen Weise zu verarbeiten, um Ihre Rechte zu sch\u00fctzen.<\/p>\t\t\t\t\t\t\t\t<\/div>\n\t\t\t\t\t<\/div>\n\t\t\t\t<\/div>\n\t\t<div class=\"elementor-element elementor-element-1ed9857 e-flex e-con-boxed e-con e-parent\" data-id=\"1ed9857\" data-element_type=\"container\">\n\t\t\t\t\t<div class=\"e-con-inner\">\n\t\t\t\t<div class=\"elementor-element elementor-element-48e0271 elementor-widget elementor-widget-text-editor\" data-id=\"48e0271\" data-element_type=\"widget\" data-widget_type=\"text-editor.default\">\n\t\t\t\t\t\t\t\t\t<p>Letzte Aktualisierung am 31\/M\u00e4rz\/2026<\/p><p>Datum des Inkrafttretens: 31\/M\u00e4rz\/2026<\/p>\t\t\t\t\t\t\t\t<\/div>\n\t\t\t\t\t<\/div>\n\t\t\t\t<\/div>\n\t\t\t\t<\/div>","protected":false},"excerpt":{"rendered":"<p>PRIVACY POLICY \u00a0 This Privacy Policy outlines how Weld Machining (hereinafter \u201cwe\u201d) collects, uses, and discloses the information you provide while using our website (https:\/\/www.weldomachining.com). By accessing or using this Service, you agree to the collection, use, and disclosure of your information as described in this Privacy Policy. If you disagree, please do not access [&hellip;]<\/p>\n","protected":false},"author":2,"featured_media":0,"parent":0,"menu_order":0,"comment_status":"closed","ping_status":"closed","template":"","meta":{"footnotes":""},"class_list":["post-9137","page","type-page","status-publish","hentry"],"_links":{"self":[{"href":"https:\/\/weldomachining.com\/de\/wp-json\/wp\/v2\/pages\/9137","targetHints":{"allow":["GET"]}}],"collection":[{"href":"https:\/\/weldomachining.com\/de\/wp-json\/wp\/v2\/pages"}],"about":[{"href":"https:\/\/weldomachining.com\/de\/wp-json\/wp\/v2\/types\/page"}],"author":[{"embeddable":true,"href":"https:\/\/weldomachining.com\/de\/wp-json\/wp\/v2\/users\/2"}],"replies":[{"embeddable":true,"href":"https:\/\/weldomachining.com\/de\/wp-json\/wp\/v2\/comments?post=9137"}],"version-history":[{"count":4,"href":"https:\/\/weldomachining.com\/de\/wp-json\/wp\/v2\/pages\/9137\/revisions"}],"predecessor-version":[{"id":9141,"href":"https:\/\/weldomachining.com\/de\/wp-json\/wp\/v2\/pages\/9137\/revisions\/9141"}],"wp:attachment":[{"href":"https:\/\/weldomachining.com\/de\/wp-json\/wp\/v2\/media?parent=9137"}],"curies":[{"name":"wp","href":"https:\/\/api.w.org\/{rel}","templated":true}]}}