{"id":14,"date":"2025-09-02T06:38:19","date_gmt":"2025-09-02T06:38:19","guid":{"rendered":"https:\/\/weldomachining.com\/?page_id=14"},"modified":"2026-03-31T07:30:25","modified_gmt":"2026-03-31T07:30:25","slug":"contacto","status":"publish","type":"page","link":"https:\/\/weldomachining.com\/es\/contacto\/","title":{"rendered":"P\u00f3ngase en contacto con nosotros"},"content":{"rendered":"<div data-elementor-type=\"wp-page\" data-elementor-id=\"14\" class=\"elementor elementor-14\" data-elementor-post-type=\"page\">\n\t\t\t\t<div class=\"elementor-element elementor-element-d9f7b41 e-flex e-con-boxed e-con e-parent\" data-id=\"d9f7b41\" data-element_type=\"container\" data-settings=\"{&quot;background_background&quot;:&quot;classic&quot;}\">\n\t\t\t\t\t<div class=\"e-con-inner\">\n\t\t\t\t<div class=\"elementor-element elementor-element-59c941b elementor-widget__width-initial elementor-widget elementor-widget-text-editor\" data-id=\"59c941b\" data-element_type=\"widget\" data-widget_type=\"text-editor.default\">\n\t\t\t\t\t\t\t\t\t<h1>P\u00f3ngase en contacto con nosotros\u00a0<\/h1>\t\t\t\t\t\t\t\t<\/div>\n\t\t\t\t\t<\/div>\n\t\t\t\t<\/div>\n\t\t<div class=\"elementor-element elementor-element-d9ab9a3 e-flex e-con-boxed e-con e-parent\" data-id=\"d9ab9a3\" data-element_type=\"container\">\n\t\t\t\t\t<div class=\"e-con-inner\">\n\t\t\t\t<div class=\"elementor-element elementor-element-6b047a9 elementor-widget elementor-widget-image-gallery\" data-id=\"6b047a9\" data-element_type=\"widget\" data-widget_type=\"image-gallery.default\">\n\t\t\t\t\t\t\t<div class=\"elementor-image-gallery\">\n\t\t\t<div id='gallery-1' class='gallery galleryid-14 gallery-columns-4 gallery-size-medium'><figure class='gallery-item'>\n\t\t\t<div class='gallery-icon landscape'>\n\t\t\t\t<img fetchpriority=\"high\" decoding=\"async\" width=\"300\" height=\"225\" src=\"https:\/\/weldomachining.com\/wp-content\/uploads\/2025\/10\/5-axis-cnc-machining-work-room-300x225.webp\" class=\"attachment-medium size-medium\" alt=\"sala de trabajo de mecanizado cnc de 5 ejes\" aria-describedby=\"gallery-1-3217\" srcset=\"https:\/\/weldomachining.com\/wp-content\/uploads\/2025\/10\/5-axis-cnc-machining-work-room-300x225.webp 300w, https:\/\/weldomachining.com\/wp-content\/uploads\/2025\/10\/5-axis-cnc-machining-work-room-600x450.webp 600w, https:\/\/weldomachining.com\/wp-content\/uploads\/2025\/10\/5-axis-cnc-machining-work-room-16x12.webp 16w, https:\/\/weldomachining.com\/wp-content\/uploads\/2025\/10\/5-axis-cnc-machining-work-room.webp 700w\" sizes=\"(max-width: 300px) 100vw, 300px\" \/>\n\t\t\t<\/div>\n\t\t\t\t<figcaption class='wp-caption-text gallery-caption' id='gallery-1-3217'>\n\t\t\t\tsala de trabajo de mecanizado cnc de 5 ejes\n\t\t\t\t<\/figcaption><\/figure><figure class='gallery-item'>\n\t\t\t<div class='gallery-icon landscape'>\n\t\t\t\t<img decoding=\"async\" width=\"300\" height=\"225\" src=\"https:\/\/weldomachining.com\/wp-content\/uploads\/2025\/11\/Hurco-5-axis-cnc-machine-300x225.webp\" class=\"attachment-medium size-medium\" alt=\"M\u00e1quina cnc de 5 ejes Hurco\" aria-describedby=\"gallery-1-3420\" srcset=\"https:\/\/weldomachining.com\/wp-content\/uploads\/2025\/11\/Hurco-5-axis-cnc-machine-300x225.webp 300w, https:\/\/weldomachining.com\/wp-content\/uploads\/2025\/11\/Hurco-5-axis-cnc-machine-16x12.webp 16w, https:\/\/weldomachining.com\/wp-content\/uploads\/2025\/11\/Hurco-5-axis-cnc-machine.webp 600w\" sizes=\"(max-width: 300px) 100vw, 300px\" \/>\n\t\t\t<\/div>\n\t\t\t\t<figcaption class='wp-caption-text gallery-caption' id='gallery-1-3420'>\n\t\t\t\tM\u00e1quina cnc de 5 ejes Hurco\n\t\t\t\t<\/figcaption><\/figure><figure class='gallery-item'>\n\t\t\t<div class='gallery-icon landscape'>\n\t\t\t\t<img decoding=\"async\" width=\"300\" height=\"225\" src=\"https:\/\/weldomachining.com\/wp-content\/uploads\/2025\/10\/5-axis-cnc-machining-stainless-steel-car-engine-part-6-300x225.webp\" class=\"attachment-medium size-medium\" alt=\"5 ejes cnc mecanizado de acero inoxidable pieza del motor del coche (6)\" aria-describedby=\"gallery-1-1753\" srcset=\"https:\/\/weldomachining.com\/wp-content\/uploads\/2025\/10\/5-axis-cnc-machining-stainless-steel-car-engine-part-6-300x225.webp 300w, https:\/\/weldomachining.com\/wp-content\/uploads\/2025\/10\/5-axis-cnc-machining-stainless-steel-car-engine-part-6-600x450.webp 600w, https:\/\/weldomachining.com\/wp-content\/uploads\/2025\/10\/5-axis-cnc-machining-stainless-steel-car-engine-part-6.webp 700w\" sizes=\"(max-width: 300px) 100vw, 300px\" \/>\n\t\t\t<\/div>\n\t\t\t\t<figcaption class='wp-caption-text gallery-caption' id='gallery-1-1753'>\n\t\t\t\t5 ejes cnc mecanizado de acero inoxidable pieza del motor del coche (6)\n\t\t\t\t<\/figcaption><\/figure><figure class='gallery-item'>\n\t\t\t<div class='gallery-icon landscape'>\n\t\t\t\t<img loading=\"lazy\" decoding=\"async\" width=\"300\" height=\"225\" src=\"https:\/\/weldomachining.com\/wp-content\/uploads\/2025\/10\/\u5fae\u4fe1\u56fe\u7247_20251031153815-300x225.webp\" class=\"attachment-medium size-medium\" alt=\"pieza de aluminio 6061-t6 mecanizada por cnc\" aria-describedby=\"gallery-1-3262\" srcset=\"https:\/\/weldomachining.com\/wp-content\/uploads\/2025\/10\/\u5fae\u4fe1\u56fe\u7247_20251031153815-300x225.webp 300w, https:\/\/weldomachining.com\/wp-content\/uploads\/2025\/10\/\u5fae\u4fe1\u56fe\u7247_20251031153815-600x450.webp 600w, https:\/\/weldomachining.com\/wp-content\/uploads\/2025\/10\/\u5fae\u4fe1\u56fe\u7247_20251031153815-16x12.webp 16w, https:\/\/weldomachining.com\/wp-content\/uploads\/2025\/10\/\u5fae\u4fe1\u56fe\u7247_20251031153815.webp 750w\" sizes=\"(max-width: 300px) 100vw, 300px\" \/>\n\t\t\t<\/div>\n\t\t\t\t<figcaption class='wp-caption-text gallery-caption' id='gallery-1-3262'>\n\t\t\t\tpieza de aluminio 6061-t6 mecanizada por cnc\n\t\t\t\t<\/figcaption><\/figure><figure class='gallery-item'>\n\t\t\t<div class='gallery-icon landscape'>\n\t\t\t\t<img loading=\"lazy\" decoding=\"async\" width=\"300\" height=\"225\" src=\"https:\/\/weldomachining.com\/wp-content\/uploads\/2025\/11\/cnc-machining-pom-part-1-300x225.webp\" class=\"attachment-medium size-medium\" alt=\"Pieza de pvc de precisi\u00f3n con mecanizado de 5 ejes\" aria-describedby=\"gallery-1-3482\" srcset=\"https:\/\/weldomachining.com\/wp-content\/uploads\/2025\/11\/cnc-machining-pom-part-1-300x225.webp 300w, https:\/\/weldomachining.com\/wp-content\/uploads\/2025\/11\/cnc-machining-pom-part-1-600x450.webp 600w, https:\/\/weldomachining.com\/wp-content\/uploads\/2025\/11\/cnc-machining-pom-part-1-16x12.webp 16w, https:\/\/weldomachining.com\/wp-content\/uploads\/2025\/11\/cnc-machining-pom-part-1.webp 700w\" sizes=\"(max-width: 300px) 100vw, 300px\" \/>\n\t\t\t<\/div>\n\t\t\t\t<figcaption class='wp-caption-text gallery-caption' id='gallery-1-3482'>\n\t\t\t\tPieza de pvc de precisi\u00f3n con mecanizado de 5 ejes\n\t\t\t\t<\/figcaption><\/figure><figure class='gallery-item'>\n\t\t\t<div class='gallery-icon landscape'>\n\t\t\t\t<img loading=\"lazy\" decoding=\"async\" width=\"300\" height=\"225\" src=\"https:\/\/weldomachining.com\/wp-content\/uploads\/2025\/10\/\u5fae\u4fe1\u56fe\u7247_20251010162345-1-300x225.webp\" class=\"attachment-medium size-medium\" alt=\"mecanizado cnc redondo de aluminio pieza de engranaje\" aria-describedby=\"gallery-1-3197\" srcset=\"https:\/\/weldomachining.com\/wp-content\/uploads\/2025\/10\/\u5fae\u4fe1\u56fe\u7247_20251010162345-1-300x225.webp 300w, https:\/\/weldomachining.com\/wp-content\/uploads\/2025\/10\/\u5fae\u4fe1\u56fe\u7247_20251010162345-1-600x450.webp 600w, https:\/\/weldomachining.com\/wp-content\/uploads\/2025\/10\/\u5fae\u4fe1\u56fe\u7247_20251010162345-1-16x12.webp 16w, https:\/\/weldomachining.com\/wp-content\/uploads\/2025\/10\/\u5fae\u4fe1\u56fe\u7247_20251010162345-1.webp 700w\" sizes=\"(max-width: 300px) 100vw, 300px\" \/>\n\t\t\t<\/div>\n\t\t\t\t<figcaption class='wp-caption-text gallery-caption' id='gallery-1-3197'>\n\t\t\t\tmecanizado cnc redondo de aluminio pieza de engranaje\n\t\t\t\t<\/figcaption><\/figure><figure class='gallery-item'>\n\t\t\t<div class='gallery-icon landscape'>\n\t\t\t\t<img loading=\"lazy\" decoding=\"async\" width=\"300\" height=\"225\" src=\"https:\/\/weldomachining.com\/wp-content\/uploads\/2025\/11\/weldo-quality-assurance-center-300x225.webp\" class=\"attachment-medium size-medium\" alt=\"centro de garant\u00eda de calidad weldo\" aria-describedby=\"gallery-1-3764\" srcset=\"https:\/\/weldomachining.com\/wp-content\/uploads\/2025\/11\/weldo-quality-assurance-center-300x225.webp 300w, https:\/\/weldomachining.com\/wp-content\/uploads\/2025\/11\/weldo-quality-assurance-center-16x12.webp 16w, https:\/\/weldomachining.com\/wp-content\/uploads\/2025\/11\/weldo-quality-assurance-center.webp 700w\" sizes=\"(max-width: 300px) 100vw, 300px\" \/>\n\t\t\t<\/div>\n\t\t\t\t<figcaption class='wp-caption-text gallery-caption' id='gallery-1-3764'>\n\t\t\t\tcentro de garant\u00eda de calidad weldo\n\t\t\t\t<\/figcaption><\/figure><figure class='gallery-item'>\n\t\t\t<div class='gallery-icon landscape'>\n\t\t\t\t<img loading=\"lazy\" decoding=\"async\" width=\"300\" height=\"225\" src=\"https:\/\/weldomachining.com\/wp-content\/uploads\/2025\/11\/cnc-machined-part-packaging-workshop-300x225.webp\" class=\"attachment-medium size-medium\" alt=\"taller de embalaje de piezas mecanizadas cnc weldo\" aria-describedby=\"gallery-1-3666\" srcset=\"https:\/\/weldomachining.com\/wp-content\/uploads\/2025\/11\/cnc-machined-part-packaging-workshop-300x225.webp 300w, https:\/\/weldomachining.com\/wp-content\/uploads\/2025\/11\/cnc-machined-part-packaging-workshop-600x450.webp 600w, https:\/\/weldomachining.com\/wp-content\/uploads\/2025\/11\/cnc-machined-part-packaging-workshop-16x12.webp 16w, https:\/\/weldomachining.com\/wp-content\/uploads\/2025\/11\/cnc-machined-part-packaging-workshop.webp 750w\" sizes=\"(max-width: 300px) 100vw, 300px\" \/>\n\t\t\t<\/div>\n\t\t\t\t<figcaption class='wp-caption-text gallery-caption' id='gallery-1-3666'>\n\t\t\t\ttaller de embalaje de piezas mecanizadas cnc weldo\n\t\t\t\t<\/figcaption><\/figure>\n\t\t<\/div>\n\t\t<\/div>\n\t\t\t\t\t\t<\/div>\n\t\t\t\t<div class=\"elementor-element elementor-element-b84668b elementor-widget elementor-widget-text-editor\" data-id=\"b84668b\" data-element_type=\"widget\" data-widget_type=\"text-editor.default\">\n\t\t\t\t\t\t\t\t\t<h2>Visi\u00f3n general de weldo precision<\/h2><p>Weldo cuenta con una gran capacidad de producci\u00f3n e instalaciones avanzadas, con una f\u00e1brica de 5.000 metros cuadrados que soporta varios procesos de fabricaci\u00f3n de precisi\u00f3n. Somos expertos en <a href=\"https:\/\/weldomachining.com\/es\/mecanizado-cnc\/\">Mecanizado CNC<\/a>, <a href=\"https:\/\/weldomachining.com\/es\/servicio\/servicios-de-moldeo\/moldeo-por-inyeccion\/\">moldeo por inyecci\u00f3n<\/a>Procesamiento de chapa, <a href=\"https:\/\/weldomachining.com\/es\/servicio\/otros-servicios\/impresion-3d\/\">Impresi\u00f3n 3D<\/a>y <a href=\"https:\/\/weldomachining.com\/es\/servicio\/otros-servicios\/extrusion-de-aluminio\/\">extrusi\u00f3n de aluminio<\/a>La empresa, que posee experiencia en el tratamiento de m\u00e1s de veinte materiales (met\u00e1licos y no met\u00e1licos) y ofrece m\u00e1s de diez opciones de tratamiento de superficies para satisfacer las necesidades integrales de los clientes.<\/p><p>Nuestro equipo de m\u00e1s de 100 t\u00e9cnicos altamente cualificados, con m\u00e1s de 20 a\u00f1os de experiencia en mecanizado, garantiza un control de calidad preciso durante todo el proceso de producci\u00f3n. Adem\u00e1s, dominamos m\u00e1s de diez procesos de tratamiento de superficies, capaces de personalizar aspectos lisos, resistentes a la corrosi\u00f3n y especiales.<\/p><p>Elegir Weldo significa elegir tecnolog\u00eda avanzada, materiales adecuados, fuerte capacidad de producci\u00f3n y calidad superior. Estamos comprometidos a crear el m\u00e1ximo valor para nuestros clientes a trav\u00e9s de un servicio profesional, eficiente y de alta calidad, promoviendo conjuntamente el desarrollo de la industria manufacturera.<\/p>\t\t\t\t\t\t\t\t<\/div>\n\t\t\t\t\t<\/div>\n\t\t\t\t<\/div>\n\t\t<div class=\"elementor-element elementor-element-faffebb e-flex e-con-boxed e-con e-parent\" data-id=\"faffebb\" data-element_type=\"container\">\n\t\t\t\t\t<div class=\"e-con-inner\">\n\t\t\t\t<div class=\"elementor-element elementor-element-2845dfe elementor-widget elementor-widget-text-editor\" data-id=\"2845dfe\" data-element_type=\"widget\" data-widget_type=\"text-editor.default\">\n\t\t\t\t\t\t\t\t\t<p>Horario de trabajo : Lun~Sab ,9:00 AM-9:00 PM<\/p>\t\t\t\t\t\t\t\t<\/div>\n\t\t\t\t\t<\/div>\n\t\t\t\t<\/div>\n\t\t<div class=\"elementor-element elementor-element-2e5e99e e-flex e-con-boxed e-con e-child\" data-id=\"2e5e99e\" data-element_type=\"container\">\n\t\t\t\t\t<div class=\"e-con-inner\">\n\t\t\t\t<div class=\"elementor-element elementor-element-332273a elementor-widget elementor-widget-button\" data-id=\"332273a\" data-element_type=\"widget\" data-widget_type=\"button.default\">\n\t\t\t\t\t\t\t\t\t\t<a class=\"elementor-button elementor-button-link elementor-size-sm\" href=\"https:\/\/weldomachining.com\/es\/carga-de-archivos\/\">\n\t\t\t\t\t\t<span class=\"elementor-button-content-wrapper\">\n\t\t\t\t\t\t\t\t\t<span class=\"elementor-button-text\">Env\u00edanos un mensaje<\/span>\n\t\t\t\t\t<\/span>\n\t\t\t\t\t<\/a>\n\t\t\t\t\t\t\t\t<\/div>\n\t\t\t\t<div class=\"elementor-element elementor-element-d84b876 elementor-widget elementor-widget-button\" data-id=\"d84b876\" data-element_type=\"widget\" data-widget_type=\"button.default\">\n\t\t\t\t\t\t\t\t\t\t<a class=\"elementor-button elementor-button-link elementor-size-sm\" href=\"https:\/\/weldomachining.com\/es\/acerca-de-nosotros\/\">\n\t\t\t\t\t\t<span class=\"elementor-button-content-wrapper\">\n\t\t\t\t\t\t\t\t\t<span class=\"elementor-button-text\">Ver capacidades<\/span>\n\t\t\t\t\t<\/span>\n\t\t\t\t\t<\/a>\n\t\t\t\t\t\t\t\t<\/div>\n\t\t\t\t\t<\/div>\n\t\t\t\t<\/div>\n\t\t\t\t<\/div>","protected":false},"excerpt":{"rendered":"<p>Contact us\u00a0 5 axis cnc machining work room Hurco 5 axis cnc machine 5 axis cnc machining stainless steel car engine part (6) cnc machined 6061-t6 aluminum part Precision pvc part with 5 axis machining round cnc machining aluminum gear part weldo quality assurance center weldo cnc machined part packaging workshop Overview of weldo precision [&hellip;]<\/p>","protected":false},"author":2,"featured_media":0,"parent":0,"menu_order":4,"comment_status":"closed","ping_status":"closed","template":"","meta":{"footnotes":""},"class_list":["post-14","page","type-page","status-publish","hentry"],"_links":{"self":[{"href":"https:\/\/weldomachining.com\/es\/wp-json\/wp\/v2\/pages\/14","targetHints":{"allow":["GET"]}}],"collection":[{"href":"https:\/\/weldomachining.com\/es\/wp-json\/wp\/v2\/pages"}],"about":[{"href":"https:\/\/weldomachining.com\/es\/wp-json\/wp\/v2\/types\/page"}],"author":[{"embeddable":true,"href":"https:\/\/weldomachining.com\/es\/wp-json\/wp\/v2\/users\/2"}],"replies":[{"embeddable":true,"href":"https:\/\/weldomachining.com\/es\/wp-json\/wp\/v2\/comments?post=14"}],"version-history":[{"count":15,"href":"https:\/\/weldomachining.com\/es\/wp-json\/wp\/v2\/pages\/14\/revisions"}],"predecessor-version":[{"id":9023,"href":"https:\/\/weldomachining.com\/es\/wp-json\/wp\/v2\/pages\/14\/revisions\/9023"}],"wp:attachment":[{"href":"https:\/\/weldomachining.com\/es\/wp-json\/wp\/v2\/media?parent=14"}],"curies":[{"name":"wp","href":"https:\/\/api.w.org\/{rel}","templated":true}]}}