{"id":18,"date":"2025-09-02T06:40:37","date_gmt":"2025-09-02T06:40:37","guid":{"rendered":"https:\/\/weldomachining.com\/?page_id=18"},"modified":"2026-04-08T09:18:43","modified_gmt":"2026-04-08T09:18:43","slug":"service","status":"publish","type":"page","link":"https:\/\/weldomachining.com\/es\/service\/","title":{"rendered":"Servicio"},"content":{"rendered":"<div data-elementor-type=\"wp-page\" data-elementor-id=\"18\" class=\"elementor elementor-18\" data-elementor-post-type=\"page\">\n\t\t\t\t<div class=\"elementor-element elementor-element-50fd212 e-flex e-con-boxed e-con e-parent\" data-id=\"50fd212\" data-element_type=\"container\">\n\t\t\t\t\t<div class=\"e-con-inner\">\n\t\t\t\t<div class=\"elementor-element elementor-element-ba264ba elementor-widget elementor-widget-heading\" data-id=\"ba264ba\" data-element_type=\"widget\" data-widget_type=\"heading.default\">\n\t\t\t\t\t<h1 class=\"elementor-heading-title elementor-size-default\">Servicio<\/h1>\t\t\t\t<\/div>\n\t\t\t\t<div class=\"elementor-element elementor-element-2c6141b elementor-widget elementor-widget-text-editor\" data-id=\"2c6141b\" data-element_type=\"widget\" data-widget_type=\"text-editor.default\">\n\t\t\t\t\t\t\t\t\t<p>Soluciones de ingenier\u00eda para todo el espectro de evoluci\u00f3n del producto<br \/>Nuestra experiencia en ingenier\u00eda y nuestra oferta de servicios flexibles ofrecen soluciones a medida para cada fase de su producto. Tanto si necesita <a href=\"https:\/\/weldomachining.com\/es\/mecanizado-cnc-de-prototipos\/\">creaci\u00f3n de prototipos<\/a> para la validaci\u00f3n de conceptos, el perfeccionamiento iterativo de dise\u00f1os o la fabricaci\u00f3n de grandes vol\u00famenes con tolerancias de precisi\u00f3n, somos su socio de ingenier\u00eda integral comprometido con la transformaci\u00f3n de ideas en productos fiables y listos para el mercado.<\/p><p>Explore nuestros servicios integrales:<\/p>\t\t\t\t\t\t\t\t<\/div>\n\t\t\t\t<div class=\"elementor-element elementor-element-6710728 elementor-align-center elementor-widget elementor-widget-button\" data-id=\"6710728\" data-element_type=\"widget\" data-widget_type=\"button.default\">\n\t\t\t\t\t\t\t\t\t\t<a class=\"elementor-button elementor-button-link elementor-size-sm\" href=\"https:\/\/weldomachining.com\/es\/carga-de-archivos\/\">\n\t\t\t\t\t\t<span class=\"elementor-button-content-wrapper\">\n\t\t\t\t\t\t\t\t\t<span class=\"elementor-button-text\">Obtener presupuesto<\/span>\n\t\t\t\t\t<\/span>\n\t\t\t\t\t<\/a>\n\t\t\t\t\t\t\t\t<\/div>\n\t\t\t\t<div class=\"elementor-element elementor-element-4ef0201 elementor-widget elementor-widget-image-gallery\" data-id=\"4ef0201\" data-element_type=\"widget\" data-widget_type=\"image-gallery.default\">\n\t\t\t\t\t\t\t<div class=\"elementor-image-gallery\">\n\t\t\t<div id='gallery-1' class='gallery galleryid-18 gallery-columns-3 gallery-size-medium_large'><figure class='gallery-item'>\n\t\t\t<div class='gallery-icon landscape'>\n\t\t\t\t<a data-elementor-open-lightbox=\"yes\" data-elementor-lightbox-slideshow=\"4ef0201\" data-elementor-lightbox-title=\"4 axis cnc machining\" data-elementor-lightbox-description=\"5 axis cnc machining inside view\" data-e-action-hash=\"#elementor-action%3Aaction%3Dlightbox%26settings%3DeyJpZCI6MzQxOSwidXJsIjoiaHR0cHM6XC9cL3dlbGRvbWFjaGluaW5nLmNvbVwvd3AtY29udGVudFwvdXBsb2Fkc1wvMjAyNVwvMTFcLzQtYXhpcy1jbmMtbWFjaGluaW5nLndlYnAiLCJzbGlkZXNob3ciOiI0ZWYwMjAxIn0%3D\" href='https:\/\/weldomachining.com\/wp-content\/uploads\/2025\/11\/4-axis-cnc-machining.webp'><img fetchpriority=\"high\" decoding=\"async\" width=\"600\" height=\"450\" src=\"https:\/\/weldomachining.com\/wp-content\/uploads\/2025\/11\/4-axis-cnc-machining.webp\" class=\"attachment-medium_large size-medium_large\" alt=\"mecanizado cnc de 5 ejes vista interior\" aria-describedby=\"gallery-1-3419\" srcset=\"https:\/\/weldomachining.com\/wp-content\/uploads\/2025\/11\/4-axis-cnc-machining.webp 600w, https:\/\/weldomachining.com\/wp-content\/uploads\/2025\/11\/4-axis-cnc-machining-300x225.webp 300w, https:\/\/weldomachining.com\/wp-content\/uploads\/2025\/11\/4-axis-cnc-machining-16x12.webp 16w\" sizes=\"(max-width: 600px) 100vw, 600px\" \/><\/a>\n\t\t\t<\/div>\n\t\t\t\t<figcaption class='wp-caption-text gallery-caption' id='gallery-1-3419'>\n\t\t\t\tmecanizado cnc de 5 ejes vista interior\n\t\t\t\t<\/figcaption><\/figure><figure class='gallery-item'>\n\t\t\t<div class='gallery-icon landscape'>\n\t\t\t\t<a data-elementor-open-lightbox=\"yes\" data-elementor-lightbox-slideshow=\"4ef0201\" data-elementor-lightbox-title=\"cnc lathe\" data-elementor-lightbox-description=\"cnc lathe\" data-e-action-hash=\"#elementor-action%3Aaction%3Dlightbox%26settings%3DeyJpZCI6MzQyMiwidXJsIjoiaHR0cHM6XC9cL3dlbGRvbWFjaGluaW5nLmNvbVwvd3AtY29udGVudFwvdXBsb2Fkc1wvMjAyNVwvMTFcL2NuYy1sYXRoZS53ZWJwIiwic2xpZGVzaG93IjoiNGVmMDIwMSJ9\" href='https:\/\/weldomachining.com\/wp-content\/uploads\/2025\/11\/cnc-lathe.webp'><img decoding=\"async\" width=\"600\" height=\"450\" src=\"https:\/\/weldomachining.com\/wp-content\/uploads\/2025\/11\/cnc-lathe.webp\" class=\"attachment-medium_large size-medium_large\" alt=\"torno cnc\" aria-describedby=\"gallery-1-3422\" srcset=\"https:\/\/weldomachining.com\/wp-content\/uploads\/2025\/11\/cnc-lathe.webp 600w, https:\/\/weldomachining.com\/wp-content\/uploads\/2025\/11\/cnc-lathe-300x225.webp 300w, https:\/\/weldomachining.com\/wp-content\/uploads\/2025\/11\/cnc-lathe-16x12.webp 16w\" sizes=\"(max-width: 600px) 100vw, 600px\" \/><\/a>\n\t\t\t<\/div>\n\t\t\t\t<figcaption class='wp-caption-text gallery-caption' id='gallery-1-3422'>\n\t\t\t\ttorno cnc\n\t\t\t\t<\/figcaption><\/figure><figure class='gallery-item'>\n\t\t\t<div class='gallery-icon landscape'>\n\t\t\t\t<a data-elementor-open-lightbox=\"yes\" data-elementor-lightbox-slideshow=\"4ef0201\" data-elementor-lightbox-title=\"5 axis cnc machining center (2)\" data-elementor-lightbox-description=\"5 axis cnc machining center (2)\" data-e-action-hash=\"#elementor-action%3Aaction%3Dlightbox%26settings%3DeyJpZCI6MjcxMiwidXJsIjoiaHR0cHM6XC9cL3dlbGRvbWFjaGluaW5nLmNvbVwvd3AtY29udGVudFwvdXBsb2Fkc1wvMjAyNVwvMTBcLzUtYXhpcy1jbmMtbWFjaGluaW5nLWNlbnRlci0yLndlYnAiLCJzbGlkZXNob3ciOiI0ZWYwMjAxIn0%3D\" href='https:\/\/weldomachining.com\/wp-content\/uploads\/2025\/10\/5-axis-cnc-machining-center-2.webp'><img decoding=\"async\" width=\"768\" height=\"576\" src=\"https:\/\/weldomachining.com\/wp-content\/uploads\/2025\/10\/5-axis-cnc-machining-center-2-768x576.webp\" class=\"attachment-medium_large size-medium_large\" alt=\"Fabricante de mecanizado CNC en EE.UU.\" aria-describedby=\"gallery-1-2712\" srcset=\"https:\/\/weldomachining.com\/wp-content\/uploads\/2025\/10\/5-axis-cnc-machining-center-2-768x576.webp 768w, https:\/\/weldomachining.com\/wp-content\/uploads\/2025\/10\/5-axis-cnc-machining-center-2-600x450.webp 600w, https:\/\/weldomachining.com\/wp-content\/uploads\/2025\/10\/5-axis-cnc-machining-center-2-300x225.webp 300w, https:\/\/weldomachining.com\/wp-content\/uploads\/2025\/10\/5-axis-cnc-machining-center-2-16x12.webp 16w, https:\/\/weldomachining.com\/wp-content\/uploads\/2025\/10\/5-axis-cnc-machining-center-2.webp 800w\" sizes=\"(max-width: 768px) 100vw, 768px\" \/><\/a>\n\t\t\t<\/div>\n\t\t\t\t<figcaption class='wp-caption-text gallery-caption' id='gallery-1-2712'>\n\t\t\t\tcentro de mecanizado cnc de 5 ejes (2)\n\t\t\t\t<\/figcaption><\/figure><figure class='gallery-item'>\n\t\t\t<div class='gallery-icon landscape'>\n\t\t\t\t<a data-elementor-open-lightbox=\"yes\" data-elementor-lightbox-slideshow=\"4ef0201\" data-elementor-lightbox-title=\"5 axis cnc machining huge steel part\" data-elementor-lightbox-description=\"5 axis cnc machining huge steel part\" data-e-action-hash=\"#elementor-action%3Aaction%3Dlightbox%26settings%3DeyJpZCI6MjIxNSwidXJsIjoiaHR0cHM6XC9cL3dlbGRvbWFjaGluaW5nLmNvbVwvd3AtY29udGVudFwvdXBsb2Fkc1wvMjAyNVwvMTBcL1x1NWZhZVx1NGZlMVx1NTZmZVx1NzI0N18yMDI1MTAxMDE1MjMyNC53ZWJwIiwic2xpZGVzaG93IjoiNGVmMDIwMSJ9\" href='https:\/\/weldomachining.com\/wp-content\/uploads\/2025\/10\/\u5fae\u4fe1\u56fe\u7247_20251010152324.webp'><img loading=\"lazy\" decoding=\"async\" width=\"600\" height=\"450\" src=\"https:\/\/weldomachining.com\/wp-content\/uploads\/2025\/10\/\u5fae\u4fe1\u56fe\u7247_20251010152324.webp\" class=\"attachment-medium_large size-medium_large\" alt=\"mecanizado cnc de 5 ejes de grandes piezas de acero\" aria-describedby=\"gallery-1-2215\" srcset=\"https:\/\/weldomachining.com\/wp-content\/uploads\/2025\/10\/\u5fae\u4fe1\u56fe\u7247_20251010152324.webp 600w, https:\/\/weldomachining.com\/wp-content\/uploads\/2025\/10\/\u5fae\u4fe1\u56fe\u7247_20251010152324-300x225.webp 300w, https:\/\/weldomachining.com\/wp-content\/uploads\/2025\/10\/\u5fae\u4fe1\u56fe\u7247_20251010152324-16x12.webp 16w\" sizes=\"(max-width: 600px) 100vw, 600px\" \/><\/a>\n\t\t\t<\/div>\n\t\t\t\t<figcaption class='wp-caption-text gallery-caption' id='gallery-1-2215'>\n\t\t\t\tmecanizado cnc de 5 ejes de grandes piezas de acero\n\t\t\t\t<\/figcaption><\/figure><figure class='gallery-item'>\n\t\t\t<div class='gallery-icon landscape'>\n\t\t\t\t<a data-elementor-open-lightbox=\"yes\" data-elementor-lightbox-slideshow=\"4ef0201\" data-elementor-lightbox-title=\"weldo grinding machining center\" data-elementor-lightbox-description=\"weldo grinding machining center\" data-e-action-hash=\"#elementor-action%3Aaction%3Dlightbox%26settings%3DeyJpZCI6MTg1MSwidXJsIjoiaHR0cHM6XC9cL3dlbGRvbWFjaGluaW5nLmNvbVwvd3AtY29udGVudFwvdXBsb2Fkc1wvMjAyNVwvMTBcL1x1NWZhZVx1NGZlMVx1NTZmZVx1NzI0N18yMDI1MDkxMDEwMDE1NS53ZWJwIiwic2xpZGVzaG93IjoiNGVmMDIwMSJ9\" href='https:\/\/weldomachining.com\/wp-content\/uploads\/2025\/10\/\u5fae\u4fe1\u56fe\u7247_20250910100155.webp'><img loading=\"lazy\" decoding=\"async\" width=\"700\" height=\"525\" src=\"https:\/\/weldomachining.com\/wp-content\/uploads\/2025\/10\/\u5fae\u4fe1\u56fe\u7247_20250910100155.webp\" class=\"attachment-medium_large size-medium_large\" alt=\"centro de mecanizado de rectificado weldo\" aria-describedby=\"gallery-1-1851\" srcset=\"https:\/\/weldomachining.com\/wp-content\/uploads\/2025\/10\/\u5fae\u4fe1\u56fe\u7247_20250910100155.webp 700w, https:\/\/weldomachining.com\/wp-content\/uploads\/2025\/10\/\u5fae\u4fe1\u56fe\u7247_20250910100155-600x450.webp 600w, https:\/\/weldomachining.com\/wp-content\/uploads\/2025\/10\/\u5fae\u4fe1\u56fe\u7247_20250910100155-300x225.webp 300w\" sizes=\"(max-width: 700px) 100vw, 700px\" \/><\/a>\n\t\t\t<\/div>\n\t\t\t\t<figcaption class='wp-caption-text gallery-caption' id='gallery-1-1851'>\n\t\t\t\tcentro de mecanizado de rectificado weldo\n\t\t\t\t<\/figcaption><\/figure><figure class='gallery-item'>\n\t\t\t<div class='gallery-icon landscape'>\n\t\t\t\t<a data-elementor-open-lightbox=\"yes\" data-elementor-lightbox-slideshow=\"4ef0201\" data-elementor-lightbox-title=\"Five-cylinder engine part 5 axis cnc machining (1)\" data-elementor-lightbox-description=\"Five-cylinder engine part 5 axis cnc machining (1)\" data-e-action-hash=\"#elementor-action%3Aaction%3Dlightbox%26settings%3DeyJpZCI6MTc2NCwidXJsIjoiaHR0cHM6XC9cL3dlbGRvbWFjaGluaW5nLmNvbVwvd3AtY29udGVudFwvdXBsb2Fkc1wvMjAyNVwvMTBcL0ZpdmUtY3lsaW5kZXItZW5naW5lLXBhcnQtNS1heGlzLWNuYy1tYWNoaW5pbmctMS53ZWJwIiwic2xpZGVzaG93IjoiNGVmMDIwMSJ9\" href='https:\/\/weldomachining.com\/wp-content\/uploads\/2025\/10\/Five-cylinder-engine-part-5-axis-cnc-machining-1.webp'><img loading=\"lazy\" decoding=\"async\" width=\"700\" height=\"525\" src=\"https:\/\/weldomachining.com\/wp-content\/uploads\/2025\/10\/Five-cylinder-engine-part-5-axis-cnc-machining-1.webp\" class=\"attachment-medium_large size-medium_large\" alt=\"Pieza de motor de cinco cilindros mecanizado cnc de 5 ejes (1)\" aria-describedby=\"gallery-1-1764\" srcset=\"https:\/\/weldomachining.com\/wp-content\/uploads\/2025\/10\/Five-cylinder-engine-part-5-axis-cnc-machining-1.webp 700w, https:\/\/weldomachining.com\/wp-content\/uploads\/2025\/10\/Five-cylinder-engine-part-5-axis-cnc-machining-1-600x450.webp 600w, https:\/\/weldomachining.com\/wp-content\/uploads\/2025\/10\/Five-cylinder-engine-part-5-axis-cnc-machining-1-300x225.webp 300w\" sizes=\"(max-width: 700px) 100vw, 700px\" \/><\/a>\n\t\t\t<\/div>\n\t\t\t\t<figcaption class='wp-caption-text gallery-caption' id='gallery-1-1764'>\n\t\t\t\tPieza de motor de cinco cilindros mecanizado cnc de 5 ejes (1)\n\t\t\t\t<\/figcaption><\/figure><figure class='gallery-item'>\n\t\t\t<div class='gallery-icon landscape'>\n\t\t\t\t<a data-elementor-open-lightbox=\"yes\" data-elementor-lightbox-slideshow=\"4ef0201\" data-elementor-lightbox-title=\"4 axis cnc machine inside view (2)\" data-elementor-lightbox-description=\"4 axis cnc machine inside view (2)\" data-e-action-hash=\"#elementor-action%3Aaction%3Dlightbox%26settings%3DeyJpZCI6MTc0MywidXJsIjoiaHR0cHM6XC9cL3dlbGRvbWFjaGluaW5nLmNvbVwvd3AtY29udGVudFwvdXBsb2Fkc1wvMjAyNVwvMTBcLzQtYXhpcy1jbmMtbWFjaGluZS1pbnNpZGUtdmlldy0yLndlYnAiLCJzbGlkZXNob3ciOiI0ZWYwMjAxIn0%3D\" href='https:\/\/weldomachining.com\/wp-content\/uploads\/2025\/10\/4-axis-cnc-machine-inside-view-2.webp'><img loading=\"lazy\" decoding=\"async\" width=\"700\" height=\"525\" src=\"https:\/\/weldomachining.com\/wp-content\/uploads\/2025\/10\/4-axis-cnc-machine-inside-view-2.webp\" class=\"attachment-medium_large size-medium_large\" alt=\"m\u00e1quina cnc de 4 ejes vista interior (2)\" aria-describedby=\"gallery-1-1743\" srcset=\"https:\/\/weldomachining.com\/wp-content\/uploads\/2025\/10\/4-axis-cnc-machine-inside-view-2.webp 700w, https:\/\/weldomachining.com\/wp-content\/uploads\/2025\/10\/4-axis-cnc-machine-inside-view-2-600x450.webp 600w, https:\/\/weldomachining.com\/wp-content\/uploads\/2025\/10\/4-axis-cnc-machine-inside-view-2-300x225.webp 300w\" sizes=\"(max-width: 700px) 100vw, 700px\" \/><\/a>\n\t\t\t<\/div>\n\t\t\t\t<figcaption class='wp-caption-text gallery-caption' id='gallery-1-1743'>\n\t\t\t\tm\u00e1quina cnc de 4 ejes vista interior (2)\n\t\t\t\t<\/figcaption><\/figure><figure class='gallery-item'>\n\t\t\t<div class='gallery-icon landscape'>\n\t\t\t\t<a data-elementor-open-lightbox=\"yes\" data-elementor-lightbox-slideshow=\"4ef0201\" data-elementor-lightbox-title=\"Altimeter for cnc machining part\" data-elementor-lightbox-description=\"Altimeter for cnc machining part\" data-e-action-hash=\"#elementor-action%3Aaction%3Dlightbox%26settings%3DeyJpZCI6MTQyMSwidXJsIjoiaHR0cHM6XC9cL3dlbGRvbWFjaGluaW5nLmNvbVwvd3AtY29udGVudFwvdXBsb2Fkc1wvMjAyNVwvMDlcL0FsdGltZXRlci1mb3ItY25jLW1hY2hpbmluZy1wYXJ0LndlYnAiLCJzbGlkZXNob3ciOiI0ZWYwMjAxIn0%3D\" href='https:\/\/weldomachining.com\/wp-content\/uploads\/2025\/09\/Altimeter-for-cnc-machining-part.webp'><img loading=\"lazy\" decoding=\"async\" width=\"700\" height=\"525\" src=\"https:\/\/weldomachining.com\/wp-content\/uploads\/2025\/09\/Altimeter-for-cnc-machining-part.webp\" class=\"attachment-medium_large size-medium_large\" alt=\"Alt\u00edmetro para pieza de mecanizado cnc\" aria-describedby=\"gallery-1-1421\" srcset=\"https:\/\/weldomachining.com\/wp-content\/uploads\/2025\/09\/Altimeter-for-cnc-machining-part.webp 700w, https:\/\/weldomachining.com\/wp-content\/uploads\/2025\/09\/Altimeter-for-cnc-machining-part-600x450.webp 600w, https:\/\/weldomachining.com\/wp-content\/uploads\/2025\/09\/Altimeter-for-cnc-machining-part-300x225.webp 300w\" sizes=\"(max-width: 700px) 100vw, 700px\" \/><\/a>\n\t\t\t<\/div>\n\t\t\t\t<figcaption class='wp-caption-text gallery-caption' id='gallery-1-1421'>\n\t\t\t\tAlt\u00edmetro para pieza de mecanizado cnc\n\t\t\t\t<\/figcaption><\/figure><figure class='gallery-item'>\n\t\t\t<div class='gallery-icon landscape'>\n\t\t\t\t<a data-elementor-open-lightbox=\"yes\" data-elementor-lightbox-slideshow=\"4ef0201\" data-elementor-lightbox-title=\"Coordinate Measuring Machine for cnc machining part\" data-elementor-lightbox-description=\"Coordinate Measuring Machine for cnc machining part\" data-e-action-hash=\"#elementor-action%3Aaction%3Dlightbox%26settings%3DeyJpZCI6MTQxOCwidXJsIjoiaHR0cHM6XC9cL3dlbGRvbWFjaGluaW5nLmNvbVwvd3AtY29udGVudFwvdXBsb2Fkc1wvMjAyNVwvMDlcL1x1NWZhZVx1NGZlMVx1NTZmZVx1NzI0N18yMDI1MDkxNzE5MjE0Ny53ZWJwIiwic2xpZGVzaG93IjoiNGVmMDIwMSJ9\" href='https:\/\/weldomachining.com\/wp-content\/uploads\/2025\/09\/\u5fae\u4fe1\u56fe\u7247_20250917192147.webp'><img loading=\"lazy\" decoding=\"async\" width=\"768\" height=\"576\" src=\"https:\/\/weldomachining.com\/wp-content\/uploads\/2025\/09\/\u5fae\u4fe1\u56fe\u7247_20250917192147-768x576.webp\" class=\"attachment-medium_large size-medium_large\" alt=\"M\u00e1quina de medici\u00f3n por coordenadas para mecanizado cnc de piezas\" aria-describedby=\"gallery-1-1418\" srcset=\"https:\/\/weldomachining.com\/wp-content\/uploads\/2025\/09\/\u5fae\u4fe1\u56fe\u7247_20250917192147-768x576.webp 768w, https:\/\/weldomachining.com\/wp-content\/uploads\/2025\/09\/\u5fae\u4fe1\u56fe\u7247_20250917192147-600x450.webp 600w, https:\/\/weldomachining.com\/wp-content\/uploads\/2025\/09\/\u5fae\u4fe1\u56fe\u7247_20250917192147-300x225.webp 300w, https:\/\/weldomachining.com\/wp-content\/uploads\/2025\/09\/\u5fae\u4fe1\u56fe\u7247_20250917192147.webp 800w\" sizes=\"(max-width: 768px) 100vw, 768px\" \/><\/a>\n\t\t\t<\/div>\n\t\t\t\t<figcaption class='wp-caption-text gallery-caption' id='gallery-1-1418'>\n\t\t\t\tM\u00e1quina de medici\u00f3n por coordenadas para mecanizado cnc de piezas\n\t\t\t\t<\/figcaption><\/figure>\n\t\t<\/div>\n\t\t<\/div>\n\t\t\t\t\t\t<\/div>\n\t\t\t\t<div class=\"elementor-element elementor-element-b4d2258 elementor-widget elementor-widget-text-editor\" data-id=\"b4d2258\" data-element_type=\"widget\" data-widget_type=\"text-editor.default\">\n\t\t\t\t\t\t\t\t\t<p>En Dongguan Weldo Machining Precision LTD, ofrecemos soluciones integrales de fabricaci\u00f3n basadas en m\u00e1s de 20 a\u00f1os de experiencia en mecanizado y un campus de producci\u00f3n independiente. Con equipos de \u00faltima generaci\u00f3n e ingenieros cualificados, ofrecemos precisi\u00f3n, eficiencia y fiabilidad desde prototipos hasta producci\u00f3n en serie.<\/p><p>Nuestras principales capacidades incluyen:<br \/><strong>Fresado CNC<\/strong> - Fresado de alta precisi\u00f3n para metales y pl\u00e1sticos.<br \/><strong>Torneado CNC<\/strong> - Torneado eficaz de piezas cil\u00edndricas y personalizadas.<br \/><strong>Rectificado<\/strong> - Rectificado cil\u00edndrico y de superficies para acabados superiores y tolerancias estrechas.<br \/><strong>Mecanizado CNC de 3 ejes<\/strong> - Mecanizado fiable para geometr\u00edas est\u00e1ndar.<br \/><strong>Mecanizado CNC de 4 ejes<\/strong> - Mayor flexibilidad para elementos angulares y complejos.<br \/><strong>Mecanizado CNC de 5 ejes<\/strong> - Fabricaci\u00f3n avanzada de piezas complejas y de alta precisi\u00f3n.<br \/><strong>EDM<\/strong> (Mecanizado por descarga el\u00e9ctrica) - Incluye corte r\u00e1pido por hilo, corte medio por hilo y corte lento por hilo, lo que permite el mecanizado de precisi\u00f3n de materiales duros, detalles finos y contornos complejos.<br \/><strong>Fabricaci\u00f3n de moldes<\/strong> - Fabricaci\u00f3n profesional de herramientas y moldes para aplicaciones de moldeo por inyecci\u00f3n y producci\u00f3n.<br \/><strong>Impresi\u00f3n 3D<\/strong> - Creaci\u00f3n r\u00e1pida de prototipos con diversos materiales, ideal para la validaci\u00f3n de productos y la producci\u00f3n de bajo volumen.<br \/><a href=\"https:\/\/weldomachining.com\/es\/servicio\/otros-servicios\/extrusion-de-aluminio\/\"><strong>Extrusi\u00f3n de aluminio<\/strong><\/a>-Proceso en el que tochos de aleaci\u00f3n de aluminio calentados se fuerzan a trav\u00e9s de una matriz para obtener perfiles continuos con las formas y tama\u00f1os de secci\u00f3n transversal deseados.<br \/><strong><a href=\"https:\/\/weldomachining.com\/es\/servicio\/otros-servicios\/sheet-metal-fabrication\/\">Fabricaci\u00f3n de chapas met\u00e1licas<\/a><\/strong>-Proceso en el que tochos de aleaci\u00f3n de aluminio calentados se fuerzan a trav\u00e9s de una matriz para obtener perfiles continuos con las formas y tama\u00f1os de secci\u00f3n transversal deseados.<br \/>Prestamos servicio a industrias como la automovil\u00edstica, aeroespacial, electr\u00f3nica y de dispositivos m\u00e9dicos, proporcionando soluciones de precisi\u00f3n a medida con entrega global.<\/p>\t\t\t\t\t\t\t\t<\/div>\n\t\t\t\t\t<\/div>\n\t\t\t\t<\/div>\n\t\t\t\t<\/div>","protected":false},"excerpt":{"rendered":"<p>Service Engineering Solutions Across the Product Evolution SpectrumOur engineering expertise and flexible service offerings deliver tailored solutions to support every phase of your product journey. Whether you require rapid prototyping for concept validation, iterative design refinements, or high-volume manufacturing with precision tolerances, we serve as your integrated engineering partner committed to transforming ideas into reliable, [&hellip;]<\/p>\n","protected":false},"author":2,"featured_media":0,"parent":0,"menu_order":1,"comment_status":"closed","ping_status":"closed","template":"","meta":{"footnotes":""},"class_list":["post-18","page","type-page","status-publish","hentry"],"_links":{"self":[{"href":"https:\/\/weldomachining.com\/es\/wp-json\/wp\/v2\/pages\/18","targetHints":{"allow":["GET"]}}],"collection":[{"href":"https:\/\/weldomachining.com\/es\/wp-json\/wp\/v2\/pages"}],"about":[{"href":"https:\/\/weldomachining.com\/es\/wp-json\/wp\/v2\/types\/page"}],"author":[{"embeddable":true,"href":"https:\/\/weldomachining.com\/es\/wp-json\/wp\/v2\/users\/2"}],"replies":[{"embeddable":true,"href":"https:\/\/weldomachining.com\/es\/wp-json\/wp\/v2\/comments?post=18"}],"version-history":[{"count":9,"href":"https:\/\/weldomachining.com\/es\/wp-json\/wp\/v2\/pages\/18\/revisions"}],"predecessor-version":[{"id":9471,"href":"https:\/\/weldomachining.com\/es\/wp-json\/wp\/v2\/pages\/18\/revisions\/9471"}],"wp:attachment":[{"href":"https:\/\/weldomachining.com\/es\/wp-json\/wp\/v2\/media?parent=18"}],"curies":[{"name":"wp","href":"https:\/\/api.w.org\/{rel}","templated":true}]}}