{"id":578,"date":"2025-09-08T02:48:13","date_gmt":"2025-09-08T02:48:13","guid":{"rendered":"https:\/\/weldomachining.com\/?page_id=578"},"modified":"2025-09-08T10:41:28","modified_gmt":"2025-09-08T10:41:28","slug":"product","status":"publish","type":"page","link":"https:\/\/weldomachining.com\/es\/product\/","title":{"rendered":"Producto"},"content":{"rendered":"<div data-elementor-type=\"wp-page\" data-elementor-id=\"578\" class=\"elementor elementor-578\" data-elementor-post-type=\"page\">\n\t\t\t\t<div class=\"elementor-element elementor-element-c69f918 e-flex e-con-boxed e-con e-parent\" data-id=\"c69f918\" data-element_type=\"container\">\n\t\t\t\t\t<div class=\"e-con-inner\">\n\t\t\t\t<div class=\"elementor-element elementor-element-b7b14fe elementor-widget__width-initial elementor-widget elementor-widget-image\" data-id=\"b7b14fe\" data-element_type=\"widget\" data-widget_type=\"image.default\">\n\t\t\t\t\t\t\t\t\t\t\t\t\t\t\t<img fetchpriority=\"high\" decoding=\"async\" width=\"750\" height=\"750\" src=\"https:\/\/weldomachining.com\/wp-content\/uploads\/2025\/09\/0829402d7d70840e82f9c1631700122c.jpg\" class=\"attachment-large size-large wp-image-622\" alt=\"piezas met\u00e1licas cnc\" srcset=\"https:\/\/weldomachining.com\/wp-content\/uploads\/2025\/09\/0829402d7d70840e82f9c1631700122c.jpg 750w, https:\/\/weldomachining.com\/wp-content\/uploads\/2025\/09\/0829402d7d70840e82f9c1631700122c-300x300.jpg 300w, https:\/\/weldomachining.com\/wp-content\/uploads\/2025\/09\/0829402d7d70840e82f9c1631700122c-100x100.jpg 100w, https:\/\/weldomachining.com\/wp-content\/uploads\/2025\/09\/0829402d7d70840e82f9c1631700122c-600x600.jpg 600w, https:\/\/weldomachining.com\/wp-content\/uploads\/2025\/09\/0829402d7d70840e82f9c1631700122c-150x150.jpg 150w\" sizes=\"(max-width: 750px) 100vw, 750px\" \/>\t\t\t\t\t\t\t\t\t\t\t\t\t\t\t<\/div>\n\t\t\t\t<div class=\"elementor-element elementor-element-0dd75a8 elementor-widget elementor-widget-text-editor\" data-id=\"0dd75a8\" data-element_type=\"widget\" data-widget_type=\"text-editor.default\">\n\t\t\t\t\t\t\t\t\t<h1>Piezas met\u00e1licas CNC:\u00a0<\/h1><p><br \/>El mecanizado CNC (control num\u00e9rico por ordenador) se ha convertido en una tecnolog\u00eda clave en la fabricaci\u00f3n de piezas met\u00e1licas gracias a su gran precisi\u00f3n, eficacia y adaptabilidad de materiales. Desde la industria aeroespacial hasta la electr\u00f3nica de consumo, varios materiales met\u00e1licos pueden satisfacer diversos requisitos de rendimiento mediante el mecanizado CNC. A continuaci\u00f3n se muestran piezas met\u00e1licas comunes y sus aplicaciones:<\/p><h2>1. Aleaci\u00f3n de aluminio<\/h2><p><br \/>Propiedades: Ligero (densidad 2,7 g\/cm\u00b3), resistente a la corrosi\u00f3n, f\u00e1cil de mecanizar. El tratamiento t\u00e9rmico (por ejemplo, T6) mejora la resistencia, alcanzando una resistencia a la tracci\u00f3n de hasta 310 MPa.<br \/>Componentes t\u00edpicos:<br \/>Aeroespacial: Revestimientos de aviones, soportes (m\u00e1s de 30% de reducci\u00f3n de peso, mejora de la eficacia del combustible).<br \/>Electr\u00f3nica de consumo: Carcasas de port\u00e1tiles, marcos intermedios de smartphones (anodizados para acabados mate).<br \/>Automoci\u00f3n: Bloques de motor, cubos de rueda (disipaci\u00f3n t\u00e9rmica superior a la del hierro fundido, reducci\u00f3n de peso 50%).<\/p><h2>2. 2. Acero inoxidable<\/h2><p><br \/>Caracter\u00edsticas: Contenido de cromo \u226510,5%, excepcional resistencia a la corrosi\u00f3n (por ejemplo, calidades 304\/316L), alta resistencia (resistencia a la tracci\u00f3n 520-1030 MPa).<br \/>Aplicaciones t\u00edpicas:<br \/>Productos sanitarios: Instrumentos quir\u00fargicos, implantes (acero inoxidable 316L de calidad m\u00e9dica, conforme a las normas de biocompatibilidad ISO 5832-1).<br \/>Maquinaria de procesamiento de alimentos: Equipos de fabricaci\u00f3n de cerveza, tuber\u00edas (grado 304 resistente a la corrosi\u00f3n por cloruros, certificado por la FDA).<br \/>Acabados arquitect\u00f3nicos: Herrajes para muros cortina, pasamanos (acabado pulido espejo, rugosidad superficial Ra \u2264 0,05\u03bcm).<\/p><h2>3. Aleaciones de titanio<\/h2><p><br \/>Caracter\u00edsticas: Alta resistencia (relaci\u00f3n resistencia\/densidad dos veces superior a la del acero), resistencia a altas temperaturas (estable por debajo de 600\u00b0C), excelente biocompatibilidad.<br \/>Aplicaciones t\u00edpicas:<br \/>Aeroespacial: Palas de motor, trenes de aterrizaje (aleaci\u00f3n de titanio TC4, mayor resistencia a la fatiga que las aleaciones de aluminio).<br \/>\u00c1mbito m\u00e9dico: Articulaciones artificiales, implantes dentales (grado Ti6Al4V ELI, la porosidad ajustable favorece la osteointegraci\u00f3n).<br \/>Deportes de alta gama: Cuadros de bicicleta, cabezas de palos de golf (40% mejor amortiguaci\u00f3n, 60% m\u00e1s ligero que los componentes de acero).<\/p><h2>4. Aleaciones de cobre<\/h2><p><br \/>Caracter\u00edsticas: Conductividad el\u00e9ctrica excepcional (conductividad del cobre puro \u226598% IACS), conductividad t\u00e9rmica superior (conductividad t\u00e9rmica del lat\u00f3n 108W\/(m-K)), alta resistencia al desgaste.<br \/>Aplicaciones t\u00edpicas:<br \/>Electr\u00f3nica de potencia: Bloques de terminales, disipadores de calor (C1100 cobre puro, resistencia de contacto \u22640,5m\u03a9).<br \/>Industria del autom\u00f3vil: Casquillos de cojinete, engranajes (bronce de aluminio C95400, dureza hasta 30 HRC, vida \u00fatil 3 veces superior).<br \/>Aplicaciones decorativas: Componentes de relojes, esculturas (lat\u00f3n C26000, acabados superficiales de primera calidad mediante cepillado de alambre o chapado en oro).<\/p><h2>5. Aleaciones de magnesio<\/h2><p><br \/>Caracter\u00edsticas: Metal estructural m\u00e1s ligero (densidad 1,74 g\/cm\u00b3), gran rigidez (m\u00f3dulo el\u00e1stico 45 GPa), excelentes propiedades de amortiguaci\u00f3n de vibraciones.<br \/>Componentes t\u00edpicos:<br \/>Productos 3C: Carcasas de ordenadores port\u00e1tiles, marcos de c\u00e1maras (aleaci\u00f3n de magnesio AZ91D, blindaje electromagn\u00e9tico superior al de las aleaciones de aluminio).<br \/>Aligeramiento en automoci\u00f3n: Soportes del salpicadero, bastidores de los asientos (reducci\u00f3n significativa del peso: cada 100 kg de reducci\u00f3n disminuye el consumo de combustible en 0,3 l\/100 km).<br \/>Equipamiento deportivo: Tablas de snowboard, bujes de bicicleta (25% mejora la absorci\u00f3n de impactos, reduciendo el riesgo de lesiones deportivas).<\/p><h2>6. Acero para herramientas<\/h2><p><br \/>Caracter\u00edsticas: Alta dureza (HRC 58-65), dureza roja (retenci\u00f3n de dureza \u226550HRC a 600\u00b0C), fuerte resistencia al desgaste.<br \/>Aplicaciones t\u00edpicas:<br \/>Fabricaci\u00f3n de moldes: Moldes de inyecci\u00f3n, moldes de fundici\u00f3n a presi\u00f3n (acero H13, resistencia a la fatiga t\u00e9rmica superior a 100.000 ciclos).<br \/>Herramientas de corte: Brocas, fresas (acero r\u00e1pido M42, contiene 8% de cobalto, velocidad de corte 50% superior al acero est\u00e1ndar).<br \/>Herramientas de medici\u00f3n: Calibres, micr\u00f3metros (acero para rodamientos GCr15, estabilidad dimensional \u22641\u03bcm\/a\u00f1o).<\/p><h2>Conclusi\u00f3n<\/h2><p><br \/>El mecanizado CNC consigue una amplia cobertura de materiales -desde aleaciones ligeras de aluminio hasta aleaciones de titanio de alta temperatura, y desde aleaciones de cobre altamente conductoras hasta aceros ultraduros para herramientas- mediante un control preciso de las trayectorias de las herramientas y los par\u00e1metros de corte.<br \/>Tanto en el sector aeroespacial, donde se busca el m\u00e1ximo rendimiento, como en la industria de la electr\u00f3nica de consumo, donde se da prioridad a la rentabilidad, las piezas met\u00e1licas mecanizadas por CNC satisfacen las estrictas exigencias de fabricaci\u00f3n mediante la selecci\u00f3n de materiales y la optimizaci\u00f3n de procesos.<\/p>\t\t\t\t\t\t\t\t<\/div>\n\t\t\t\t\t<\/div>\n\t\t\t\t<\/div>\n\t\t\t\t<\/div>","protected":false},"excerpt":{"rendered":"<p>CNC Metal Parts:\u00a0 CNC (Computer Numerical Control) machining has become a core technology in metal part manufacturing due to its high precision, efficiency, and material adaptability. From aerospace to consumer electronics, various metal materials can meet diverse performance requirements through CNC processing. Below are common metal workpieces and their applications: 1. Aluminum Alloy Properties: Lightweight [&hellip;]<\/p>\n","protected":false},"author":2,"featured_media":0,"parent":0,"menu_order":0,"comment_status":"closed","ping_status":"closed","template":"","meta":{"footnotes":""},"class_list":["post-578","page","type-page","status-publish","hentry"],"_links":{"self":[{"href":"https:\/\/weldomachining.com\/es\/wp-json\/wp\/v2\/pages\/578","targetHints":{"allow":["GET"]}}],"collection":[{"href":"https:\/\/weldomachining.com\/es\/wp-json\/wp\/v2\/pages"}],"about":[{"href":"https:\/\/weldomachining.com\/es\/wp-json\/wp\/v2\/types\/page"}],"author":[{"embeddable":true,"href":"https:\/\/weldomachining.com\/es\/wp-json\/wp\/v2\/users\/2"}],"replies":[{"embeddable":true,"href":"https:\/\/weldomachining.com\/es\/wp-json\/wp\/v2\/comments?post=578"}],"version-history":[{"count":0,"href":"https:\/\/weldomachining.com\/es\/wp-json\/wp\/v2\/pages\/578\/revisions"}],"wp:attachment":[{"href":"https:\/\/weldomachining.com\/es\/wp-json\/wp\/v2\/media?parent=578"}],"curies":[{"name":"wp","href":"https:\/\/api.w.org\/{rel}","templated":true}]}}