{"id":583,"date":"2025-09-08T02:58:43","date_gmt":"2025-09-08T02:58:43","guid":{"rendered":"https:\/\/weldomachining.com\/?page_id=583"},"modified":"2025-10-28T01:43:53","modified_gmt":"2025-10-28T01:43:53","slug":"cnc-plastic-parts","status":"publish","type":"page","link":"https:\/\/weldomachining.com\/es\/cnc-plastic-parts\/","title":{"rendered":"Piezas de pl\u00e1stico CNC"},"content":{"rendered":"<div data-elementor-type=\"wp-page\" data-elementor-id=\"583\" class=\"elementor elementor-583\" data-elementor-post-type=\"page\">\n\t\t\t\t<div class=\"elementor-element elementor-element-e9ec6f4 e-flex e-con-boxed e-con e-parent\" data-id=\"e9ec6f4\" data-element_type=\"container\" data-e-type=\"container\">\n\t\t\t\t\t<div class=\"e-con-inner\">\n\t\t\t\t<div class=\"elementor-element elementor-element-77e883b elementor-widget elementor-widget-image\" data-id=\"77e883b\" data-element_type=\"widget\" data-e-type=\"widget\" data-widget_type=\"image.default\">\n\t\t\t\t\t\t\t\t\t\t\t\t<figure class=\"wp-caption\">\n\t\t\t\t\t\t\t\t\t\t<img fetchpriority=\"high\" decoding=\"async\" width=\"500\" height=\"500\" src=\"https:\/\/weldomachining.com\/wp-content\/uploads\/2025\/09\/cnc-plastic-parts.jpeg\" class=\"attachment-full size-full wp-image-639\" alt=\"piezas de pl\u00e1stico cnc\" srcset=\"https:\/\/weldomachining.com\/wp-content\/uploads\/2025\/09\/cnc-plastic-parts.jpeg 500w, https:\/\/weldomachining.com\/wp-content\/uploads\/2025\/09\/cnc-plastic-parts-300x300.jpeg 300w, https:\/\/weldomachining.com\/wp-content\/uploads\/2025\/09\/cnc-plastic-parts-100x100.jpeg 100w, https:\/\/weldomachining.com\/wp-content\/uploads\/2025\/09\/cnc-plastic-parts-150x150.jpeg 150w\" sizes=\"(max-width: 500px) 100vw, 500px\" \/>\t\t\t\t\t\t\t\t\t\t\t<figcaption class=\"widget-image-caption wp-caption-text\">muestra de piezas de pl\u00e1stico cnc<\/figcaption>\n\t\t\t\t\t\t\t\t\t\t<\/figure>\n\t\t\t\t\t\t\t\t\t<\/div>\n\t\t\t\t<div class=\"elementor-element elementor-element-609f162 elementor-widget elementor-widget-text-editor\" data-id=\"609f162\" data-element_type=\"widget\" data-e-type=\"widget\" data-widget_type=\"text-editor.default\">\n\t\t\t\t\t\t\t\t\t<h1>Piezas de pl\u00e1stico CNC:<\/h1><p><br \/>La tecnolog\u00eda de mecanizado CNC (Control Num\u00e9rico por Ordenador), conocida por su alta precisi\u00f3n y eficacia, est\u00e1 muy extendida en la fabricaci\u00f3n de componentes de pl\u00e1stico. Los distintos materiales pl\u00e1sticos, cada uno de los cuales posee propiedades f\u00edsicas y qu\u00edmicas \u00fanicas, son adecuados para distintos \u00e1mbitos de aplicaci\u00f3n. A continuaci\u00f3n se ofrece una descripci\u00f3n sistem\u00e1tica de los materiales pl\u00e1sticos m\u00e1s utilizados en el mecanizado CNC y sus principales \u00e1reas de aplicaci\u00f3n, con el objetivo de ayudarle en el dise\u00f1o de sus productos y en la selecci\u00f3n de materiales.<\/p><h2>I. Clasificaci\u00f3n y propiedades de los materiales pl\u00e1sticos CNC<\/h2><h3><br \/>1. Pl\u00e1sticos t\u00e9cnicos (tipo de alto rendimiento)<\/h3><p><br \/>Los pl\u00e1sticos t\u00e9cnicos ofrecen una resistencia mec\u00e1nica, una resistencia al calor y una estabilidad qu\u00edmica superiores, lo que los hace id\u00f3neos para componentes funcionales en entornos exigentes.<\/p><h4>ABS (acrilonitrilo butadieno estireno)<\/h4><p><br \/>Caracter\u00edsticas: Alta tenacidad, resistencia al impacto, f\u00e1cil maquinabilidad y buen brillo superficial.<br \/>Mecanizado CNC: Rendimiento de corte estable, adecuado para piezas estructurales complejas.<br \/>Aplicaciones: Carcasas de dispositivos electr\u00f3nicos (por ejemplo, routers, mandos a distancia), componentes interiores de autom\u00f3viles, prototipos de juguetes.<\/p><h4>PC (policarbonato)<\/h4><p><br \/>Caracter\u00edsticas: Alta transparencia (transmitancia luminosa \u226590%), resistencia al impacto, resistencia a altas temperaturas (-40\u00b0C a 130\u00b0C).<br \/>Mecanizado CNC: Requiere temperaturas de corte controladas para evitar el agrietamiento por tensi\u00f3n.<br \/>Aplicaciones: Lentes \u00f3pticas, carcasas de dispositivos m\u00e9dicos, viseras protectoras, cubiertas de l\u00e1mparas LED.<\/p><h4>PA (nailon, poliamida)<\/h4><p><br \/>Caracter\u00edsticas: Alta resistencia, resistencia al desgaste, autolubricante, absorci\u00f3n de humedad relativamente alta.<br \/>Mecanizado CNC: Utilice herramientas de carburo para minimizar las rebabas.<br \/>Aplicaciones: Engranajes, cojinetes, poleas, componentes del compartimento del motor de autom\u00f3viles.<\/p><h4>POM (Polioximetileno)<\/h4><p><br \/>Propiedades: Bajo coeficiente de fricci\u00f3n, alta rigidez, resistencia a la fatiga.<br \/>Mecanizado CNC: Fuerzas de corte bajas, adecuadas para el mecanizado de precisi\u00f3n de micropiezas.<br \/>Aplicaciones: Engranajes de precisi\u00f3n, componentes de transmisi\u00f3n, conectores electr\u00f3nicos.<\/p><h3>2. Pl\u00e1sticos de alto rendimiento (aplicaciones en entornos extremos)<\/h3><p><br \/>Adecuado para situaciones de alta temperatura, alta corrosi\u00f3n o alta carga. Mayor coste pero rendimiento excepcional.<\/p><h4>PEEK (Polieteretercetona)<\/h4><p><br \/>Propiedades: Resistencia a altas temperaturas (uso continuo hasta 260\u00b0C), resistencia a la corrosi\u00f3n qu\u00edmica, biocompatibilidad.<br \/>Mecanizado CNC: Requiere herramientas de diamante para evitar la deformaci\u00f3n a alta temperatura.<br \/>Aplicaciones: Componentes estructurales aeroespaciales, dispositivos m\u00e9dicos (por ejemplo, instrumentos quir\u00fargicos), piezas de equipos semiconductores.<\/p><h4>PI (poliimida)<\/h4><p><br \/>Propiedades: Resistencia a altas temperaturas (superiores a 300\u00b0C), fuerte aislamiento, resistencia a las radiaciones.<br \/>Mecanizado CNC: Material muy quebradizo; requiere par\u00e1metros de corte optimizados.<br \/>Aplicaciones: Sustratos de placas de circuitos flexibles, capas de aislamiento t\u00e9rmico de naves espaciales, componentes de la industria nuclear.<\/p><h4>PPS (sulfuro de polifenileno)<\/h4><p><br \/>Propiedades: Resistencia a altas temperaturas, resistencia a disolventes, excelente estabilidad dimensional.<br \/>Maquinabilidad CNC: Propenso a la electricidad est\u00e1tica durante el corte; requiere control de polvo.<br \/>Aplicaciones: Sensores de automoci\u00f3n, encapsulado de componentes electr\u00f3nicos, cuerpos de bombas qu\u00edmicas.<\/p><h3>3. Pl\u00e1sticos de uso general (tipo de bajo coste)<\/h3><p>Bajo coste, f\u00e1cil de procesar; adecuado para estructuras no cr\u00edticas o art\u00edculos desechables.<\/p><h4>PMMA (acr\u00edlico, polimetacrilato de metilo)<\/h4><p><br \/>Propiedades: Alta transparencia (transmitancia de luz 92%), alta dureza superficial, propensa a la fractura fr\u00e1gil.<br \/>Mecanizado CNC: La velocidad de avance debe controlarse para evitar el astillado.<br \/>Aplicaciones: Expositores, pantallas de l\u00e1mparas, gu\u00edas de luz de instrumentos \u00f3pticos.<\/p><h4>PP (polipropileno)<\/h4><p><br \/>Propiedades: Resistencia qu\u00edmica, buena tenacidad, baja densidad (0,9 g\/cm\u00b3).<br \/>Mecanizado CNC: Propenso a rebabas, requiere rectificado secundario.<br \/>Aplicaciones: Contenedores qu\u00edmicos, art\u00edculos de uso diario (por ejemplo, vasos de agua), parachoques de autom\u00f3viles.<\/p><h4>PE (polietileno)<\/h4><p><br \/>Propiedades: Resistencia a bajas temperaturas, excelente flexibilidad, buen aislamiento el\u00e9ctrico.<br \/>Mecanizado CNC: Material blando, requiere herramientas de corte afiladas.<br \/>Aplicaciones: Accesorios de tuber\u00edas, juntas, materiales de embalaje.<\/p><h3>4. Pl\u00e1sticos especiales (orientados a la funci\u00f3n)<\/h3><p><br \/>Materiales dise\u00f1ados para cumplir requisitos espec\u00edficos, como la conductividad, la conductividad t\u00e9rmica o la resistencia al fuego.<\/p><h4>Pl\u00e1sticos conductores (por ejemplo, PC\/ABS + fibra de carbono)<\/h4><p><br \/>Propiedades: Resistividad superficial 10\u00b3~10\u2076\u03a9, antiest\u00e1tico.<br \/>Aplicaciones: Carcasas de dispositivos electr\u00f3nicos (apantallamiento CEM), componentes de equipos de miner\u00eda.<\/p><h4>Pl\u00e1sticos conductores t\u00e9rmicos (por ejemplo, PA + grafeno)<\/h4><p><br \/>Propiedades: Conductividad t\u00e9rmica 5-20 W\/(m-K), sustituye al metal para la disipaci\u00f3n del calor.<br \/>Aplicaciones: Disipadores de calor LED, carcasas de m\u00f3dulos de potencia.<\/p><h4>Pl\u00e1sticos ign\u00edfugos (por ejemplo, PC + retardantes de llama)<\/h4><p><br \/>Propiedades: Certificado UL94 V-0, autoextinguible al retirar la llama.<br \/>Aplicaciones: Carcasas de electrodom\u00e9sticos, componentes estructurales de estaciones de carga.<\/p>\t\t\t\t\t\t\t\t<\/div>\n\t\t\t\t\t<\/div>\n\t\t\t\t<\/div>\n\t\t\t\t<\/div>","protected":false},"excerpt":{"rendered":"<p>cnc plastic parts sample CNC Plastic Parts: CNC (Computer Numerical Control) machining technology, renowned for its high precision and efficiency, is widely adopted in plastic component manufacturing. Different plastic materials, each possessing unique physical and chemical properties, are suited for distinct application domains. The following provides a systematic overview of commonly used plastic materials in [&hellip;]<\/p>\n","protected":false},"author":2,"featured_media":0,"parent":0,"menu_order":0,"comment_status":"closed","ping_status":"closed","template":"","meta":{"footnotes":""},"class_list":["post-583","page","type-page","status-publish","hentry"],"_links":{"self":[{"href":"https:\/\/weldomachining.com\/es\/wp-json\/wp\/v2\/pages\/583","targetHints":{"allow":["GET"]}}],"collection":[{"href":"https:\/\/weldomachining.com\/es\/wp-json\/wp\/v2\/pages"}],"about":[{"href":"https:\/\/weldomachining.com\/es\/wp-json\/wp\/v2\/types\/page"}],"author":[{"embeddable":true,"href":"https:\/\/weldomachining.com\/es\/wp-json\/wp\/v2\/users\/2"}],"replies":[{"embeddable":true,"href":"https:\/\/weldomachining.com\/es\/wp-json\/wp\/v2\/comments?post=583"}],"version-history":[{"count":0,"href":"https:\/\/weldomachining.com\/es\/wp-json\/wp\/v2\/pages\/583\/revisions"}],"wp:attachment":[{"href":"https:\/\/weldomachining.com\/es\/wp-json\/wp\/v2\/media?parent=583"}],"curies":[{"name":"wp","href":"https:\/\/api.w.org\/{rel}","templated":true}]}}