{"id":9137,"date":"2026-04-01T02:42:40","date_gmt":"2026-04-01T02:42:40","guid":{"rendered":"https:\/\/weldomachining.com\/?page_id=9137"},"modified":"2026-04-01T02:46:25","modified_gmt":"2026-04-01T02:46:25","slug":"privacy-policy-2","status":"publish","type":"page","link":"https:\/\/weldomachining.com\/es\/privacy-policy-2\/","title":{"rendered":"POL\u00cdTICA DE PRIVACIDAD"},"content":{"rendered":"<div data-elementor-type=\"wp-page\" data-elementor-id=\"9137\" class=\"elementor elementor-9137\" data-elementor-post-type=\"page\">\n\t\t\t\t<div class=\"elementor-element elementor-element-bd9e11a e-flex e-con-boxed e-con e-parent\" data-id=\"bd9e11a\" data-element_type=\"container\">\n\t\t\t\t\t<div class=\"e-con-inner\">\n\t\t\t\t<div class=\"elementor-element elementor-element-dc25b87 elementor-widget elementor-widget-text-editor\" data-id=\"dc25b87\" data-element_type=\"widget\" data-widget_type=\"text-editor.default\">\n\t\t\t\t\t\t\t\t\t<div class=\"elementor-element elementor-element-5014ae0 gt2 elementor-widget elementor-widget-heading\" data-id=\"5014ae0\" data-element_type=\"widget\" data-e-type=\"widget\" data-widget_type=\"heading.default\"><div class=\"elementor-widget-container\"><h1 class=\"elementor-heading-title elementor-size-default\">POL\u00cdTICA DE PRIVACIDAD<\/h1><\/div><\/div><div class=\"elementor-element elementor-element-63cfa64 elementor-widget elementor-widget-heading\" data-id=\"63cfa64\" data-element_type=\"widget\" data-e-type=\"widget\" data-widget_type=\"heading.default\"><div class=\"elementor-widget-container\">\u00a0<\/div><\/div>\t\t\t\t\t\t\t\t<\/div>\n\t\t\t\t\t<\/div>\n\t\t\t\t<\/div>\n\t\t<div class=\"elementor-element elementor-element-e3c3c46 e-flex e-con-boxed e-con e-parent\" data-id=\"e3c3c46\" data-element_type=\"container\">\n\t\t\t\t\t<div class=\"e-con-inner\">\n\t\t\t\t<div class=\"elementor-element elementor-element-782fd8f elementor-widget elementor-widget-text-editor\" data-id=\"782fd8f\" data-element_type=\"widget\" data-widget_type=\"text-editor.default\">\n\t\t\t\t\t\t\t\t\t<p data-start=\"71\" data-end=\"501\">Esta Pol\u00edtica de Privacidad describe c\u00f3mo Weld Machining (en adelante \"nosotros\") recopila, utiliza y divulga la informaci\u00f3n que usted nos proporciona al utilizar nuestro sitio web (<a href=\"https:\/\/weldomachining.com\/es\/\" target=\"_blank\">https:\/\/www.weldomachining.com<\/a>). Al acceder o utilizar este Servicio, usted acepta la recogida, uso y divulgaci\u00f3n de su informaci\u00f3n tal y como se describe en esta Pol\u00edtica de Privacidad. Si no est\u00e1 de acuerdo, no acceda ni utilice el Servicio.<\/p>\n<p data-start=\"508\" data-end=\"825\"><strong data-start=\"508\" data-end=\"523\">Sus derechos<\/strong><br data-start=\"523\" data-end=\"526\">En virtud de la legislaci\u00f3n aplicable, usted puede tener derecho a acceder a sus datos personales, rectificarlos o suprimirlos, o a solicitar una copia de los mismos. Tambi\u00e9n puede restringir el tratamiento de sus datos u oponerse a \u00e9l, retirar cualquier consentimiento previo concedido para el tratamiento de datos y presentar reclamaciones ante las autoridades reguladoras.<\/p>\n<p data-start=\"832\" data-end=\"1184\"><strong data-start=\"832\" data-end=\"863\">Datos y estad\u00edsticas del sitio web<\/strong><br data-start=\"863\" data-end=\"866\">Recogemos autom\u00e1ticamente datos no personales o agregados, como p\u00e1ginas vistas, duraci\u00f3n de la estancia, tipo de navegador, informaci\u00f3n del dispositivo y direcciones IP, para optimizar nuestros servicios. Estos datos se utilizan \u00fanicamente para analizar el rendimiento del sitio web y mejorar el contenido y las funciones, y no identifican a personas concretas.<\/p>\n<p data-start=\"1191\" data-end=\"1809\"><strong data-start=\"1191\" data-end=\"1228\">Cookies y tecnolog\u00edas de seguimiento<\/strong><br data-start=\"1228\" data-end=\"1231\">Para mejorar la experiencia del usuario, podemos utilizar cookies y tecnolog\u00edas similares para almacenar informaci\u00f3n no sensible, como el estado de aceptaci\u00f3n del navegador, el estado de inicio de sesi\u00f3n y las preferencias de visualizaci\u00f3n de la p\u00e1gina. Las cookies temporales se utilizan para detectar el estado de aceptaci\u00f3n de cookies del navegador y se eliminan al cerrar el navegador. Las cookies relacionadas con el inicio de sesi\u00f3n se almacenan durante dos d\u00edas, y la configuraci\u00f3n \"Recu\u00e9rdame\" puede conservarse hasta dos semanas. Las cookies de opciones de pantalla se almacenan durante un a\u00f1o. Puede ajustar las preferencias de cookies a trav\u00e9s de la configuraci\u00f3n de su navegador, pero desactivar las cookies puede afectar a ciertas funcionalidades.<\/p>\n<p data-start=\"1816\" data-end=\"2163\"><strong data-start=\"1816\" data-end=\"1828\">Seguridad<\/strong><br data-start=\"1828\" data-end=\"1831\">La seguridad de su informaci\u00f3n es importante para nosotros. Tomamos medidas de seguridad razonables para proteger su informaci\u00f3n contra el acceso no autorizado, la alteraci\u00f3n o el uso indebido. Sin embargo, debido a los riesgos inherentes a la transmisi\u00f3n de datos, no podemos garantizar una seguridad absoluta, y usted acepta el riesgo que conlleva transmitirnos informaci\u00f3n.<\/p>\n<p data-start=\"2170\" data-end=\"2620\"><strong data-start=\"2170\" data-end=\"2210\">Contenido incrustado de otros sitios web<\/strong><br data-start=\"2210\" data-end=\"2213\">Nuestros art\u00edculos pueden incluir contenido incrustado (por ejemplo, v\u00eddeos, im\u00e1genes, art\u00edculos). El contenido incrustado de otros sitios web se comporta de la misma manera que si usted visitara esos sitios web directamente. Estos sitios web pueden recopilar datos sobre usted, utilizar cookies, incrustar herramientas de seguimiento adicionales de terceros y supervisar su interacci\u00f3n con el contenido incrustado, especialmente si tiene una cuenta en ese sitio web y ha iniciado sesi\u00f3n.<\/p>\n<p data-start=\"2627\" data-end=\"2741\"><strong data-start=\"2627\" data-end=\"2664\">Compartir su informaci\u00f3n personal<\/strong><br data-start=\"2664\" data-end=\"2667\">S\u00f3lo compartimos su informaci\u00f3n personal en las siguientes circunstancias:<\/p>\n<ul data-start=\"2742\" data-end=\"3100\">\n<li data-section-id=\"15qtml0\" data-start=\"2742\" data-end=\"2973\">En la medida necesaria para prestar el servicio y compartirla con terceros asociados que colaboran en el funcionamiento de nuestro sitio web y nuestros servicios (estos asociados est\u00e1n obligados a mantener la confidencialidad de la informaci\u00f3n y a no utilizarla para otros fines).<\/li>\n<li data-section-id=\"ez0q2z\" data-start=\"2974\" data-end=\"3100\">Para cumplir la legislaci\u00f3n aplicable, responder a requerimientos legales como citaciones u \u00f3rdenes judiciales, o proteger nuestros derechos y propiedad.<\/li>\n<\/ul>\n<p data-start=\"3102\" data-end=\"3202\">No compartiremos su informaci\u00f3n personal con terceros m\u00e1s all\u00e1 de estas circunstancias.<\/p>\n<p data-start=\"3209\" data-end=\"3376\"><strong data-start=\"3209\" data-end=\"3240\">Con qui\u00e9n compartimos sus datos<\/strong><br data-start=\"3240\" data-end=\"3243\">Si solicita un restablecimiento de contrase\u00f1a, su direcci\u00f3n IP se incluir\u00e1 en el correo electr\u00f3nico de restablecimiento con fines de verificaci\u00f3n de identidad y seguridad.<\/p>\n<p data-start=\"3383\" data-end=\"4078\"><strong data-start=\"3383\" data-end=\"3415\">Cu\u00e1nto tiempo conservamos sus datos<\/strong><br data-start=\"3415\" data-end=\"3418\">Si env\u00eda informaci\u00f3n de consulta, deja un mensaje o registra una cuenta, los datos personales se conservar\u00e1n durante el periodo de funcionamiento del servicio y el periodo de conservaci\u00f3n legal para prestar servicios continuados, responder a solicitudes y cumplir obligaciones legales. En el caso de los usuarios registrados, los datos personales proporcionados se almacenar\u00e1n en su perfil. Los usuarios pueden ver, editar o borrar su informaci\u00f3n personal en cualquier momento (excepto los nombres de usuario). Los administradores del sitio tambi\u00e9n pueden ver y editar esta informaci\u00f3n. Si ejerce su derecho a eliminar su informaci\u00f3n personal, la borraremos inmediatamente despu\u00e9s de verificar su identidad, a menos que la ley nos obligue a conservarla.<\/p>\n<p data-start=\"4085\" data-end=\"4485\"><strong data-start=\"4085\" data-end=\"4113\">Sus derechos sobre sus datos<\/strong><br data-start=\"4113\" data-end=\"4116\">Si tiene una cuenta en el sitio web o ha enviado informaci\u00f3n relevante, puede solicitar que le enviemos una exportaci\u00f3n de los datos personales que tenemos sobre usted, incluidos los datos que nos haya facilitado. Tambi\u00e9n puede solicitar que eliminemos cualquier dato personal que tengamos sobre usted, pero esto no incluye los datos que debamos conservar por motivos administrativos, legales o de seguridad.<\/p>\n<p data-start=\"4492\" data-end=\"4916\"><strong data-start=\"4492\" data-end=\"4502\">Menores<\/strong><br data-start=\"4502\" data-end=\"4505\">Este sitio web no est\u00e1 destinado a personas menores de 18 a\u00f1os. No recopilamos conscientemente datos personales de menores de 18 a\u00f1os. Si usted es padre o tutor y descubre que su hijo nos ha proporcionado datos personales, p\u00f3ngase en contacto con nosotros. Si descubrimos que hemos recopilado datos personales de ni\u00f1os sin verificar el consentimiento paterno, tomaremos medidas para eliminar dicha informaci\u00f3n de nuestros servidores.<\/p>\n<p data-start=\"4923\" data-end=\"5180\"><strong data-start=\"4923\" data-end=\"4963\">Responsable de reclamaciones y protecci\u00f3n de datos<\/strong><br data-start=\"4963\" data-end=\"4966\">Si tiene alguna pregunta o duda sobre c\u00f3mo tratamos sus datos personales, puede enviar un correo electr\u00f3nico a nuestro responsable de protecci\u00f3n de datos a la direcci\u00f3n <a class=\"decorated-link cursor-pointer\" rel=\"noopener\" data-start=\"5090\" data-end=\"5113\"><b><i>cg@weldomachining.com<\/i><\/b><\/a>. Trataremos sus preocupaciones de conformidad con la legislaci\u00f3n aplicable.<\/p>\n<p data-start=\"5187\" data-end=\"5337\">Weld Machining valora su privacidad y se compromete a procesar su informaci\u00f3n personal de forma rigurosa y conforme a las normas para proteger sus derechos.<\/p>\t\t\t\t\t\t\t\t<\/div>\n\t\t\t\t\t<\/div>\n\t\t\t\t<\/div>\n\t\t<div class=\"elementor-element elementor-element-1ed9857 e-flex e-con-boxed e-con e-parent\" data-id=\"1ed9857\" data-element_type=\"container\">\n\t\t\t\t\t<div class=\"e-con-inner\">\n\t\t\t\t<div class=\"elementor-element elementor-element-48e0271 elementor-widget elementor-widget-text-editor\" data-id=\"48e0271\" data-element_type=\"widget\" data-widget_type=\"text-editor.default\">\n\t\t\t\t\t\t\t\t\t<p>\u00daltima actualizaci\u00f3n el 31\/Marzo\/2026<\/p><p>Fecha de entrada en vigor: 31\/Marzo\/2026<\/p>\t\t\t\t\t\t\t\t<\/div>\n\t\t\t\t\t<\/div>\n\t\t\t\t<\/div>\n\t\t\t\t<\/div>","protected":false},"excerpt":{"rendered":"<p>PRIVACY POLICY \u00a0 This Privacy Policy outlines how Weld Machining (hereinafter \u201cwe\u201d) collects, uses, and discloses the information you provide while using our website (https:\/\/www.weldomachining.com). By accessing or using this Service, you agree to the collection, use, and disclosure of your information as described in this Privacy Policy. If you disagree, please do not access [&hellip;]<\/p>\n","protected":false},"author":2,"featured_media":0,"parent":0,"menu_order":0,"comment_status":"closed","ping_status":"closed","template":"","meta":{"footnotes":""},"class_list":["post-9137","page","type-page","status-publish","hentry"],"_links":{"self":[{"href":"https:\/\/weldomachining.com\/es\/wp-json\/wp\/v2\/pages\/9137","targetHints":{"allow":["GET"]}}],"collection":[{"href":"https:\/\/weldomachining.com\/es\/wp-json\/wp\/v2\/pages"}],"about":[{"href":"https:\/\/weldomachining.com\/es\/wp-json\/wp\/v2\/types\/page"}],"author":[{"embeddable":true,"href":"https:\/\/weldomachining.com\/es\/wp-json\/wp\/v2\/users\/2"}],"replies":[{"embeddable":true,"href":"https:\/\/weldomachining.com\/es\/wp-json\/wp\/v2\/comments?post=9137"}],"version-history":[{"count":4,"href":"https:\/\/weldomachining.com\/es\/wp-json\/wp\/v2\/pages\/9137\/revisions"}],"predecessor-version":[{"id":9141,"href":"https:\/\/weldomachining.com\/es\/wp-json\/wp\/v2\/pages\/9137\/revisions\/9141"}],"wp:attachment":[{"href":"https:\/\/weldomachining.com\/es\/wp-json\/wp\/v2\/media?parent=9137"}],"curies":[{"name":"wp","href":"https:\/\/api.w.org\/{rel}","templated":true}]}}