{"id":14,"date":"2025-09-02T06:38:19","date_gmt":"2025-09-02T06:38:19","guid":{"rendered":"https:\/\/weldomachining.com\/?page_id=14"},"modified":"2026-03-31T07:30:25","modified_gmt":"2026-03-31T07:30:25","slug":"nous-contacter","status":"publish","type":"page","link":"https:\/\/weldomachining.com\/fr\/nous-contacter\/","title":{"rendered":"Contactez nous"},"content":{"rendered":"<div data-elementor-type=\"wp-page\" data-elementor-id=\"14\" class=\"elementor elementor-14\" data-elementor-post-type=\"page\">\n\t\t\t\t<div class=\"elementor-element elementor-element-d9f7b41 e-flex e-con-boxed e-con e-parent\" data-id=\"d9f7b41\" data-element_type=\"container\" data-settings=\"{&quot;background_background&quot;:&quot;classic&quot;}\">\n\t\t\t\t\t<div class=\"e-con-inner\">\n\t\t\t\t<div class=\"elementor-element elementor-element-59c941b elementor-widget__width-initial elementor-widget elementor-widget-text-editor\" data-id=\"59c941b\" data-element_type=\"widget\" data-widget_type=\"text-editor.default\">\n\t\t\t\t\t\t\t\t\t<h1>Contactez nous\u00a0<\/h1>\t\t\t\t\t\t\t\t<\/div>\n\t\t\t\t\t<\/div>\n\t\t\t\t<\/div>\n\t\t<div class=\"elementor-element elementor-element-d9ab9a3 e-flex e-con-boxed e-con e-parent\" data-id=\"d9ab9a3\" data-element_type=\"container\">\n\t\t\t\t\t<div class=\"e-con-inner\">\n\t\t\t\t<div class=\"elementor-element elementor-element-6b047a9 elementor-widget elementor-widget-image-gallery\" data-id=\"6b047a9\" data-element_type=\"widget\" data-widget_type=\"image-gallery.default\">\n\t\t\t\t\t\t\t<div class=\"elementor-image-gallery\">\n\t\t\t<div id='gallery-1' class='gallery galleryid-14 gallery-columns-4 gallery-size-medium'><figure class='gallery-item'>\n\t\t\t<div class='gallery-icon landscape'>\n\t\t\t\t<img fetchpriority=\"high\" decoding=\"async\" width=\"300\" height=\"225\" src=\"https:\/\/weldomachining.com\/wp-content\/uploads\/2025\/10\/5-axis-cnc-machining-work-room-300x225.webp\" class=\"attachment-medium size-medium\" alt=\"Salle d&#039;usinage \u00e0 commande num\u00e9rique \u00e0 5 axes\" aria-describedby=\"gallery-1-3217\" srcset=\"https:\/\/weldomachining.com\/wp-content\/uploads\/2025\/10\/5-axis-cnc-machining-work-room-300x225.webp 300w, https:\/\/weldomachining.com\/wp-content\/uploads\/2025\/10\/5-axis-cnc-machining-work-room-600x450.webp 600w, https:\/\/weldomachining.com\/wp-content\/uploads\/2025\/10\/5-axis-cnc-machining-work-room-16x12.webp 16w, https:\/\/weldomachining.com\/wp-content\/uploads\/2025\/10\/5-axis-cnc-machining-work-room.webp 700w\" sizes=\"(max-width: 300px) 100vw, 300px\" \/>\n\t\t\t<\/div>\n\t\t\t\t<figcaption class='wp-caption-text gallery-caption' id='gallery-1-3217'>\n\t\t\t\tSalle d'usinage \u00e0 commande num\u00e9rique \u00e0 5 axes\n\t\t\t\t<\/figcaption><\/figure><figure class='gallery-item'>\n\t\t\t<div class='gallery-icon landscape'>\n\t\t\t\t<img decoding=\"async\" width=\"300\" height=\"225\" src=\"https:\/\/weldomachining.com\/wp-content\/uploads\/2025\/11\/Hurco-5-axis-cnc-machine-300x225.webp\" class=\"attachment-medium size-medium\" alt=\"Machine \u00e0 commande num\u00e9rique Hurco 5 axes\" aria-describedby=\"gallery-1-3420\" srcset=\"https:\/\/weldomachining.com\/wp-content\/uploads\/2025\/11\/Hurco-5-axis-cnc-machine-300x225.webp 300w, https:\/\/weldomachining.com\/wp-content\/uploads\/2025\/11\/Hurco-5-axis-cnc-machine-16x12.webp 16w, https:\/\/weldomachining.com\/wp-content\/uploads\/2025\/11\/Hurco-5-axis-cnc-machine.webp 600w\" sizes=\"(max-width: 300px) 100vw, 300px\" \/>\n\t\t\t<\/div>\n\t\t\t\t<figcaption class='wp-caption-text gallery-caption' id='gallery-1-3420'>\n\t\t\t\tMachine \u00e0 commande num\u00e9rique Hurco 5 axes\n\t\t\t\t<\/figcaption><\/figure><figure class='gallery-item'>\n\t\t\t<div class='gallery-icon landscape'>\n\t\t\t\t<img decoding=\"async\" width=\"300\" height=\"225\" src=\"https:\/\/weldomachining.com\/wp-content\/uploads\/2025\/10\/5-axis-cnc-machining-stainless-steel-car-engine-part-6-300x225.webp\" class=\"attachment-medium size-medium\" alt=\"Usinage CNC 5 axes de pi\u00e8ces de moteur de voiture en acier inoxydable (6)\" aria-describedby=\"gallery-1-1753\" srcset=\"https:\/\/weldomachining.com\/wp-content\/uploads\/2025\/10\/5-axis-cnc-machining-stainless-steel-car-engine-part-6-300x225.webp 300w, https:\/\/weldomachining.com\/wp-content\/uploads\/2025\/10\/5-axis-cnc-machining-stainless-steel-car-engine-part-6-600x450.webp 600w, https:\/\/weldomachining.com\/wp-content\/uploads\/2025\/10\/5-axis-cnc-machining-stainless-steel-car-engine-part-6.webp 700w\" sizes=\"(max-width: 300px) 100vw, 300px\" \/>\n\t\t\t<\/div>\n\t\t\t\t<figcaption class='wp-caption-text gallery-caption' id='gallery-1-1753'>\n\t\t\t\tUsinage CNC 5 axes de pi\u00e8ces de moteur de voiture en acier inoxydable (6)\n\t\t\t\t<\/figcaption><\/figure><figure class='gallery-item'>\n\t\t\t<div class='gallery-icon landscape'>\n\t\t\t\t<img loading=\"lazy\" decoding=\"async\" width=\"300\" height=\"225\" src=\"https:\/\/weldomachining.com\/wp-content\/uploads\/2025\/10\/\u5fae\u4fe1\u56fe\u7247_20251031153815-300x225.webp\" class=\"attachment-medium size-medium\" alt=\"pi\u00e8ce en aluminium 6061-t6 usin\u00e9e en CNC\" aria-describedby=\"gallery-1-3262\" srcset=\"https:\/\/weldomachining.com\/wp-content\/uploads\/2025\/10\/\u5fae\u4fe1\u56fe\u7247_20251031153815-300x225.webp 300w, https:\/\/weldomachining.com\/wp-content\/uploads\/2025\/10\/\u5fae\u4fe1\u56fe\u7247_20251031153815-600x450.webp 600w, https:\/\/weldomachining.com\/wp-content\/uploads\/2025\/10\/\u5fae\u4fe1\u56fe\u7247_20251031153815-16x12.webp 16w, https:\/\/weldomachining.com\/wp-content\/uploads\/2025\/10\/\u5fae\u4fe1\u56fe\u7247_20251031153815.webp 750w\" sizes=\"(max-width: 300px) 100vw, 300px\" \/>\n\t\t\t<\/div>\n\t\t\t\t<figcaption class='wp-caption-text gallery-caption' id='gallery-1-3262'>\n\t\t\t\tpi\u00e8ce en aluminium 6061-t6 usin\u00e9e en CNC\n\t\t\t\t<\/figcaption><\/figure><figure class='gallery-item'>\n\t\t\t<div class='gallery-icon landscape'>\n\t\t\t\t<img loading=\"lazy\" decoding=\"async\" width=\"300\" height=\"225\" src=\"https:\/\/weldomachining.com\/wp-content\/uploads\/2025\/11\/cnc-machining-pom-part-1-300x225.webp\" class=\"attachment-medium size-medium\" alt=\"Pi\u00e8ce de pr\u00e9cision en pvc avec usinage 5 axes\" aria-describedby=\"gallery-1-3482\" srcset=\"https:\/\/weldomachining.com\/wp-content\/uploads\/2025\/11\/cnc-machining-pom-part-1-300x225.webp 300w, https:\/\/weldomachining.com\/wp-content\/uploads\/2025\/11\/cnc-machining-pom-part-1-600x450.webp 600w, https:\/\/weldomachining.com\/wp-content\/uploads\/2025\/11\/cnc-machining-pom-part-1-16x12.webp 16w, https:\/\/weldomachining.com\/wp-content\/uploads\/2025\/11\/cnc-machining-pom-part-1.webp 700w\" sizes=\"(max-width: 300px) 100vw, 300px\" \/>\n\t\t\t<\/div>\n\t\t\t\t<figcaption class='wp-caption-text gallery-caption' id='gallery-1-3482'>\n\t\t\t\tPi\u00e8ce de pr\u00e9cision en pvc avec usinage 5 axes\n\t\t\t\t<\/figcaption><\/figure><figure class='gallery-item'>\n\t\t\t<div class='gallery-icon landscape'>\n\t\t\t\t<img loading=\"lazy\" decoding=\"async\" width=\"300\" height=\"225\" src=\"https:\/\/weldomachining.com\/wp-content\/uploads\/2025\/10\/\u5fae\u4fe1\u56fe\u7247_20251010162345-1-300x225.webp\" class=\"attachment-medium size-medium\" alt=\"pi\u00e8ce d&#039;engrenage ronde en aluminium usin\u00e9e par cnc\" aria-describedby=\"gallery-1-3197\" srcset=\"https:\/\/weldomachining.com\/wp-content\/uploads\/2025\/10\/\u5fae\u4fe1\u56fe\u7247_20251010162345-1-300x225.webp 300w, https:\/\/weldomachining.com\/wp-content\/uploads\/2025\/10\/\u5fae\u4fe1\u56fe\u7247_20251010162345-1-600x450.webp 600w, https:\/\/weldomachining.com\/wp-content\/uploads\/2025\/10\/\u5fae\u4fe1\u56fe\u7247_20251010162345-1-16x12.webp 16w, https:\/\/weldomachining.com\/wp-content\/uploads\/2025\/10\/\u5fae\u4fe1\u56fe\u7247_20251010162345-1.webp 700w\" sizes=\"(max-width: 300px) 100vw, 300px\" \/>\n\t\t\t<\/div>\n\t\t\t\t<figcaption class='wp-caption-text gallery-caption' id='gallery-1-3197'>\n\t\t\t\tpi\u00e8ce d'engrenage ronde en aluminium usin\u00e9e par cnc\n\t\t\t\t<\/figcaption><\/figure><figure class='gallery-item'>\n\t\t\t<div class='gallery-icon landscape'>\n\t\t\t\t<img loading=\"lazy\" decoding=\"async\" width=\"300\" height=\"225\" src=\"https:\/\/weldomachining.com\/wp-content\/uploads\/2025\/11\/weldo-quality-assurance-center-300x225.webp\" class=\"attachment-medium size-medium\" alt=\"centre d&#039;assurance qualit\u00e9 weldo\" aria-describedby=\"gallery-1-3764\" srcset=\"https:\/\/weldomachining.com\/wp-content\/uploads\/2025\/11\/weldo-quality-assurance-center-300x225.webp 300w, https:\/\/weldomachining.com\/wp-content\/uploads\/2025\/11\/weldo-quality-assurance-center-16x12.webp 16w, https:\/\/weldomachining.com\/wp-content\/uploads\/2025\/11\/weldo-quality-assurance-center.webp 700w\" sizes=\"(max-width: 300px) 100vw, 300px\" \/>\n\t\t\t<\/div>\n\t\t\t\t<figcaption class='wp-caption-text gallery-caption' id='gallery-1-3764'>\n\t\t\t\tcentre d'assurance qualit\u00e9 weldo\n\t\t\t\t<\/figcaption><\/figure><figure class='gallery-item'>\n\t\t\t<div class='gallery-icon landscape'>\n\t\t\t\t<img loading=\"lazy\" decoding=\"async\" width=\"300\" height=\"225\" src=\"https:\/\/weldomachining.com\/wp-content\/uploads\/2025\/11\/cnc-machined-part-packaging-workshop-300x225.webp\" class=\"attachment-medium size-medium\" alt=\"atelier de conditionnement de pi\u00e8ces usin\u00e9es en cnc weldo\" aria-describedby=\"gallery-1-3666\" srcset=\"https:\/\/weldomachining.com\/wp-content\/uploads\/2025\/11\/cnc-machined-part-packaging-workshop-300x225.webp 300w, https:\/\/weldomachining.com\/wp-content\/uploads\/2025\/11\/cnc-machined-part-packaging-workshop-600x450.webp 600w, https:\/\/weldomachining.com\/wp-content\/uploads\/2025\/11\/cnc-machined-part-packaging-workshop-16x12.webp 16w, https:\/\/weldomachining.com\/wp-content\/uploads\/2025\/11\/cnc-machined-part-packaging-workshop.webp 750w\" sizes=\"(max-width: 300px) 100vw, 300px\" \/>\n\t\t\t<\/div>\n\t\t\t\t<figcaption class='wp-caption-text gallery-caption' id='gallery-1-3666'>\n\t\t\t\tatelier de conditionnement de pi\u00e8ces usin\u00e9es en cnc weldo\n\t\t\t\t<\/figcaption><\/figure>\n\t\t<\/div>\n\t\t<\/div>\n\t\t\t\t\t\t<\/div>\n\t\t\t\t<div class=\"elementor-element elementor-element-b84668b elementor-widget elementor-widget-text-editor\" data-id=\"b84668b\" data-element_type=\"widget\" data-widget_type=\"text-editor.default\">\n\t\t\t\t\t\t\t\t\t<h2>Aper\u00e7u de weldo precision<\/h2><p>Weldo se targue de poss\u00e9der de solides capacit\u00e9s de production et des installations de pointe, avec une usine de 5 000 m\u00e8tres carr\u00e9s qui prend en charge divers processus de fabrication de pr\u00e9cision. Nous sommes comp\u00e9tents dans les domaines suivants <a href=\"https:\/\/weldomachining.com\/fr\/usinage-cnc\/\">Usinage CNC<\/a>, <a href=\"https:\/\/weldomachining.com\/fr\/service\/services-de-moulage\/moulage-par-injection\/\">moulage par injection<\/a>la transformation de la t\u00f4le, <a href=\"https:\/\/weldomachining.com\/fr\/service\/autres-services\/impression-3d\/\">Impression 3D<\/a>et <a href=\"https:\/\/weldomachining.com\/fr\/service\/autres-services\/extrusion-daluminium\/\">extrusion d'aluminium<\/a>L'exp\u00e9rience acquise dans le traitement de plus de vingt mat\u00e9riaux (m\u00e9taux et non-m\u00e9taux) et l'offre de plus de dix options de traitement de surface permettent de r\u00e9pondre aux besoins de bout en bout des clients.<\/p><p>Notre \u00e9quipe de plus de 100 techniciens hautement qualifi\u00e9s, avec plus de 20 ans d'exp\u00e9rience dans l'usinage, assure un contr\u00f4le de qualit\u00e9 pr\u00e9cis tout au long du processus de production. En outre, nous ma\u00eetrisons plus de dix proc\u00e9d\u00e9s de traitement de surface, ce qui nous permet de personnaliser des surfaces lisses, r\u00e9sistantes \u00e0 la corrosion et d'aspect particulier.<\/p><p>Choisir Weldo, c'est choisir une technologie avanc\u00e9e, des mat\u00e9riaux appropri\u00e9s, une forte capacit\u00e9 de production et une qualit\u00e9 sup\u00e9rieure. Nous nous engageons \u00e0 cr\u00e9er une valeur maximale pour nos clients gr\u00e2ce \u00e0 un service professionnel, efficace et de haute qualit\u00e9, et \u00e0 promouvoir conjointement le d\u00e9veloppement de l'industrie manufacturi\u00e8re.<\/p>\t\t\t\t\t\t\t\t<\/div>\n\t\t\t\t\t<\/div>\n\t\t\t\t<\/div>\n\t\t<div class=\"elementor-element elementor-element-faffebb e-flex e-con-boxed e-con e-parent\" data-id=\"faffebb\" data-element_type=\"container\">\n\t\t\t\t\t<div class=\"e-con-inner\">\n\t\t\t\t<div class=\"elementor-element elementor-element-2845dfe elementor-widget elementor-widget-text-editor\" data-id=\"2845dfe\" data-element_type=\"widget\" data-widget_type=\"text-editor.default\">\n\t\t\t\t\t\t\t\t\t<p>Horaires de travail : Lun~Sam ,9:00 AM-9:00 PM<\/p>\t\t\t\t\t\t\t\t<\/div>\n\t\t\t\t\t<\/div>\n\t\t\t\t<\/div>\n\t\t<div class=\"elementor-element elementor-element-2e5e99e e-flex e-con-boxed e-con e-child\" data-id=\"2e5e99e\" data-element_type=\"container\">\n\t\t\t\t\t<div class=\"e-con-inner\">\n\t\t\t\t<div class=\"elementor-element elementor-element-332273a elementor-widget elementor-widget-button\" data-id=\"332273a\" data-element_type=\"widget\" data-widget_type=\"button.default\">\n\t\t\t\t\t\t\t\t\t\t<a class=\"elementor-button elementor-button-link elementor-size-sm\" href=\"https:\/\/weldomachining.com\/fr\/telechargement-de-fichiers\/\">\n\t\t\t\t\t\t<span class=\"elementor-button-content-wrapper\">\n\t\t\t\t\t\t\t\t\t<span class=\"elementor-button-text\">Envoyer un message<\/span>\n\t\t\t\t\t<\/span>\n\t\t\t\t\t<\/a>\n\t\t\t\t\t\t\t\t<\/div>\n\t\t\t\t<div class=\"elementor-element elementor-element-d84b876 elementor-widget elementor-widget-button\" data-id=\"d84b876\" data-element_type=\"widget\" data-widget_type=\"button.default\">\n\t\t\t\t\t\t\t\t\t\t<a class=\"elementor-button elementor-button-link elementor-size-sm\" href=\"https:\/\/weldomachining.com\/fr\/a-propos-de-nous\/\">\n\t\t\t\t\t\t<span class=\"elementor-button-content-wrapper\">\n\t\t\t\t\t\t\t\t\t<span class=\"elementor-button-text\">Voir les capacit\u00e9s<\/span>\n\t\t\t\t\t<\/span>\n\t\t\t\t\t<\/a>\n\t\t\t\t\t\t\t\t<\/div>\n\t\t\t\t\t<\/div>\n\t\t\t\t<\/div>\n\t\t\t\t<\/div>","protected":false},"excerpt":{"rendered":"<p>Contact us\u00a0 5 axis cnc machining work room Hurco 5 axis cnc machine 5 axis cnc machining stainless steel car engine part (6) cnc machined 6061-t6 aluminum part Precision pvc part with 5 axis machining round cnc machining aluminum gear part weldo quality assurance center weldo cnc machined part packaging workshop Overview of weldo precision [&hellip;]<\/p>","protected":false},"author":2,"featured_media":0,"parent":0,"menu_order":4,"comment_status":"closed","ping_status":"closed","template":"","meta":{"footnotes":""},"class_list":["post-14","page","type-page","status-publish","hentry"],"_links":{"self":[{"href":"https:\/\/weldomachining.com\/fr\/wp-json\/wp\/v2\/pages\/14","targetHints":{"allow":["GET"]}}],"collection":[{"href":"https:\/\/weldomachining.com\/fr\/wp-json\/wp\/v2\/pages"}],"about":[{"href":"https:\/\/weldomachining.com\/fr\/wp-json\/wp\/v2\/types\/page"}],"author":[{"embeddable":true,"href":"https:\/\/weldomachining.com\/fr\/wp-json\/wp\/v2\/users\/2"}],"replies":[{"embeddable":true,"href":"https:\/\/weldomachining.com\/fr\/wp-json\/wp\/v2\/comments?post=14"}],"version-history":[{"count":15,"href":"https:\/\/weldomachining.com\/fr\/wp-json\/wp\/v2\/pages\/14\/revisions"}],"predecessor-version":[{"id":9023,"href":"https:\/\/weldomachining.com\/fr\/wp-json\/wp\/v2\/pages\/14\/revisions\/9023"}],"wp:attachment":[{"href":"https:\/\/weldomachining.com\/fr\/wp-json\/wp\/v2\/media?parent=14"}],"curies":[{"name":"wp","href":"https:\/\/api.w.org\/{rel}","templated":true}]}}