{"id":18,"date":"2025-09-02T06:40:37","date_gmt":"2025-09-02T06:40:37","guid":{"rendered":"https:\/\/weldomachining.com\/?page_id=18"},"modified":"2026-04-08T09:18:43","modified_gmt":"2026-04-08T09:18:43","slug":"service","status":"publish","type":"page","link":"https:\/\/weldomachining.com\/fr\/service\/","title":{"rendered":"Service"},"content":{"rendered":"<div data-elementor-type=\"wp-page\" data-elementor-id=\"18\" class=\"elementor elementor-18\" data-elementor-post-type=\"page\">\n\t\t\t\t<div class=\"elementor-element elementor-element-50fd212 e-flex e-con-boxed e-con e-parent\" data-id=\"50fd212\" data-element_type=\"container\" data-e-type=\"container\">\n\t\t\t\t\t<div class=\"e-con-inner\">\n\t\t\t\t<div class=\"elementor-element elementor-element-ba264ba elementor-widget elementor-widget-heading\" data-id=\"ba264ba\" data-element_type=\"widget\" data-e-type=\"widget\" data-widget_type=\"heading.default\">\n\t\t\t\t\t<h1 class=\"elementor-heading-title elementor-size-default\">Service<\/h1>\t\t\t\t<\/div>\n\t\t\t\t<div class=\"elementor-element elementor-element-2c6141b elementor-widget elementor-widget-text-editor\" data-id=\"2c6141b\" data-element_type=\"widget\" data-e-type=\"widget\" data-widget_type=\"text-editor.default\">\n\t\t\t\t\t\t\t\t\t<p>Solutions d'ing\u00e9nierie pour l'ensemble de l'\u00e9volution des produits<br \/>Notre expertise en mati\u00e8re d'ing\u00e9nierie et nos offres de services flexibles permettent de proposer des solutions sur mesure pour soutenir chaque phase de l'\u00e9volution de votre produit. Que vous ayez besoin d'une <a href=\"https:\/\/weldomachining.com\/fr\/prototype-usinage-cnc\/\">prototypage<\/a> Qu'il s'agisse de la validation d'un concept, de l'affinage it\u00e9ratif d'une conception ou de la fabrication en grande s\u00e9rie avec des tol\u00e9rances de pr\u00e9cision, nous sommes votre partenaire d'ing\u00e9nierie int\u00e9gr\u00e9 qui s'engage \u00e0 transformer des id\u00e9es en produits fiables et pr\u00eats \u00e0 \u00eatre commercialis\u00e9s.<\/p><p>D\u00e9couvrez nos services complets :<\/p>\t\t\t\t\t\t\t\t<\/div>\n\t\t\t\t<div class=\"elementor-element elementor-element-6710728 elementor-align-center elementor-widget elementor-widget-button\" data-id=\"6710728\" data-element_type=\"widget\" data-e-type=\"widget\" data-widget_type=\"button.default\">\n\t\t\t\t\t\t\t\t\t\t<a class=\"elementor-button elementor-button-link elementor-size-sm\" href=\"https:\/\/weldomachining.com\/fr\/telechargement-de-fichiers\/\">\n\t\t\t\t\t\t<span class=\"elementor-button-content-wrapper\">\n\t\t\t\t\t\t\t\t\t<span class=\"elementor-button-text\">Obtenir un devis<\/span>\n\t\t\t\t\t<\/span>\n\t\t\t\t\t<\/a>\n\t\t\t\t\t\t\t\t<\/div>\n\t\t\t\t<div class=\"elementor-element elementor-element-4ef0201 elementor-widget elementor-widget-image-gallery\" data-id=\"4ef0201\" data-element_type=\"widget\" data-e-type=\"widget\" data-widget_type=\"image-gallery.default\">\n\t\t\t\t\t\t\t<div class=\"elementor-image-gallery\">\n\t\t\t<div id='gallery-1' class='gallery galleryid-18 gallery-columns-3 gallery-size-medium_large'><figure class='gallery-item'>\n\t\t\t<div class='gallery-icon landscape'>\n\t\t\t\t<a data-elementor-open-lightbox=\"yes\" data-elementor-lightbox-slideshow=\"4ef0201\" data-elementor-lightbox-title=\"4 axis cnc machining\" data-elementor-lightbox-description=\"5 axis cnc machining inside view\" data-e-action-hash=\"#elementor-action%3Aaction%3Dlightbox%26settings%3DeyJpZCI6MzQxOSwidXJsIjoiaHR0cHM6XC9cL3dlbGRvbWFjaGluaW5nLmNvbVwvd3AtY29udGVudFwvdXBsb2Fkc1wvMjAyNVwvMTFcLzQtYXhpcy1jbmMtbWFjaGluaW5nLndlYnAiLCJzbGlkZXNob3ciOiI0ZWYwMjAxIn0%3D\" href='https:\/\/weldomachining.com\/wp-content\/uploads\/2025\/11\/4-axis-cnc-machining.webp'><img fetchpriority=\"high\" decoding=\"async\" width=\"600\" height=\"450\" src=\"https:\/\/weldomachining.com\/wp-content\/uploads\/2025\/11\/4-axis-cnc-machining.webp\" class=\"attachment-medium_large size-medium_large\" alt=\"Vue int\u00e9rieure de l&#039;usinage CNC \u00e0 5 axes\" aria-describedby=\"gallery-1-3419\" srcset=\"https:\/\/weldomachining.com\/wp-content\/uploads\/2025\/11\/4-axis-cnc-machining.webp 600w, https:\/\/weldomachining.com\/wp-content\/uploads\/2025\/11\/4-axis-cnc-machining-300x225.webp 300w, https:\/\/weldomachining.com\/wp-content\/uploads\/2025\/11\/4-axis-cnc-machining-16x12.webp 16w\" sizes=\"(max-width: 600px) 100vw, 600px\" \/><\/a>\n\t\t\t<\/div>\n\t\t\t\t<figcaption class='wp-caption-text gallery-caption' id='gallery-1-3419'>\n\t\t\t\tVue int\u00e9rieure de l'usinage CNC \u00e0 5 axes\n\t\t\t\t<\/figcaption><\/figure><figure class='gallery-item'>\n\t\t\t<div class='gallery-icon landscape'>\n\t\t\t\t<a data-elementor-open-lightbox=\"yes\" data-elementor-lightbox-slideshow=\"4ef0201\" data-elementor-lightbox-title=\"cnc lathe\" data-elementor-lightbox-description=\"cnc lathe\" data-e-action-hash=\"#elementor-action%3Aaction%3Dlightbox%26settings%3DeyJpZCI6MzQyMiwidXJsIjoiaHR0cHM6XC9cL3dlbGRvbWFjaGluaW5nLmNvbVwvd3AtY29udGVudFwvdXBsb2Fkc1wvMjAyNVwvMTFcL2NuYy1sYXRoZS53ZWJwIiwic2xpZGVzaG93IjoiNGVmMDIwMSJ9\" href='https:\/\/weldomachining.com\/wp-content\/uploads\/2025\/11\/cnc-lathe.webp'><img decoding=\"async\" width=\"600\" height=\"450\" src=\"https:\/\/weldomachining.com\/wp-content\/uploads\/2025\/11\/cnc-lathe.webp\" class=\"attachment-medium_large size-medium_large\" alt=\"tour cnc\" aria-describedby=\"gallery-1-3422\" srcset=\"https:\/\/weldomachining.com\/wp-content\/uploads\/2025\/11\/cnc-lathe.webp 600w, https:\/\/weldomachining.com\/wp-content\/uploads\/2025\/11\/cnc-lathe-300x225.webp 300w, https:\/\/weldomachining.com\/wp-content\/uploads\/2025\/11\/cnc-lathe-16x12.webp 16w\" sizes=\"(max-width: 600px) 100vw, 600px\" \/><\/a>\n\t\t\t<\/div>\n\t\t\t\t<figcaption class='wp-caption-text gallery-caption' id='gallery-1-3422'>\n\t\t\t\ttour cnc\n\t\t\t\t<\/figcaption><\/figure><figure class='gallery-item'>\n\t\t\t<div class='gallery-icon landscape'>\n\t\t\t\t<a data-elementor-open-lightbox=\"yes\" data-elementor-lightbox-slideshow=\"4ef0201\" data-elementor-lightbox-title=\"5 axis cnc machining center (2)\" data-elementor-lightbox-description=\"5 axis cnc machining center (2)\" data-e-action-hash=\"#elementor-action%3Aaction%3Dlightbox%26settings%3DeyJpZCI6MjcxMiwidXJsIjoiaHR0cHM6XC9cL3dlbGRvbWFjaGluaW5nLmNvbVwvd3AtY29udGVudFwvdXBsb2Fkc1wvMjAyNVwvMTBcLzUtYXhpcy1jbmMtbWFjaGluaW5nLWNlbnRlci0yLndlYnAiLCJzbGlkZXNob3ciOiI0ZWYwMjAxIn0%3D\" href='https:\/\/weldomachining.com\/wp-content\/uploads\/2025\/10\/5-axis-cnc-machining-center-2.webp'><img decoding=\"async\" width=\"768\" height=\"576\" src=\"https:\/\/weldomachining.com\/wp-content\/uploads\/2025\/10\/5-axis-cnc-machining-center-2-768x576.webp\" class=\"attachment-medium_large size-medium_large\" alt=\"Fabricant d&#039;usinage CNC aux \u00c9tats-Unis\" aria-describedby=\"gallery-1-2712\" srcset=\"https:\/\/weldomachining.com\/wp-content\/uploads\/2025\/10\/5-axis-cnc-machining-center-2-768x576.webp 768w, https:\/\/weldomachining.com\/wp-content\/uploads\/2025\/10\/5-axis-cnc-machining-center-2-600x450.webp 600w, https:\/\/weldomachining.com\/wp-content\/uploads\/2025\/10\/5-axis-cnc-machining-center-2-300x225.webp 300w, https:\/\/weldomachining.com\/wp-content\/uploads\/2025\/10\/5-axis-cnc-machining-center-2-16x12.webp 16w, https:\/\/weldomachining.com\/wp-content\/uploads\/2025\/10\/5-axis-cnc-machining-center-2.webp 800w\" sizes=\"(max-width: 768px) 100vw, 768px\" \/><\/a>\n\t\t\t<\/div>\n\t\t\t\t<figcaption class='wp-caption-text gallery-caption' id='gallery-1-2712'>\n\t\t\t\tCentre d'usinage CNC 5 axes (2)\n\t\t\t\t<\/figcaption><\/figure><figure class='gallery-item'>\n\t\t\t<div class='gallery-icon landscape'>\n\t\t\t\t<a data-elementor-open-lightbox=\"yes\" data-elementor-lightbox-slideshow=\"4ef0201\" data-elementor-lightbox-title=\"5 axis cnc machining huge steel part\" data-elementor-lightbox-description=\"5 axis cnc machining huge steel part\" data-e-action-hash=\"#elementor-action%3Aaction%3Dlightbox%26settings%3DeyJpZCI6MjIxNSwidXJsIjoiaHR0cHM6XC9cL3dlbGRvbWFjaGluaW5nLmNvbVwvd3AtY29udGVudFwvdXBsb2Fkc1wvMjAyNVwvMTBcL1x1NWZhZVx1NGZlMVx1NTZmZVx1NzI0N18yMDI1MTAxMDE1MjMyNC53ZWJwIiwic2xpZGVzaG93IjoiNGVmMDIwMSJ9\" href='https:\/\/weldomachining.com\/wp-content\/uploads\/2025\/10\/\u5fae\u4fe1\u56fe\u7247_20251010152324.webp'><img loading=\"lazy\" decoding=\"async\" width=\"600\" height=\"450\" src=\"https:\/\/weldomachining.com\/wp-content\/uploads\/2025\/10\/\u5fae\u4fe1\u56fe\u7247_20251010152324.webp\" class=\"attachment-medium_large size-medium_large\" alt=\"Usinage CNC 5 axes d&#039;une \u00e9norme pi\u00e8ce d&#039;acier\" aria-describedby=\"gallery-1-2215\" srcset=\"https:\/\/weldomachining.com\/wp-content\/uploads\/2025\/10\/\u5fae\u4fe1\u56fe\u7247_20251010152324.webp 600w, https:\/\/weldomachining.com\/wp-content\/uploads\/2025\/10\/\u5fae\u4fe1\u56fe\u7247_20251010152324-300x225.webp 300w, https:\/\/weldomachining.com\/wp-content\/uploads\/2025\/10\/\u5fae\u4fe1\u56fe\u7247_20251010152324-16x12.webp 16w\" sizes=\"(max-width: 600px) 100vw, 600px\" \/><\/a>\n\t\t\t<\/div>\n\t\t\t\t<figcaption class='wp-caption-text gallery-caption' id='gallery-1-2215'>\n\t\t\t\tUsinage CNC 5 axes d'une \u00e9norme pi\u00e8ce d'acier\n\t\t\t\t<\/figcaption><\/figure><figure class='gallery-item'>\n\t\t\t<div class='gallery-icon landscape'>\n\t\t\t\t<a data-elementor-open-lightbox=\"yes\" data-elementor-lightbox-slideshow=\"4ef0201\" data-elementor-lightbox-title=\"weldo grinding machining center\" data-elementor-lightbox-description=\"weldo grinding machining center\" data-e-action-hash=\"#elementor-action%3Aaction%3Dlightbox%26settings%3DeyJpZCI6MTg1MSwidXJsIjoiaHR0cHM6XC9cL3dlbGRvbWFjaGluaW5nLmNvbVwvd3AtY29udGVudFwvdXBsb2Fkc1wvMjAyNVwvMTBcL1x1NWZhZVx1NGZlMVx1NTZmZVx1NzI0N18yMDI1MDkxMDEwMDE1NS53ZWJwIiwic2xpZGVzaG93IjoiNGVmMDIwMSJ9\" href='https:\/\/weldomachining.com\/wp-content\/uploads\/2025\/10\/\u5fae\u4fe1\u56fe\u7247_20250910100155.webp'><img loading=\"lazy\" decoding=\"async\" width=\"700\" height=\"525\" src=\"https:\/\/weldomachining.com\/wp-content\/uploads\/2025\/10\/\u5fae\u4fe1\u56fe\u7247_20250910100155.webp\" class=\"attachment-medium_large size-medium_large\" alt=\"centre d&#039;usinage de meulage weldo\" aria-describedby=\"gallery-1-1851\" srcset=\"https:\/\/weldomachining.com\/wp-content\/uploads\/2025\/10\/\u5fae\u4fe1\u56fe\u7247_20250910100155.webp 700w, https:\/\/weldomachining.com\/wp-content\/uploads\/2025\/10\/\u5fae\u4fe1\u56fe\u7247_20250910100155-600x450.webp 600w, https:\/\/weldomachining.com\/wp-content\/uploads\/2025\/10\/\u5fae\u4fe1\u56fe\u7247_20250910100155-300x225.webp 300w\" sizes=\"(max-width: 700px) 100vw, 700px\" \/><\/a>\n\t\t\t<\/div>\n\t\t\t\t<figcaption class='wp-caption-text gallery-caption' id='gallery-1-1851'>\n\t\t\t\tcentre d'usinage de meulage weldo\n\t\t\t\t<\/figcaption><\/figure><figure class='gallery-item'>\n\t\t\t<div class='gallery-icon landscape'>\n\t\t\t\t<a data-elementor-open-lightbox=\"yes\" data-elementor-lightbox-slideshow=\"4ef0201\" data-elementor-lightbox-title=\"Five-cylinder engine part 5 axis cnc machining (1)\" data-elementor-lightbox-description=\"Five-cylinder engine part 5 axis cnc machining (1)\" data-e-action-hash=\"#elementor-action%3Aaction%3Dlightbox%26settings%3DeyJpZCI6MTc2NCwidXJsIjoiaHR0cHM6XC9cL3dlbGRvbWFjaGluaW5nLmNvbVwvd3AtY29udGVudFwvdXBsb2Fkc1wvMjAyNVwvMTBcL0ZpdmUtY3lsaW5kZXItZW5naW5lLXBhcnQtNS1heGlzLWNuYy1tYWNoaW5pbmctMS53ZWJwIiwic2xpZGVzaG93IjoiNGVmMDIwMSJ9\" href='https:\/\/weldomachining.com\/wp-content\/uploads\/2025\/10\/Five-cylinder-engine-part-5-axis-cnc-machining-1.webp'><img loading=\"lazy\" decoding=\"async\" width=\"700\" height=\"525\" src=\"https:\/\/weldomachining.com\/wp-content\/uploads\/2025\/10\/Five-cylinder-engine-part-5-axis-cnc-machining-1.webp\" class=\"attachment-medium_large size-medium_large\" alt=\"Partie du moteur \u00e0 cinq cylindres Usinage CNC 5 axes (1)\" aria-describedby=\"gallery-1-1764\" srcset=\"https:\/\/weldomachining.com\/wp-content\/uploads\/2025\/10\/Five-cylinder-engine-part-5-axis-cnc-machining-1.webp 700w, https:\/\/weldomachining.com\/wp-content\/uploads\/2025\/10\/Five-cylinder-engine-part-5-axis-cnc-machining-1-600x450.webp 600w, https:\/\/weldomachining.com\/wp-content\/uploads\/2025\/10\/Five-cylinder-engine-part-5-axis-cnc-machining-1-300x225.webp 300w\" sizes=\"(max-width: 700px) 100vw, 700px\" \/><\/a>\n\t\t\t<\/div>\n\t\t\t\t<figcaption class='wp-caption-text gallery-caption' id='gallery-1-1764'>\n\t\t\t\tPartie du moteur \u00e0 cinq cylindres Usinage CNC 5 axes (1)\n\t\t\t\t<\/figcaption><\/figure><figure class='gallery-item'>\n\t\t\t<div class='gallery-icon landscape'>\n\t\t\t\t<a data-elementor-open-lightbox=\"yes\" data-elementor-lightbox-slideshow=\"4ef0201\" data-elementor-lightbox-title=\"4 axis cnc machine inside view (2)\" data-elementor-lightbox-description=\"4 axis cnc machine inside view (2)\" data-e-action-hash=\"#elementor-action%3Aaction%3Dlightbox%26settings%3DeyJpZCI6MTc0MywidXJsIjoiaHR0cHM6XC9cL3dlbGRvbWFjaGluaW5nLmNvbVwvd3AtY29udGVudFwvdXBsb2Fkc1wvMjAyNVwvMTBcLzQtYXhpcy1jbmMtbWFjaGluZS1pbnNpZGUtdmlldy0yLndlYnAiLCJzbGlkZXNob3ciOiI0ZWYwMjAxIn0%3D\" href='https:\/\/weldomachining.com\/wp-content\/uploads\/2025\/10\/4-axis-cnc-machine-inside-view-2.webp'><img loading=\"lazy\" decoding=\"async\" width=\"700\" height=\"525\" src=\"https:\/\/weldomachining.com\/wp-content\/uploads\/2025\/10\/4-axis-cnc-machine-inside-view-2.webp\" class=\"attachment-medium_large size-medium_large\" alt=\"Machine CNC 4 axes vue int\u00e9rieure (2)\" aria-describedby=\"gallery-1-1743\" srcset=\"https:\/\/weldomachining.com\/wp-content\/uploads\/2025\/10\/4-axis-cnc-machine-inside-view-2.webp 700w, https:\/\/weldomachining.com\/wp-content\/uploads\/2025\/10\/4-axis-cnc-machine-inside-view-2-600x450.webp 600w, https:\/\/weldomachining.com\/wp-content\/uploads\/2025\/10\/4-axis-cnc-machine-inside-view-2-300x225.webp 300w\" sizes=\"(max-width: 700px) 100vw, 700px\" \/><\/a>\n\t\t\t<\/div>\n\t\t\t\t<figcaption class='wp-caption-text gallery-caption' id='gallery-1-1743'>\n\t\t\t\tMachine CNC 4 axes vue int\u00e9rieure (2)\n\t\t\t\t<\/figcaption><\/figure><figure class='gallery-item'>\n\t\t\t<div class='gallery-icon landscape'>\n\t\t\t\t<a data-elementor-open-lightbox=\"yes\" data-elementor-lightbox-slideshow=\"4ef0201\" data-elementor-lightbox-title=\"Altimeter for cnc machining part\" data-elementor-lightbox-description=\"Altimeter for cnc machining part\" data-e-action-hash=\"#elementor-action%3Aaction%3Dlightbox%26settings%3DeyJpZCI6MTQyMSwidXJsIjoiaHR0cHM6XC9cL3dlbGRvbWFjaGluaW5nLmNvbVwvd3AtY29udGVudFwvdXBsb2Fkc1wvMjAyNVwvMDlcL0FsdGltZXRlci1mb3ItY25jLW1hY2hpbmluZy1wYXJ0LndlYnAiLCJzbGlkZXNob3ciOiI0ZWYwMjAxIn0%3D\" href='https:\/\/weldomachining.com\/wp-content\/uploads\/2025\/09\/Altimeter-for-cnc-machining-part.webp'><img loading=\"lazy\" decoding=\"async\" width=\"700\" height=\"525\" src=\"https:\/\/weldomachining.com\/wp-content\/uploads\/2025\/09\/Altimeter-for-cnc-machining-part.webp\" class=\"attachment-medium_large size-medium_large\" alt=\"Altim\u00e8tre pour pi\u00e8ce usin\u00e9e en CNC\" aria-describedby=\"gallery-1-1421\" srcset=\"https:\/\/weldomachining.com\/wp-content\/uploads\/2025\/09\/Altimeter-for-cnc-machining-part.webp 700w, https:\/\/weldomachining.com\/wp-content\/uploads\/2025\/09\/Altimeter-for-cnc-machining-part-600x450.webp 600w, https:\/\/weldomachining.com\/wp-content\/uploads\/2025\/09\/Altimeter-for-cnc-machining-part-300x225.webp 300w\" sizes=\"(max-width: 700px) 100vw, 700px\" \/><\/a>\n\t\t\t<\/div>\n\t\t\t\t<figcaption class='wp-caption-text gallery-caption' id='gallery-1-1421'>\n\t\t\t\tAltim\u00e8tre pour pi\u00e8ce usin\u00e9e en CNC\n\t\t\t\t<\/figcaption><\/figure><figure class='gallery-item'>\n\t\t\t<div class='gallery-icon landscape'>\n\t\t\t\t<a data-elementor-open-lightbox=\"yes\" data-elementor-lightbox-slideshow=\"4ef0201\" data-elementor-lightbox-title=\"Coordinate Measuring Machine for cnc machining part\" data-elementor-lightbox-description=\"Coordinate Measuring Machine for cnc machining part\" data-e-action-hash=\"#elementor-action%3Aaction%3Dlightbox%26settings%3DeyJpZCI6MTQxOCwidXJsIjoiaHR0cHM6XC9cL3dlbGRvbWFjaGluaW5nLmNvbVwvd3AtY29udGVudFwvdXBsb2Fkc1wvMjAyNVwvMDlcL1x1NWZhZVx1NGZlMVx1NTZmZVx1NzI0N18yMDI1MDkxNzE5MjE0Ny53ZWJwIiwic2xpZGVzaG93IjoiNGVmMDIwMSJ9\" href='https:\/\/weldomachining.com\/wp-content\/uploads\/2025\/09\/\u5fae\u4fe1\u56fe\u7247_20250917192147.webp'><img loading=\"lazy\" decoding=\"async\" width=\"768\" height=\"576\" src=\"https:\/\/weldomachining.com\/wp-content\/uploads\/2025\/09\/\u5fae\u4fe1\u56fe\u7247_20250917192147-768x576.webp\" class=\"attachment-medium_large size-medium_large\" alt=\"Machine \u00e0 mesurer tridimensionnelle pour l&#039;usinage de pi\u00e8ces en CNC\" aria-describedby=\"gallery-1-1418\" srcset=\"https:\/\/weldomachining.com\/wp-content\/uploads\/2025\/09\/\u5fae\u4fe1\u56fe\u7247_20250917192147-768x576.webp 768w, https:\/\/weldomachining.com\/wp-content\/uploads\/2025\/09\/\u5fae\u4fe1\u56fe\u7247_20250917192147-600x450.webp 600w, https:\/\/weldomachining.com\/wp-content\/uploads\/2025\/09\/\u5fae\u4fe1\u56fe\u7247_20250917192147-300x225.webp 300w, https:\/\/weldomachining.com\/wp-content\/uploads\/2025\/09\/\u5fae\u4fe1\u56fe\u7247_20250917192147.webp 800w\" sizes=\"(max-width: 768px) 100vw, 768px\" \/><\/a>\n\t\t\t<\/div>\n\t\t\t\t<figcaption class='wp-caption-text gallery-caption' id='gallery-1-1418'>\n\t\t\t\tMachine \u00e0 mesurer tridimensionnelle pour l'usinage de pi\u00e8ces en CNC\n\t\t\t\t<\/figcaption><\/figure>\n\t\t<\/div>\n\t\t<\/div>\n\t\t\t\t\t\t<\/div>\n\t\t\t\t<div class=\"elementor-element elementor-element-b4d2258 elementor-widget elementor-widget-text-editor\" data-id=\"b4d2258\" data-element_type=\"widget\" data-e-type=\"widget\" data-widget_type=\"text-editor.default\">\n\t\t\t\t\t\t\t\t\t<p>\u00c0 Dongguan Weldo Machining Precision LTD, nous fournissons des solutions de fabrication compl\u00e8tes qui s'appuient sur plus de 20 ans d'expertise en mati\u00e8re d'usinage et sur un campus de production ind\u00e9pendant. Gr\u00e2ce \u00e0 des \u00e9quipements de pointe et \u00e0 des ing\u00e9nieurs qualifi\u00e9s, nous garantissons pr\u00e9cision, efficacit\u00e9 et fiabilit\u00e9, du prototype \u00e0 la production de masse.<\/p><p>Nos principales capacit\u00e9s sont les suivantes<br \/><strong>Fraisage CNC<\/strong> - Fraisage de haute pr\u00e9cision pour les m\u00e9taux et les plastiques.<br \/><strong>Tournage CNC<\/strong> - Tournage efficace de pi\u00e8ces cylindriques et personnalis\u00e9es.<br \/><strong>Broyage<\/strong> - Rectification plane et cylindrique pour des finitions sup\u00e9rieures et des tol\u00e9rances serr\u00e9es.<br \/><strong>Usinage CNC 3 axes<\/strong> - Usinage fiable pour les g\u00e9om\u00e9tries standard.<br \/><strong>Usinage CNC 4 axes<\/strong> - Flexibilit\u00e9 accrue pour les caract\u00e9ristiques angulaires et complexes.<br \/><strong>Usinage CNC 5 axes<\/strong> - Fabrication avanc\u00e9e de pi\u00e8ces complexes et de haute pr\u00e9cision.<br \/><strong>EDM<\/strong> (Electrical Discharge Machining) - Comprend le d\u00e9coupage par fil rapide, le d\u00e9coupage par fil moyen et le d\u00e9coupage par fil lent, permettant l'usinage de pr\u00e9cision de mat\u00e9riaux durs, de d\u00e9tails fins et de contours complexes.<br \/><strong>Fabrication de moules<\/strong> - Outillage professionnel et fabrication de moules pour le moulage par injection et les applications de production.<br \/><strong>Impression 3D<\/strong> - Prototypage rapide avec divers mat\u00e9riaux, id\u00e9al pour la validation des produits et la production de faibles volumes.<br \/><a href=\"https:\/\/weldomachining.com\/fr\/service\/autres-services\/extrusion-daluminium\/\"><strong>Extrusion d'aluminium<\/strong><\/a>-Processus par lequel des billettes d'alliage d'aluminium chauff\u00e9es sont forc\u00e9es \u00e0 travers une matrice pour obtenir des profils continus avec des formes et des tailles de section transversale souhait\u00e9es.<br \/><strong><a href=\"https:\/\/weldomachining.com\/fr\/service\/autres-services\/sheet-metal-fabrication\/\">Fabrication de t\u00f4les<\/a><\/strong>-Processus par lequel des billettes d'alliage d'aluminium chauff\u00e9es sont forc\u00e9es \u00e0 travers une matrice pour obtenir des profils continus avec des formes et des tailles de section transversale souhait\u00e9es.<br \/>Nous servons des industries telles que l'automobile, l'a\u00e9rospatiale, l'\u00e9lectronique et les appareils m\u00e9dicaux, en fournissant des solutions de pr\u00e9cision sur mesure avec une livraison mondiale.<\/p>\t\t\t\t\t\t\t\t<\/div>\n\t\t\t\t\t<\/div>\n\t\t\t\t<\/div>\n\t\t\t\t<\/div>","protected":false},"excerpt":{"rendered":"<p>Service Engineering Solutions Across the Product Evolution SpectrumOur engineering expertise and flexible service offerings deliver tailored solutions to support every phase of your product journey. Whether you require rapid prototyping for concept validation, iterative design refinements, or high-volume manufacturing with precision tolerances, we serve as your integrated engineering partner committed to transforming ideas into reliable, [&hellip;]<\/p>\n","protected":false},"author":2,"featured_media":0,"parent":0,"menu_order":1,"comment_status":"closed","ping_status":"closed","template":"","meta":{"footnotes":""},"class_list":["post-18","page","type-page","status-publish","hentry"],"_links":{"self":[{"href":"https:\/\/weldomachining.com\/fr\/wp-json\/wp\/v2\/pages\/18","targetHints":{"allow":["GET"]}}],"collection":[{"href":"https:\/\/weldomachining.com\/fr\/wp-json\/wp\/v2\/pages"}],"about":[{"href":"https:\/\/weldomachining.com\/fr\/wp-json\/wp\/v2\/types\/page"}],"author":[{"embeddable":true,"href":"https:\/\/weldomachining.com\/fr\/wp-json\/wp\/v2\/users\/2"}],"replies":[{"embeddable":true,"href":"https:\/\/weldomachining.com\/fr\/wp-json\/wp\/v2\/comments?post=18"}],"version-history":[{"count":9,"href":"https:\/\/weldomachining.com\/fr\/wp-json\/wp\/v2\/pages\/18\/revisions"}],"predecessor-version":[{"id":9471,"href":"https:\/\/weldomachining.com\/fr\/wp-json\/wp\/v2\/pages\/18\/revisions\/9471"}],"wp:attachment":[{"href":"https:\/\/weldomachining.com\/fr\/wp-json\/wp\/v2\/media?parent=18"}],"curies":[{"name":"wp","href":"https:\/\/api.w.org\/{rel}","templated":true}]}}