{"id":23,"date":"2025-09-02T06:42:33","date_gmt":"2025-09-02T06:42:33","guid":{"rendered":"https:\/\/weldomachining.com\/?page_id=23"},"modified":"2026-04-02T03:43:22","modified_gmt":"2026-04-02T03:43:22","slug":"about-us","status":"publish","type":"page","link":"https:\/\/weldomachining.com\/fr\/about-us\/","title":{"rendered":"A propos de nous"},"content":{"rendered":"<div data-elementor-type=\"wp-page\" data-elementor-id=\"23\" class=\"elementor elementor-23\" data-elementor-post-type=\"page\">\n\t\t\t\t<div class=\"elementor-element elementor-element-7bb31814 e-con-full e-flex e-con e-parent\" data-id=\"7bb31814\" data-element_type=\"container\">\n\t\t<div class=\"elementor-element elementor-element-79fccdd8 e-con-full e-flex e-con e-child\" data-id=\"79fccdd8\" data-element_type=\"container\">\n\t\t\t\t<div class=\"elementor-element elementor-element-4228f402 elementor-widget elementor-widget-heading\" data-id=\"4228f402\" data-element_type=\"widget\" data-widget_type=\"heading.default\">\n\t\t\t\t\t<h1 class=\"elementor-heading-title elementor-size-default\">\u00c0 propos de nous<\/h1>\t\t\t\t<\/div>\n\t\t\t\t<div class=\"elementor-element elementor-element-2e026056 elementor-widget elementor-widget-text-editor\" data-id=\"2e026056\" data-element_type=\"widget\" data-widget_type=\"text-editor.default\">\n\t\t\t\t\t\t\t\t\t<p>Fond\u00e9 en 2012, Weldo Machining est un fournisseur de services de fabrication de pr\u00e9cision sp\u00e9cialis\u00e9 dans la production multi-axes. <a href=\"https:\/\/weldomachining.com\/fr\/usinage-cnc\/\">Usinage CNC<\/a>Nous offrons un service complet, depuis la conception, le fraisage et la rectification de pr\u00e9cision, l'inspection de la qualit\u00e9 jusqu'au traitement de surface, l'emballage et l'exp\u00e9dition. Nous offrons un service complet, de la conception au traitement de surface, \u00e0 l'emballage et \u00e0 l'exp\u00e9dition, en passant par le fraisage et le meulage de pr\u00e9cision et l'inspection de la qualit\u00e9. L'entreprise emploie actuellement plus de 120 techniciens professionnels, op\u00e8re dans son propre parc industriel d'usinage et r\u00e9alise un chiffre d'affaires annuel sup\u00e9rieur \u00e0 10 millions de dollars am\u00e9ricains. Nos produits sont largement utilis\u00e9s dans des domaines haut de gamme tels que l'a\u00e9rospatiale, l'automobile, l'\u00e9lectronique grand public, l'\u00e9quipement industriel et les nouvelles \u00e9nergies.<\/p>\t\t\t\t\t\t\t\t<\/div>\n\t\t\t\t<\/div>\n\t\t<div class=\"elementor-element elementor-element-17b738e7 e-con-full e-flex e-con e-child\" data-id=\"17b738e7\" data-element_type=\"container\" data-settings=\"{&quot;background_background&quot;:&quot;classic&quot;}\">\n\t\t\t\t<div class=\"elementor-element elementor-element-9f902f2 elementor-widget elementor-widget-image\" data-id=\"9f902f2\" data-element_type=\"widget\" data-widget_type=\"image.default\">\n\t\t\t\t\t\t\t\t\t\t\t\t\t\t\t<img fetchpriority=\"high\" decoding=\"async\" width=\"700\" height=\"466\" src=\"https:\/\/weldomachining.com\/wp-content\/uploads\/2025\/10\/Group-photo-of-weldo-staff.webp\" class=\"attachment-large size-large wp-image-3218\" alt=\"Photo de groupe du personnel de Weldo\" srcset=\"https:\/\/weldomachining.com\/wp-content\/uploads\/2025\/10\/Group-photo-of-weldo-staff.webp 700w, https:\/\/weldomachining.com\/wp-content\/uploads\/2025\/10\/Group-photo-of-weldo-staff-600x399.webp 600w, https:\/\/weldomachining.com\/wp-content\/uploads\/2025\/10\/Group-photo-of-weldo-staff-300x200.webp 300w, https:\/\/weldomachining.com\/wp-content\/uploads\/2025\/10\/Group-photo-of-weldo-staff-18x12.webp 18w\" sizes=\"(max-width: 700px) 100vw, 700px\" \/>\t\t\t\t\t\t\t\t\t\t\t\t\t\t\t<\/div>\n\t\t\t\t<\/div>\n\t\t\t\t<\/div>\n\t\t<div class=\"elementor-element elementor-element-763858df e-flex e-con-boxed e-con e-parent\" data-id=\"763858df\" data-element_type=\"container\">\n\t\t\t\t\t<div class=\"e-con-inner\">\n\t\t<div class=\"elementor-element elementor-element-74078512 e-con-full e-flex e-con e-child\" data-id=\"74078512\" data-element_type=\"container\">\n\t\t\t\t<div class=\"elementor-element elementor-element-1a94f395 elementor-widget elementor-widget-image\" data-id=\"1a94f395\" data-element_type=\"widget\" data-widget_type=\"image.default\">\n\t\t\t\t\t\t\t\t\t\t\t\t\t\t\t<img decoding=\"async\" width=\"800\" height=\"450\" src=\"https:\/\/weldomachining.com\/wp-content\/uploads\/2026\/04\/\u9759\u5e27-2025-09-19-190512_1.484.1.webp\" class=\"attachment-large size-large wp-image-9244\" alt=\"R\u00e9union ordinaire du personnel de gestion de weldo\" srcset=\"https:\/\/weldomachining.com\/wp-content\/uploads\/2026\/04\/\u9759\u5e27-2025-09-19-190512_1.484.1.webp 800w, https:\/\/weldomachining.com\/wp-content\/uploads\/2026\/04\/\u9759\u5e27-2025-09-19-190512_1.484.1-300x169.webp 300w, https:\/\/weldomachining.com\/wp-content\/uploads\/2026\/04\/\u9759\u5e27-2025-09-19-190512_1.484.1-768x432.webp 768w, https:\/\/weldomachining.com\/wp-content\/uploads\/2026\/04\/\u9759\u5e27-2025-09-19-190512_1.484.1-18x10.webp 18w\" sizes=\"(max-width: 800px) 100vw, 800px\" \/>\t\t\t\t\t\t\t\t\t\t\t\t\t\t\t<\/div>\n\t\t\t\t<\/div>\n\t\t<div class=\"elementor-element elementor-element-6fe56f78 e-con-full e-flex e-con e-child\" data-id=\"6fe56f78\" data-element_type=\"container\">\n\t\t\t\t<div class=\"elementor-element elementor-element-6099c97c elementor-widget elementor-widget-heading\" data-id=\"6099c97c\" data-element_type=\"widget\" data-widget_type=\"heading.default\">\n\t\t\t\t\t<h2 class=\"elementor-heading-title elementor-size-default\">Notre mission<\/h2>\t\t\t\t<\/div>\n\t\t\t\t<div class=\"elementor-element elementor-element-430eabac elementor-widget elementor-widget-text-editor\" data-id=\"430eabac\" data-element_type=\"widget\" data-widget_type=\"text-editor.default\">\n\t\t\t\t\t\t\t\t\t<p>WELDO Machining a \u00e9t\u00e9 cr\u00e9\u00e9 pour r\u00e9pondre \u00e0 la demande croissante d'usinage de haute pr\u00e9cision, dans le but de fournir aux clients du monde entier des solutions d'usinage personnalis\u00e9es de haute qualit\u00e9. Notre mission est d'am\u00e9liorer l'efficacit\u00e9 de la production et la qualit\u00e9 des produits de nos clients gr\u00e2ce \u00e0 une technologie de pointe et \u00e0 un savoir-faire exquis. Nous sommes d\u00e9termin\u00e9s \u00e0 fournir des services d'usinage innovants dans divers secteurs, en aidant nos clients \u00e0 obtenir une fabrication efficace et pr\u00e9cise tout en stimulant le progr\u00e8s industriel.<\/p>\t\t\t\t\t\t\t\t<\/div>\n\t\t\t\t<\/div>\n\t\t\t\t\t<\/div>\n\t\t\t\t<\/div>\n\t\t<div class=\"elementor-element elementor-element-247e4c6f e-flex e-con-boxed e-con e-parent\" data-id=\"247e4c6f\" data-element_type=\"container\">\n\t\t\t\t\t<div class=\"e-con-inner\">\n\t\t<div class=\"elementor-element elementor-element-6329a250 e-con-full e-flex e-con e-child\" data-id=\"6329a250\" data-element_type=\"container\">\n\t\t\t\t<div class=\"elementor-element elementor-element-71d12b28 elementor-widget elementor-widget-heading\" data-id=\"71d12b28\" data-element_type=\"widget\" data-widget_type=\"heading.default\">\n\t\t\t\t\t<h2 class=\"elementor-heading-title elementor-size-default\">Pourquoi nous choisir ?<\/h2>\t\t\t\t<\/div>\n\t\t\t\t<div class=\"elementor-element elementor-element-1c367244 elementor-widget elementor-widget-text-editor\" data-id=\"1c367244\" data-element_type=\"widget\" data-widget_type=\"text-editor.default\">\n\t\t\t\t\t\t\t\t\t<p>WELDO Machining propose des services de CNC multiaxes, de d\u00e9coupe au fil et de meulage, soutenus par une cha\u00eene d'approvisionnement en mat\u00e9riaux fiable et une certification ISO 9001:2015. Nos \u00e9quipes qualifi\u00e9es assurent une production de haute qualit\u00e9 et une livraison dans les d\u00e9lais, avec des exportations dans plus de 100 pays.<\/p>\t\t\t\t\t\t\t\t<\/div>\n\t\t\t\t<div class=\"elementor-element elementor-element-51d85e94 elementor-align-left elementor-icon-list--layout-traditional elementor-list-item-link-full_width elementor-widget elementor-widget-icon-list\" data-id=\"51d85e94\" data-element_type=\"widget\" data-widget_type=\"icon-list.default\">\n\t\t\t\t\t\t\t<ul class=\"elementor-icon-list-items\">\n\t\t\t\t\t\t\t<li class=\"elementor-icon-list-item\">\n\t\t\t\t\t\t\t\t\t\t\t<a href=\"#\">\n\n\t\t\t\t\t\t\t\t\t\t\t\t<span class=\"elementor-icon-list-icon\">\n\t\t\t\t\t\t\t<svg aria-hidden=\"true\" class=\"e-font-icon-svg e-fas-square-full\" viewbox=\"0 0 512 512\" xmlns=\"http:\/\/www.w3.org\/2000\/svg\"><path d=\"M512 512H0V0h512v512z\"><\/path><\/svg>\t\t\t\t\t\t<\/span>\n\t\t\t\t\t\t\t\t\t\t<span class=\"elementor-icon-list-text\">Usinage multi-axes et par \u00e9lectro\u00e9rosion \u00e0 fil<\/span>\n\t\t\t\t\t\t\t\t\t\t\t<\/a>\n\t\t\t\t\t\t\t\t\t<\/li>\n\t\t\t\t\t\t\t\t<li class=\"elementor-icon-list-item\">\n\t\t\t\t\t\t\t\t\t\t\t<span class=\"elementor-icon-list-icon\">\n\t\t\t\t\t\t\t<svg aria-hidden=\"true\" class=\"e-font-icon-svg e-fas-square-full\" viewbox=\"0 0 512 512\" xmlns=\"http:\/\/www.w3.org\/2000\/svg\"><path d=\"M512 512H0V0h512v512z\"><\/path><\/svg>\t\t\t\t\t\t<\/span>\n\t\t\t\t\t\t\t\t\t\t<span class=\"elementor-icon-list-text\">Plus de 100 mat\u00e9riaux et plus de 20 finitions<\/span>\n\t\t\t\t\t\t\t\t\t<\/li>\n\t\t\t\t\t\t\t\t<li class=\"elementor-icon-list-item\">\n\t\t\t\t\t\t\t\t\t\t\t<a href=\"#\">\n\n\t\t\t\t\t\t\t\t\t\t\t\t<span class=\"elementor-icon-list-icon\">\n\t\t\t\t\t\t\t<svg aria-hidden=\"true\" class=\"e-font-icon-svg e-fas-square-full\" viewbox=\"0 0 512 512\" xmlns=\"http:\/\/www.w3.org\/2000\/svg\"><path d=\"M512 512H0V0h512v512z\"><\/path><\/svg>\t\t\t\t\t\t<\/span>\n\t\t\t\t\t\t\t\t\t\t<span class=\"elementor-icon-list-text\">Soutien \u00e0 l'inspection compl\u00e8te<\/span>\n\t\t\t\t\t\t\t\t\t\t\t<\/a>\n\t\t\t\t\t\t\t\t\t<\/li>\n\t\t\t\t\t\t\t\t<li class=\"elementor-icon-list-item\">\n\t\t\t\t\t\t\t\t\t\t\t<a href=\"#\">\n\n\t\t\t\t\t\t\t\t\t\t\t\t<span class=\"elementor-icon-list-icon\">\n\t\t\t\t\t\t\t<svg aria-hidden=\"true\" class=\"e-font-icon-svg e-fas-square-full\" viewbox=\"0 0 512 512\" xmlns=\"http:\/\/www.w3.org\/2000\/svg\"><path d=\"M512 512H0V0h512v512z\"><\/path><\/svg>\t\t\t\t\t\t<\/span>\n\t\t\t\t\t\t\t\t\t\t<span class=\"elementor-icon-list-text\">Taux de r\u00e9ussite annuel : 97.48%<\/span>\n\t\t\t\t\t\t\t\t\t\t\t<\/a>\n\t\t\t\t\t\t\t\t\t<\/li>\n\t\t\t\t\t\t\t\t<li class=\"elementor-icon-list-item\">\n\t\t\t\t\t\t\t\t\t\t\t<a href=\"#\">\n\n\t\t\t\t\t\t\t\t\t\t\t\t<span class=\"elementor-icon-list-icon\">\n\t\t\t\t\t\t\t<svg aria-hidden=\"true\" class=\"e-font-icon-svg e-fas-square-full\" viewbox=\"0 0 512 512\" xmlns=\"http:\/\/www.w3.org\/2000\/svg\"><path d=\"M512 512H0V0h512v512z\"><\/path><\/svg>\t\t\t\t\t\t<\/span>\n\t\t\t\t\t\t\t\t\t\t<span class=\"elementor-icon-list-text\">Livraison 3-7 jours<\/span>\n\t\t\t\t\t\t\t\t\t\t\t<\/a>\n\t\t\t\t\t\t\t\t\t<\/li>\n\t\t\t\t\t\t<\/ul>\n\t\t\t\t\t\t<\/div>\n\t\t\t\t<\/div>\n\t\t<div class=\"elementor-element elementor-element-71550cb5 e-con-full e-flex e-con e-child\" data-id=\"71550cb5\" data-element_type=\"container\">\n\t\t\t\t<div class=\"elementor-element elementor-element-449b95c elementor-arrows-position-inside elementor-pagination-position-outside elementor-widget elementor-widget-image-carousel\" data-id=\"449b95c\" data-element_type=\"widget\" data-settings=\"{&quot;navigation&quot;:&quot;both&quot;,&quot;autoplay&quot;:&quot;yes&quot;,&quot;pause_on_hover&quot;:&quot;yes&quot;,&quot;pause_on_interaction&quot;:&quot;yes&quot;,&quot;autoplay_speed&quot;:5000,&quot;infinite&quot;:&quot;yes&quot;,&quot;speed&quot;:500}\" data-widget_type=\"image-carousel.default\">\n\t\t\t\t\t\t\t<div class=\"elementor-image-carousel-wrapper swiper\" role=\"region\" aria-roledescription=\"carousel\" aria-label=\"\u56fe\u50cf\u8f6e\u64ad\" dir=\"ltr\">\n\t\t\t<div class=\"elementor-image-carousel swiper-wrapper\" aria-live=\"off\">\n\t\t\t\t\t\t\t\t<div class=\"swiper-slide\" role=\"group\" aria-roledescription=\"slide\" aria-label=\"1 \u0645\u0646 1 \u0645\u0646 11\" data-no-translation-aria-label=\"\"><figure class=\"swiper-slide-inner\"><img decoding=\"async\" class=\"swiper-slide-image\" src=\"https:\/\/weldomachining.com\/wp-content\/uploads\/elementor\/thumbs\/young-engineer-cnc-machining-from-weldo-precision-1-rcg85f3mtx1ugb2xopj76vsr3wt5hgg4a3e37q2ms8.webp\" alt=\"ing\u00e9nieur de weldo precision\" \/><\/figure><\/div><div class=\"swiper-slide\" role=\"group\" aria-roledescription=\"slide\" aria-label=\"2 \u0645\u0646 2 \u0645\u0646 11\" data-no-translation-aria-label=\"\"><figure class=\"swiper-slide-inner\"><img decoding=\"async\" class=\"swiper-slide-image\" src=\"https:\/\/weldomachining.com\/wp-content\/uploads\/elementor\/thumbs\/20250904105659-ezgif.com-resize-2-rbu4k0jz7t4mbmbhdayzvfwmrmn7m624gb0pp0yv2w.webp\" alt=\"Centre d&#039;usinage \u00e0 commande num\u00e9rique Weldo 3-4 axes\" \/><\/figure><\/div><div class=\"swiper-slide\" role=\"group\" aria-roledescription=\"slide\" aria-label=\"3 \u0645\u0646 3 \u0645\u0646 11\" data-no-translation-aria-label=\"\"><figure class=\"swiper-slide-inner\"><img decoding=\"async\" class=\"swiper-slide-image\" src=\"https:\/\/weldomachining.com\/wp-content\/uploads\/elementor\/thumbs\/5-axis-cnc-machining-center-5-ri7sfje1ceo82wht8uscpmvn6hlrb57pmyrkbzy6s8.webp\" alt=\"Centre d&#039;usinage CNC 5 axes (5)\" \/><\/figure><\/div><div class=\"swiper-slide\" role=\"group\" aria-roledescription=\"slide\" aria-label=\"4 \u0645\u0646 4 \u0645\u0646 11\" data-no-translation-aria-label=\"\"><figure class=\"swiper-slide-inner\"><img decoding=\"async\" class=\"swiper-slide-image\" src=\"https:\/\/weldomachining.com\/wp-content\/uploads\/elementor\/thumbs\/weldo-cnc-machining-center-picture-rc4ij8k4er9j428jluuaf1ls6o4vo049h2ics6wx5k.jpg\" alt=\"weldo centre d&#039;usinage cnc photo\" \/><\/figure><\/div><div class=\"swiper-slide\" role=\"group\" aria-roledescription=\"slide\" aria-label=\"5 \u0645\u0646 5 \u0645\u0646 11\" data-no-translation-aria-label=\"\"><figure class=\"swiper-slide-inner\"><img decoding=\"async\" class=\"swiper-slide-image\" src=\"https:\/\/weldomachining.com\/wp-content\/uploads\/elementor\/thumbs\/Check-the-workpiece-processing-status-rbxoegh0xbiw030jc8hi5j4y6bsjx4fo8a2mmmvqhk.webp\" alt=\"ing\u00e9nieur weldo V\u00e9rifier l&#039;\u00e9tat de traitement des pi\u00e8ces\" \/><\/figure><\/div><div class=\"swiper-slide\" role=\"group\" aria-roledescription=\"slide\" aria-label=\"6 \u0645\u0646 6 \u0645\u0646 11\" data-no-translation-aria-label=\"\"><figure class=\"swiper-slide-inner\"><img decoding=\"async\" class=\"swiper-slide-image\" src=\"https:\/\/weldomachining.com\/wp-content\/uploads\/elementor\/thumbs\/weldo-quality-assurance-center-1-rf97ndv62z4b4zj8afh8ta8r5jz4gewdnvorzg0bfc.webp\" alt=\"centre d&#039;assurance qualit\u00e9 weldo\" \/><\/figure><\/div><div class=\"swiper-slide\" role=\"group\" aria-roledescription=\"slide\" aria-label=\"7 \u0645\u0646 7 \u0645\u0646 11\" data-no-translation-aria-label=\"\"><figure class=\"swiper-slide-inner\"><img decoding=\"async\" class=\"swiper-slide-image\" src=\"https:\/\/weldomachining.com\/wp-content\/uploads\/elementor\/thumbs\/-2025-09-19-190512_1.505.1-re0cjguluoharwtfxegvxp6j5bxx43kua7khkeko9k.webp\" alt=\"Centre d&#039;inspection de la qualit\u00e9 weldo\" \/><\/figure><\/div><div class=\"swiper-slide\" role=\"group\" aria-roledescription=\"slide\" aria-label=\"8 \u0645\u0646 8 \u0645\u0646 11\" data-no-translation-aria-label=\"\"><figure class=\"swiper-slide-inner\"><img decoding=\"async\" class=\"swiper-slide-image\" src=\"https:\/\/weldomachining.com\/wp-content\/uploads\/elementor\/thumbs\/Measured-by-CMM-rkqb6swc3qfb8tj0i0uiwjcaj1lllgoibm0nkbfrvc.webp\" alt=\"Mesur\u00e9 par le CMM\" \/><\/figure><\/div><div class=\"swiper-slide\" role=\"group\" aria-roledescription=\"slide\" aria-label=\"9 \u0645\u0646 9 \u0645\u0646 11\" data-no-translation-aria-label=\"\"><figure class=\"swiper-slide-inner\"><img decoding=\"async\" class=\"swiper-slide-image\" src=\"https:\/\/weldomachining.com\/wp-content\/uploads\/elementor\/thumbs\/weldo-cnc-parts-package-center-reabxo41ozwipbcvx0dzrsezoh6xs5ccgd2mnmz1so.webp\" alt=\"weldo cnc parts package center\" \/><\/figure><\/div><div class=\"swiper-slide\" role=\"group\" aria-roledescription=\"slide\" aria-label=\"10 \u0645\u0646 10 \u0645\u0646 11\" data-no-translation-aria-label=\"\"><figure class=\"swiper-slide-inner\"><img decoding=\"async\" class=\"swiper-slide-image\" src=\"https:\/\/weldomachining.com\/wp-content\/uploads\/elementor\/thumbs\/iso9001-2015-rleatvjwx5resq0bgt7cwb9ryvnkrd36m503kie5lk.webp\" alt=\"iso 9001:2015 pour weldo machining\" \/><\/figure><\/div><div class=\"swiper-slide\" role=\"group\" aria-roledescription=\"slide\" aria-label=\"11 \u0645\u0646 11 \u0645\u0646 11\" data-no-translation-aria-label=\"\"><figure class=\"swiper-slide-inner\"><img decoding=\"async\" class=\"swiper-slide-image\" src=\"https:\/\/weldomachining.com\/wp-content\/uploads\/elementor\/thumbs\/-2025-09-19-190512_1.479.1-re0cjfwrnug0gaut2w29d7f2jy2jweh3y2x034m2fs.webp\" alt=\"salle de r\u00e9union weldo\" \/><\/figure><\/div>\t\t\t<\/div>\n\t\t\t\t\t\t\t\t\t\t\t\t<div class=\"elementor-swiper-button elementor-swiper-button-prev\" role=\"button\" tabindex=\"0\">\n\t\t\t\t\t\t<svg aria-hidden=\"true\" class=\"e-font-icon-svg e-fas-arrow-left\" viewbox=\"0 0 448 512\" xmlns=\"http:\/\/www.w3.org\/2000\/svg\"><path d=\"M257.5 445.1l-22.2 22.2c-9.4 9.4-24.6 9.4-33.9 0L7 273c-9.4-9.4-9.4-24.6 0-33.9L201.4 44.7c9.4-9.4 24.6-9.4 33.9 0l22.2 22.2c9.5 9.5 9.3 25-.4 34.3L136.6 216H424c13.3 0 24 10.7 24 24v32c0 13.3-10.7 24-24 24H136.6l120.5 114.8c9.8 9.3 10 24.8.4 34.3z\"><\/path><\/svg>\t\t\t\t\t<\/div>\n\t\t\t\t\t<div class=\"elementor-swiper-button elementor-swiper-button-next\" role=\"button\" tabindex=\"0\">\n\t\t\t\t\t\t<svg aria-hidden=\"true\" class=\"e-font-icon-svg e-fas-arrow-right\" viewbox=\"0 0 448 512\" xmlns=\"http:\/\/www.w3.org\/2000\/svg\"><path d=\"M190.5 66.9l22.2-22.2c9.4-9.4 24.6-9.4 33.9 0L441 239c9.4 9.4 9.4 24.6 0 33.9L246.6 467.3c-9.4 9.4-24.6 9.4-33.9 0l-22.2-22.2c-9.5-9.5-9.3-25 .4-34.3L311.4 296H24c-13.3 0-24-10.7-24-24v-32c0-13.3 10.7-24 24-24h287.4L190.9 101.2c-9.8-9.3-10-24.8-.4-34.3z\"><\/path><\/svg>\t\t\t\t\t<\/div>\n\t\t\t\t\n\t\t\t\t\t\t\t\t\t<div class=\"swiper-pagination\"><\/div>\n\t\t\t\t\t\t\t\t\t<\/div>\n\t\t\t\t\t\t<\/div>\n\t\t\t\t<\/div>\n\t\t\t\t\t<\/div>\n\t\t\t\t<\/div>\n\t\t<div class=\"elementor-element elementor-element-6c7a1396 e-flex e-con-boxed e-con e-parent\" data-id=\"6c7a1396\" data-element_type=\"container\">\n\t\t\t\t\t<div class=\"e-con-inner\">\n\t\t\t\t<div class=\"elementor-element elementor-element-21db3e23 elementor-widget elementor-widget-heading\" data-id=\"21db3e23\" data-element_type=\"widget\" data-widget_type=\"heading.default\">\n\t\t\t\t\t<h2 class=\"elementor-heading-title elementor-size-default\">Travailler avec nous<\/h2>\t\t\t\t<\/div>\n\t\t\t\t<div class=\"elementor-element elementor-element-10d08a38 elementor-widget elementor-widget-text-editor\" data-id=\"10d08a38\" data-element_type=\"widget\" data-widget_type=\"text-editor.default\">\n\t\t\t\t\t\t\t\t\t<p>Nous assumons l'enti\u00e8re responsabilit\u00e9 de l'ensemble du processus, depuis les dessins techniques, les recommandations d'optimisation et les devis pr\u00e9cis jusqu'au prototypage rapide, <a href=\"https:\/\/weldomachining.com\/fr\/guide-de-letat-de-surface\/\">traitements de surface<\/a>Nous nous chargeons de la conception, de la fabrication et de l'inspection de la qualit\u00e9, jusqu'\u00e0 la production en s\u00e9rie. Nous fournissons des mises \u00e0 jour r\u00e9guli\u00e8res et maintenons une communication ouverte \u00e0 chaque \u00e9tape, ce qui permet \u00e0 nos clients de rester \u00e0 l'aise jusqu'\u00e0 ce qu'ils re\u00e7oivent leurs produits finis.<\/p>\t\t\t\t\t\t\t\t<\/div>\n\t\t\t\t<div class=\"elementor-element elementor-element-5550b3d8 elementor-align-center elementor-mobile-align-center elementor-widget elementor-widget-button\" data-id=\"5550b3d8\" data-element_type=\"widget\" data-widget_type=\"button.default\">\n\t\t\t\t\t\t\t\t\t\t<a class=\"elementor-button elementor-button-link elementor-size-sm\" href=\"https:\/\/weldomachining.com\/fr\/telechargement-de-fichiers\/\">\n\t\t\t\t\t\t<span class=\"elementor-button-content-wrapper\">\n\t\t\t\t\t\t\t\t\t<span class=\"elementor-button-text\">Nous contacter<\/span>\n\t\t\t\t\t<\/span>\n\t\t\t\t\t<\/a>\n\t\t\t\t\t\t\t\t<\/div>\n\t\t\t\t\t<\/div>\n\t\t\t\t<\/div>\n\t\t<div class=\"elementor-element elementor-element-1a84ed7 e-con-full e-flex e-con e-parent\" data-id=\"1a84ed7\" data-element_type=\"container\">\n\t\t<div class=\"elementor-element elementor-element-ac89816 e-flex e-con-boxed e-con e-child\" data-id=\"ac89816\" data-element_type=\"container\">\n\t\t\t\t\t<div class=\"e-con-inner\">\n\t\t\t\t<div class=\"elementor-element elementor-element-0c9ad07 elementor-widget elementor-widget-heading\" data-id=\"0c9ad07\" data-element_type=\"widget\" data-widget_type=\"heading.default\">\n\t\t\t\t\t<h2 class=\"elementor-heading-title elementor-size-default\">Visitez Weldo machining<\/h2>\t\t\t\t<\/div>\n\t\t\t\t<div class=\"elementor-element elementor-element-6ebdb5b elementor-widget__width-initial elementor-widget elementor-widget-video\" data-id=\"6ebdb5b\" data-element_type=\"widget\" data-settings=\"{&quot;video_type&quot;:&quot;hosted&quot;,&quot;mute&quot;:&quot;yes&quot;,&quot;controls&quot;:&quot;yes&quot;}\" data-widget_type=\"video.default\">\n\t\t\t\t\t\t\t<div class=\"e-hosted-video elementor-wrapper elementor-open-inline\">\n\t\t\t\t\t<video class=\"elementor-video\" src=\"https:\/\/weldomachining.com\/wp-content\/uploads\/2025\/11\/weldo-company-profile.mp4\" controls=\"\" preload=\"metadata\" muted=\"muted\" controlslist=\"nodownload\" poster=\"https:\/\/weldomachining.com\/wp-content\/uploads\/2026\/02\/weldo-machining-center-3.webp\"><\/video>\n\t\t\t\t<\/div>\n\t\t\t\t\t\t<\/div>\n\t\t\t\t\t<\/div>\n\t\t\t\t<\/div>\n\t\t\t\t<\/div>\n\t\t\t\t<\/div>","protected":false},"excerpt":{"rendered":"<p>About Us\u200b Founded in 2012, Weldo Machining is a precision manufacturing service provider specializing in multi-axis CNC machining, conventional turning, CNC grinding, and CNC EDM. We offer a one-stop service from design, precision milling and grinding, quality inspection to surface treatment, packaging, and shipping. The company currently employs over 120 professional technicians, operates within its [&hellip;]<\/p>\n","protected":false},"author":2,"featured_media":0,"parent":0,"menu_order":3,"comment_status":"closed","ping_status":"closed","template":"","meta":{"footnotes":""},"class_list":["post-23","page","type-page","status-publish","hentry"],"_links":{"self":[{"href":"https:\/\/weldomachining.com\/fr\/wp-json\/wp\/v2\/pages\/23","targetHints":{"allow":["GET"]}}],"collection":[{"href":"https:\/\/weldomachining.com\/fr\/wp-json\/wp\/v2\/pages"}],"about":[{"href":"https:\/\/weldomachining.com\/fr\/wp-json\/wp\/v2\/types\/page"}],"author":[{"embeddable":true,"href":"https:\/\/weldomachining.com\/fr\/wp-json\/wp\/v2\/users\/2"}],"replies":[{"embeddable":true,"href":"https:\/\/weldomachining.com\/fr\/wp-json\/wp\/v2\/comments?post=23"}],"version-history":[{"count":24,"href":"https:\/\/weldomachining.com\/fr\/wp-json\/wp\/v2\/pages\/23\/revisions"}],"predecessor-version":[{"id":9258,"href":"https:\/\/weldomachining.com\/fr\/wp-json\/wp\/v2\/pages\/23\/revisions\/9258"}],"wp:attachment":[{"href":"https:\/\/weldomachining.com\/fr\/wp-json\/wp\/v2\/media?parent=23"}],"curies":[{"name":"wp","href":"https:\/\/api.w.org\/{rel}","templated":true}]}}