{"id":583,"date":"2025-09-08T02:58:43","date_gmt":"2025-09-08T02:58:43","guid":{"rendered":"https:\/\/weldomachining.com\/?page_id=583"},"modified":"2025-10-28T01:43:53","modified_gmt":"2025-10-28T01:43:53","slug":"pieces-plastiques-cnc","status":"publish","type":"page","link":"https:\/\/weldomachining.com\/fr\/pieces-plastiques-cnc\/","title":{"rendered":"Pi\u00e8ces plastiques CNC"},"content":{"rendered":"<div data-elementor-type=\"wp-page\" data-elementor-id=\"583\" class=\"elementor elementor-583\" data-elementor-post-type=\"page\">\n\t\t\t\t<div class=\"elementor-element elementor-element-e9ec6f4 e-flex e-con-boxed e-con e-parent\" data-id=\"e9ec6f4\" data-element_type=\"container\">\n\t\t\t\t\t<div class=\"e-con-inner\">\n\t\t\t\t<div class=\"elementor-element elementor-element-77e883b elementor-widget elementor-widget-image\" data-id=\"77e883b\" data-element_type=\"widget\" data-widget_type=\"image.default\">\n\t\t\t\t\t\t\t\t\t\t\t\t<figure class=\"wp-caption\">\n\t\t\t\t\t\t\t\t\t\t<img fetchpriority=\"high\" decoding=\"async\" width=\"500\" height=\"500\" src=\"https:\/\/weldomachining.com\/wp-content\/uploads\/2025\/09\/cnc-plastic-parts.jpeg\" class=\"attachment-full size-full wp-image-639\" alt=\"pi\u00e8ces plastiques cnc\" srcset=\"https:\/\/weldomachining.com\/wp-content\/uploads\/2025\/09\/cnc-plastic-parts.jpeg 500w, https:\/\/weldomachining.com\/wp-content\/uploads\/2025\/09\/cnc-plastic-parts-300x300.jpeg 300w, https:\/\/weldomachining.com\/wp-content\/uploads\/2025\/09\/cnc-plastic-parts-100x100.jpeg 100w, https:\/\/weldomachining.com\/wp-content\/uploads\/2025\/09\/cnc-plastic-parts-150x150.jpeg 150w\" sizes=\"(max-width: 500px) 100vw, 500px\" \/>\t\t\t\t\t\t\t\t\t\t\t<figcaption class=\"widget-image-caption wp-caption-text\">\u00e9chantillons de pi\u00e8ces plastiques cnc<\/figcaption>\n\t\t\t\t\t\t\t\t\t\t<\/figure>\n\t\t\t\t\t\t\t\t\t<\/div>\n\t\t\t\t<div class=\"elementor-element elementor-element-609f162 elementor-widget elementor-widget-text-editor\" data-id=\"609f162\" data-element_type=\"widget\" data-widget_type=\"text-editor.default\">\n\t\t\t\t\t\t\t\t\t<h1>Pi\u00e8ces en plastique CNC :<\/h1><p><br \/>La technologie d'usinage CNC (Computer Numerical Control), r\u00e9put\u00e9e pour sa haute pr\u00e9cision et son efficacit\u00e9, est largement adopt\u00e9e dans la fabrication de composants en plastique. Diff\u00e9rentes mati\u00e8res plastiques, chacune poss\u00e9dant des propri\u00e9t\u00e9s physiques et chimiques uniques, sont adapt\u00e9es \u00e0 des domaines d'application distincts. Ce qui suit fournit une vue d'ensemble syst\u00e9matique des mat\u00e9riaux plastiques couramment utilis\u00e9s dans l'usinage CNC et de leurs principaux domaines d'application, afin de vous aider dans la conception de vos produits et la s\u00e9lection des mat\u00e9riaux.<\/p><h2>I. Classification et propri\u00e9t\u00e9s des mati\u00e8res plastiques CNC<\/h2><h3><br \/>1. Plastiques techniques (type haute performance)<\/h3><p><br \/>Les plastiques techniques offrent une r\u00e9sistance m\u00e9canique, une r\u00e9sistance \u00e0 la chaleur et une stabilit\u00e9 chimique sup\u00e9rieures, ce qui les rend appropri\u00e9s pour des composants fonctionnels dans des environnements exigeants.<\/p><h4>ABS (Acrylonitrile Butadi\u00e8ne Styr\u00e8ne)<\/h4><p><br \/>Caract\u00e9ristiques : Grande t\u00e9nacit\u00e9, r\u00e9sistance aux chocs, facilit\u00e9 d'usinage et bonne brillance de la surface.<br \/>Usinage CNC : Performances de coupe stables, adapt\u00e9es aux pi\u00e8ces structurelles complexes.<br \/>Applications : Bo\u00eetiers d'appareils \u00e9lectroniques (routeurs, t\u00e9l\u00e9commandes, etc.), composants int\u00e9rieurs d'automobiles, prototypes de jouets.<\/p><h4>PC (Polycarbonate)<\/h4><p><br \/>Caract\u00e9ristiques : Haute transparence (transmission de la lumi\u00e8re \u226590%), r\u00e9sistance aux chocs, r\u00e9sistance aux hautes temp\u00e9ratures (-40\u00b0C \u00e0 130\u00b0C).<br \/>Usinabilit\u00e9 CNC : N\u00e9cessite des temp\u00e9ratures de coupe contr\u00f4l\u00e9es pour \u00e9viter les fissures dues au stress.<br \/>Applications : Lentilles optiques, bo\u00eetiers d'appareils m\u00e9dicaux, visi\u00e8res de protection, couvercles de lampes LED.<\/p><h4>PA (Nylon, Polyamide)<\/h4><p><br \/>Caract\u00e9ristiques : Haute r\u00e9sistance, r\u00e9sistance \u00e0 l'usure, autolubrification, absorption relativement \u00e9lev\u00e9e de l'humidit\u00e9.<br \/>Usinabilit\u00e9 CNC : Utiliser des outils en carbure pour minimiser les bavures.<br \/>Applications : Engrenages, roulements, poulies, composants du compartiment moteur de l'automobile.<\/p><h4>POM (Polyoxym\u00e9thyl\u00e8ne)<\/h4><p><br \/>Propri\u00e9t\u00e9s : Faible coefficient de frottement, grande rigidit\u00e9, r\u00e9sistance \u00e0 la fatigue.<br \/>Usinage CNC : Faibles forces de coupe, adapt\u00e9es \u00e0 l'usinage de pr\u00e9cision de micro-pi\u00e8ces.<br \/>Applications : Engrenages de pr\u00e9cision, composants de transmission, connecteurs \u00e9lectroniques.<\/p><h3>2. Plastiques \u00e0 haute performance (applications en milieu extr\u00eame)<\/h3><p><br \/>Convient aux sc\u00e9narios \u00e0 haute temp\u00e9rature, hautement corrosifs ou \u00e0 forte charge. Co\u00fbt plus \u00e9lev\u00e9 mais performances exceptionnelles.<\/p><h4>PEEK (Poly\u00e9ther\u00e9therc\u00e9tone)<\/h4><p><br \/>Propri\u00e9t\u00e9s : R\u00e9sistance aux hautes temp\u00e9ratures (utilisation continue jusqu'\u00e0 260\u00b0C), r\u00e9sistance \u00e0 la corrosion chimique, biocompatibilit\u00e9.<br \/>Usinabilit\u00e9 CNC : N\u00e9cessite des outils diamant\u00e9s pour \u00e9viter les d\u00e9formations \u00e0 haute temp\u00e9rature.<br \/>Applications : Composants structurels a\u00e9rospatiaux, dispositifs m\u00e9dicaux (par exemple, instruments chirurgicaux), pi\u00e8ces d'\u00e9quipement pour semi-conducteurs.<\/p><h4>PI (Polyimide)<\/h4><p><br \/>Propri\u00e9t\u00e9s : R\u00e9sistance aux hautes temp\u00e9ratures (sup\u00e9rieures \u00e0 300\u00b0C), forte isolation, r\u00e9sistance aux radiations.<br \/>Usinabilit\u00e9 CNC : mat\u00e9riau tr\u00e8s fragile ; n\u00e9cessite des param\u00e8tres de coupe optimis\u00e9s.<br \/>Applications : Substrats de cartes de circuits imprim\u00e9s flexibles, couches d'isolation thermique de v\u00e9hicules spatiaux, composants de l'industrie nucl\u00e9aire.<\/p><h4>PPS (sulfure de polyph\u00e9nyl\u00e8ne)<\/h4><p><br \/>Propri\u00e9t\u00e9s : R\u00e9sistance aux hautes temp\u00e9ratures, r\u00e9sistance aux solvants, excellente stabilit\u00e9 dimensionnelle.<br \/>Usinabilit\u00e9 CNC : Susceptible de produire de l'\u00e9lectricit\u00e9 statique lors de la coupe ; contr\u00f4le des poussi\u00e8res n\u00e9cessaire.<br \/>Applications : Capteurs automobiles, encapsulation de composants \u00e9lectroniques, corps de pompes chimiques.<\/p><h3>3. Plastiques \u00e0 usage g\u00e9n\u00e9ral (type \u00e0 faible co\u00fbt)<\/h3><p>Peu co\u00fbteux, facile \u00e0 mettre en \u0153uvre, il convient aux structures non critiques ou aux articles jetables.<\/p><h4>PMMA (Acrylique, Polym\u00e9thacrylate de m\u00e9thyle)<\/h4><p><br \/>Propri\u00e9t\u00e9s : Grande transparence (transmission de la lumi\u00e8re 92%), grande duret\u00e9 de la surface, tendance \u00e0 la rupture fragile.<br \/>Usinabilit\u00e9 CNC : La vitesse d'avance doit \u00eatre contr\u00f4l\u00e9e pour \u00e9viter l'\u00e9caillage.<br \/>Applications : Pr\u00e9sentoirs, abat-jour, guides de lumi\u00e8re pour instruments optiques.<\/p><h4>PP (Polypropyl\u00e8ne)<\/h4><p><br \/>Propri\u00e9t\u00e9s : R\u00e9sistance chimique, bonne t\u00e9nacit\u00e9, faible densit\u00e9 (0,9 g\/cm\u00b3).<br \/>Usinabilit\u00e9 CNC : Sujet aux bavures, n\u00e9cessite une rectification secondaire.<br \/>Applications : Conteneurs de produits chimiques, articles de consommation courante (par exemple, gobelets d'eau), pare-chocs d'automobiles.<\/p><h4>PE (Poly\u00e9thyl\u00e8ne)<\/h4><p><br \/>Propri\u00e9t\u00e9s : R\u00e9sistance \u00e0 basse temp\u00e9rature, excellente flexibilit\u00e9, bonne isolation \u00e9lectrique.<br \/>Usinabilit\u00e9 CNC : Mat\u00e9riau tendre, n\u00e9cessitant des outils de coupe tranchants.<br \/>Applications : Raccords de tuyauterie, joints, mat\u00e9riaux d'emballage.<\/p><h3>4. Plastiques sp\u00e9cialis\u00e9s (ax\u00e9s sur la fonction)<\/h3><p><br \/>Mat\u00e9riaux con\u00e7us pour r\u00e9pondre \u00e0 des exigences sp\u00e9cifiques, telles que la conductivit\u00e9, la conductivit\u00e9 thermique ou l'ignifugation.<\/p><h4>Plastiques conducteurs (par exemple, PC\/ABS + fibre de carbone)<\/h4><p><br \/>Propri\u00e9t\u00e9s : R\u00e9sistivit\u00e9 de surface 10\u00b3~10\u2076\u03a9, antistatique.<br \/>Applications : Bo\u00eetiers d'appareils \u00e9lectroniques (blindage CEM), composants d'\u00e9quipements miniers.<\/p><h4>Plastiques thermoconducteurs (par exemple, PA + graph\u00e8ne)<\/h4><p><br \/>Propri\u00e9t\u00e9s : Conductivit\u00e9 thermique 5-20 W\/(m-K), remplace le m\u00e9tal pour la dissipation de la chaleur.<br \/>Applications : Dissipateurs de chaleur pour LED, bo\u00eetiers de modules de puissance.<\/p><h4>Plastiques retardateurs de flamme (par exemple, PC + retardateurs de flamme)<\/h4><p><br \/>Propri\u00e9t\u00e9s : Certifi\u00e9 UL94 V-0, autoextinguible en cas d'extinction de la flamme.<br \/>Applications : Bo\u00eetiers d'appareils \u00e9lectrom\u00e9nagers, composants structurels de stations de recharge.<\/p>\t\t\t\t\t\t\t\t<\/div>\n\t\t\t\t\t<\/div>\n\t\t\t\t<\/div>\n\t\t\t\t<\/div>","protected":false},"excerpt":{"rendered":"<p>\u00e9chantillons de pi\u00e8ces en plastique CNC Pi\u00e8ces en plastique CNC : La technologie d'usinage CNC (Computer Numerical Control), r\u00e9put\u00e9e pour sa haute pr\u00e9cision et son efficacit\u00e9, est largement adopt\u00e9e dans la fabrication de composants en plastique. Diff\u00e9rentes mati\u00e8res plastiques, chacune poss\u00e9dant des propri\u00e9t\u00e9s physiques et chimiques uniques, sont adapt\u00e9es \u00e0 des domaines d'application distincts. Ce qui suit fournit une vue d'ensemble syst\u00e9matique des mat\u00e9riaux plastiques couramment utilis\u00e9s dans [...]<\/p>","protected":false},"author":2,"featured_media":0,"parent":0,"menu_order":0,"comment_status":"closed","ping_status":"closed","template":"","meta":{"footnotes":""},"class_list":["post-583","page","type-page","status-publish","hentry"],"_links":{"self":[{"href":"https:\/\/weldomachining.com\/fr\/wp-json\/wp\/v2\/pages\/583","targetHints":{"allow":["GET"]}}],"collection":[{"href":"https:\/\/weldomachining.com\/fr\/wp-json\/wp\/v2\/pages"}],"about":[{"href":"https:\/\/weldomachining.com\/fr\/wp-json\/wp\/v2\/types\/page"}],"author":[{"embeddable":true,"href":"https:\/\/weldomachining.com\/fr\/wp-json\/wp\/v2\/users\/2"}],"replies":[{"embeddable":true,"href":"https:\/\/weldomachining.com\/fr\/wp-json\/wp\/v2\/comments?post=583"}],"version-history":[{"count":0,"href":"https:\/\/weldomachining.com\/fr\/wp-json\/wp\/v2\/pages\/583\/revisions"}],"wp:attachment":[{"href":"https:\/\/weldomachining.com\/fr\/wp-json\/wp\/v2\/media?parent=583"}],"curies":[{"name":"wp","href":"https:\/\/api.w.org\/{rel}","templated":true}]}}