{"id":9137,"date":"2026-04-01T02:42:40","date_gmt":"2026-04-01T02:42:40","guid":{"rendered":"https:\/\/weldomachining.com\/?page_id=9137"},"modified":"2026-04-01T02:46:25","modified_gmt":"2026-04-01T02:46:25","slug":"privacy-policy-2","status":"publish","type":"page","link":"https:\/\/weldomachining.com\/fr\/privacy-policy-2\/","title":{"rendered":"POLITIQUE DE CONFIDENTIALIT\u00c9"},"content":{"rendered":"<div data-elementor-type=\"wp-page\" data-elementor-id=\"9137\" class=\"elementor elementor-9137\" data-elementor-post-type=\"page\">\n\t\t\t\t<div class=\"elementor-element elementor-element-bd9e11a e-flex e-con-boxed e-con e-parent\" data-id=\"bd9e11a\" data-element_type=\"container\">\n\t\t\t\t\t<div class=\"e-con-inner\">\n\t\t\t\t<div class=\"elementor-element elementor-element-dc25b87 elementor-widget elementor-widget-text-editor\" data-id=\"dc25b87\" data-element_type=\"widget\" data-widget_type=\"text-editor.default\">\n\t\t\t\t\t\t\t\t\t<div class=\"elementor-element elementor-element-5014ae0 gt2 elementor-widget elementor-widget-heading\" data-id=\"5014ae0\" data-element_type=\"widget\" data-e-type=\"widget\" data-widget_type=\"heading.default\"><div class=\"elementor-widget-container\"><h1 class=\"elementor-heading-title elementor-size-default\">POLITIQUE DE CONFIDENTIALIT\u00c9<\/h1><\/div><\/div><div class=\"elementor-element elementor-element-63cfa64 elementor-widget elementor-widget-heading\" data-id=\"63cfa64\" data-element_type=\"widget\" data-e-type=\"widget\" data-widget_type=\"heading.default\"><div class=\"elementor-widget-container\">\u00a0<\/div><\/div>\t\t\t\t\t\t\t\t<\/div>\n\t\t\t\t\t<\/div>\n\t\t\t\t<\/div>\n\t\t<div class=\"elementor-element elementor-element-e3c3c46 e-flex e-con-boxed e-con e-parent\" data-id=\"e3c3c46\" data-element_type=\"container\">\n\t\t\t\t\t<div class=\"e-con-inner\">\n\t\t\t\t<div class=\"elementor-element elementor-element-782fd8f elementor-widget elementor-widget-text-editor\" data-id=\"782fd8f\" data-element_type=\"widget\" data-widget_type=\"text-editor.default\">\n\t\t\t\t\t\t\t\t\t<p data-start=\"71\" data-end=\"501\">La pr\u00e9sente politique de confidentialit\u00e9 d\u00e9crit la mani\u00e8re dont Weld Machining (ci-apr\u00e8s \"nous\") recueille, utilise et divulgue les informations que vous fournissez lorsque vous utilisez notre site web (<a href=\"https:\/\/weldomachining.com\/fr\/\" target=\"_blank\">https:\/\/www.weldomachining.com<\/a>). En acc\u00e9dant \u00e0 ce service ou en l'utilisant, vous acceptez la collecte, l'utilisation et la divulgation de vos informations telles que d\u00e9crites dans la pr\u00e9sente politique de confidentialit\u00e9. Si vous n'\u00eates pas d'accord, veuillez ne pas acc\u00e9der au service ni l'utiliser.<\/p>\n<p data-start=\"508\" data-end=\"825\"><strong data-start=\"508\" data-end=\"523\">Vos droits<\/strong><br data-start=\"523\" data-end=\"526\">En vertu des lois applicables, vous pouvez avoir le droit d'acc\u00e9der \u00e0 vos donn\u00e9es \u00e0 caract\u00e8re personnel, de les corriger ou de les supprimer, ou de demander une copie de vos donn\u00e9es. Vous pouvez \u00e9galement restreindre le traitement de vos donn\u00e9es ou vous y opposer, retirer tout consentement pr\u00e9alable accord\u00e9 pour le traitement des donn\u00e9es et d\u00e9poser des plaintes aupr\u00e8s des autorit\u00e9s r\u00e9glementaires.<\/p>\n<p data-start=\"832\" data-end=\"1184\"><strong data-start=\"832\" data-end=\"863\">Donn\u00e9es et statistiques du site web<\/strong><br data-start=\"863\" data-end=\"866\">Nous collectons automatiquement des donn\u00e9es non personnelles ou agr\u00e9g\u00e9es, telles que les pages consult\u00e9es, la dur\u00e9e du s\u00e9jour, le type de navigateur, les informations relatives \u00e0 l'appareil et les adresses IP, afin d'optimiser nos services. Ces donn\u00e9es sont utilis\u00e9es uniquement pour analyser les performances du site web et am\u00e9liorer le contenu et les fonctionnalit\u00e9s, et ne permettent pas d'identifier des personnes sp\u00e9cifiques.<\/p>\n<p data-start=\"1191\" data-end=\"1809\"><strong data-start=\"1191\" data-end=\"1228\">Cookies et technologies de suivi<\/strong><br data-start=\"1228\" data-end=\"1231\">Pour am\u00e9liorer l'exp\u00e9rience de l'utilisateur, nous pouvons utiliser des cookies et des technologies similaires pour stocker des informations non sensibles, telles que le statut d'acceptation du navigateur, le statut de connexion et les pr\u00e9f\u00e9rences d'affichage des pages. Les cookies temporaires sont utilis\u00e9s pour d\u00e9tecter le statut d'acceptation des cookies du navigateur et sont supprim\u00e9s \u00e0 la fermeture du navigateur. Les cookies li\u00e9s \u00e0 la connexion sont stock\u00e9s pendant deux jours et le param\u00e8tre \"Se souvenir de moi\" peut \u00eatre conserv\u00e9 jusqu'\u00e0 deux semaines. Les cookies relatifs aux options d'\u00e9cran sont conserv\u00e9s pendant un an. Vous pouvez ajuster vos pr\u00e9f\u00e9rences en mati\u00e8re de cookies par le biais des param\u00e8tres de votre navigateur, mais la d\u00e9sactivation des cookies peut affecter certaines fonctionnalit\u00e9s.<\/p>\n<p data-start=\"1816\" data-end=\"2163\"><strong data-start=\"1816\" data-end=\"1828\">S\u00e9curit\u00e9<\/strong><br data-start=\"1828\" data-end=\"1831\">La s\u00e9curit\u00e9 de vos informations est importante pour nous. Nous prenons des mesures de s\u00e9curit\u00e9 raisonnables pour emp\u00eacher l'acc\u00e8s non autoris\u00e9, la modification ou l'utilisation abusive de vos informations. Toutefois, en raison des risques inh\u00e9rents \u00e0 la transmission de donn\u00e9es, nous ne pouvons pas garantir une s\u00e9curit\u00e9 absolue, et vous acceptez les risques li\u00e9s \u00e0 la transmission d'informations.<\/p>\n<p data-start=\"2170\" data-end=\"2620\"><strong data-start=\"2170\" data-end=\"2210\">Contenu int\u00e9gr\u00e9 d'autres sites web<\/strong><br data-start=\"2210\" data-end=\"2213\">Nos articles peuvent contenir du contenu int\u00e9gr\u00e9 (par exemple, des vid\u00e9os, des images, des articles). Le contenu int\u00e9gr\u00e9 provenant d'autres sites web se comporte de la m\u00eame mani\u00e8re que si vous visitiez ces sites directement. Ces sites web peuvent collecter des donn\u00e9es vous concernant, utiliser des cookies, int\u00e9grer des outils de suivi tiers suppl\u00e9mentaires et surveiller votre interaction avec le contenu int\u00e9gr\u00e9, en particulier si vous avez un compte sur ce site web et que vous \u00eates connect\u00e9.<\/p>\n<p data-start=\"2627\" data-end=\"2741\"><strong data-start=\"2627\" data-end=\"2664\">Partage de vos informations personnelles<\/strong><br data-start=\"2664\" data-end=\"2667\">Nous ne partageons vos informations personnelles que dans les circonstances suivantes :<\/p>\n<ul data-start=\"2742\" data-end=\"3100\">\n<li data-section-id=\"15qtml0\" data-start=\"2742\" data-end=\"2973\">Si n\u00e9cessaire pour fournir le service et le partager avec des partenaires tiers qui nous aident \u00e0 g\u00e9rer notre site web et nos services (ces partenaires sont tenus de garder les informations confidentielles et de ne pas les utiliser \u00e0 d'autres fins).<\/li>\n<li data-section-id=\"ez0q2z\" data-start=\"2974\" data-end=\"3100\">se conformer aux lois applicables, r\u00e9pondre \u00e0 des demandes l\u00e9gales telles que des citations \u00e0 compara\u00eetre ou des mandats, ou prot\u00e9ger nos droits et nos biens.<\/li>\n<\/ul>\n<p data-start=\"3102\" data-end=\"3202\">Nous ne partagerons pas vos informations personnelles avec d'autres tiers en dehors de ces circonstances.<\/p>\n<p data-start=\"3209\" data-end=\"3376\"><strong data-start=\"3209\" data-end=\"3240\">Avec qui partageons-nous vos donn\u00e9es ?<\/strong><br data-start=\"3240\" data-end=\"3243\">Si vous demandez une r\u00e9initialisation de votre mot de passe, votre adresse IP sera incluse dans l'e-mail de r\u00e9initialisation \u00e0 des fins de v\u00e9rification d'identit\u00e9 et de s\u00e9curit\u00e9.<\/p>\n<p data-start=\"3383\" data-end=\"4078\"><strong data-start=\"3383\" data-end=\"3415\">Dur\u00e9e de conservation des donn\u00e9es<\/strong><br data-start=\"3415\" data-end=\"3418\">Si vous soumettez une demande d'information, laissez un message ou cr\u00e9ez un compte, les donn\u00e9es personnelles seront conserv\u00e9es pendant la dur\u00e9e de fonctionnement du service et la p\u00e9riode de conservation l\u00e9gale afin de fournir des services continus, de r\u00e9pondre aux demandes et de remplir les obligations l\u00e9gales. Pour les utilisateurs enregistr\u00e9s, les informations personnelles fournies seront stock\u00e9es dans leur profil. Les utilisateurs peuvent consulter, modifier ou supprimer leurs informations personnelles \u00e0 tout moment (\u00e0 l'exception des noms d'utilisateur). Les administrateurs du site peuvent \u00e9galement consulter et modifier ces informations. Si vous exercez votre droit de supprimer vos informations personnelles, nous les supprimerons rapidement apr\u00e8s avoir v\u00e9rifi\u00e9 votre identit\u00e9, sauf si la loi nous oblige \u00e0 les conserver.<\/p>\n<p data-start=\"4085\" data-end=\"4485\"><strong data-start=\"4085\" data-end=\"4113\">Vos droits sur vos donn\u00e9es<\/strong><br data-start=\"4113\" data-end=\"4116\">Si vous avez un compte sur le site web ou si vous avez fourni des informations pertinentes, vous pouvez demander \u00e0 recevoir une exportation des donn\u00e9es personnelles que nous d\u00e9tenons \u00e0 votre sujet, y compris toutes les donn\u00e9es que vous nous avez fournies. Vous pouvez \u00e9galement nous demander de supprimer toutes les donn\u00e9es \u00e0 caract\u00e8re personnel que nous d\u00e9tenons \u00e0 votre sujet, \u00e0 l'exception des donn\u00e9es que nous devons conserver \u00e0 des fins administratives, juridiques ou de s\u00e9curit\u00e9.<\/p>\n<p data-start=\"4492\" data-end=\"4916\"><strong data-start=\"4492\" data-end=\"4502\">Mineurs<\/strong><br data-start=\"4502\" data-end=\"4505\">Ce site web n'est pas destin\u00e9 aux personnes de moins de 18 ans. Nous ne collectons pas sciemment de donn\u00e9es personnelles aupr\u00e8s de personnes de moins de 18 ans. Si vous \u00eates un parent ou un tuteur et que vous d\u00e9couvrez que votre enfant nous a fourni des donn\u00e9es personnelles, veuillez nous contacter. Si nous apprenons que nous avons collect\u00e9 des donn\u00e9es personnelles d'enfants sans v\u00e9rifier le consentement des parents, nous prendrons des mesures pour supprimer ces informations de nos serveurs.<\/p>\n<p data-start=\"4923\" data-end=\"5180\"><strong data-start=\"4923\" data-end=\"4963\">Responsable des plaintes \/ de la protection des donn\u00e9es<\/strong><br data-start=\"4963\" data-end=\"4966\">Si vous avez des questions ou des inqui\u00e9tudes sur la mani\u00e8re dont nous traitons vos donn\u00e9es personnelles, vous pouvez envoyer un courriel \u00e0 notre d\u00e9l\u00e9gu\u00e9 \u00e0 la protection des donn\u00e9es \u00e0 l'adresse suivante <a class=\"decorated-link cursor-pointer\" rel=\"noopener\" data-start=\"5090\" data-end=\"5113\"><b><i>cg@weldomachining.com<\/i><\/b><\/a>. Nous r\u00e9pondrons \u00e0 vos pr\u00e9occupations conform\u00e9ment aux lois applicables.<\/p>\n<p data-start=\"5187\" data-end=\"5337\">Weld Machining respecte votre vie priv\u00e9e et s'engage \u00e0 traiter vos informations personnelles de mani\u00e8re rigoureuse et conforme afin de prot\u00e9ger vos droits.<\/p>\t\t\t\t\t\t\t\t<\/div>\n\t\t\t\t\t<\/div>\n\t\t\t\t<\/div>\n\t\t<div class=\"elementor-element elementor-element-1ed9857 e-flex e-con-boxed e-con e-parent\" data-id=\"1ed9857\" data-element_type=\"container\">\n\t\t\t\t\t<div class=\"e-con-inner\">\n\t\t\t\t<div class=\"elementor-element elementor-element-48e0271 elementor-widget elementor-widget-text-editor\" data-id=\"48e0271\" data-element_type=\"widget\" data-widget_type=\"text-editor.default\">\n\t\t\t\t\t\t\t\t\t<p>Derni\u00e8re mise \u00e0 jour le 31\/mars\/2026<\/p><p>Date d'entr\u00e9e en vigueur : 31\/mars\/2026<\/p>\t\t\t\t\t\t\t\t<\/div>\n\t\t\t\t\t<\/div>\n\t\t\t\t<\/div>\n\t\t\t\t<\/div>","protected":false},"excerpt":{"rendered":"<p>PRIVACY POLICY \u00a0 This Privacy Policy outlines how Weld Machining (hereinafter \u201cwe\u201d) collects, uses, and discloses the information you provide while using our website (https:\/\/www.weldomachining.com). By accessing or using this Service, you agree to the collection, use, and disclosure of your information as described in this Privacy Policy. If you disagree, please do not access [&hellip;]<\/p>\n","protected":false},"author":2,"featured_media":0,"parent":0,"menu_order":0,"comment_status":"closed","ping_status":"closed","template":"","meta":{"footnotes":""},"class_list":["post-9137","page","type-page","status-publish","hentry"],"_links":{"self":[{"href":"https:\/\/weldomachining.com\/fr\/wp-json\/wp\/v2\/pages\/9137","targetHints":{"allow":["GET"]}}],"collection":[{"href":"https:\/\/weldomachining.com\/fr\/wp-json\/wp\/v2\/pages"}],"about":[{"href":"https:\/\/weldomachining.com\/fr\/wp-json\/wp\/v2\/types\/page"}],"author":[{"embeddable":true,"href":"https:\/\/weldomachining.com\/fr\/wp-json\/wp\/v2\/users\/2"}],"replies":[{"embeddable":true,"href":"https:\/\/weldomachining.com\/fr\/wp-json\/wp\/v2\/comments?post=9137"}],"version-history":[{"count":4,"href":"https:\/\/weldomachining.com\/fr\/wp-json\/wp\/v2\/pages\/9137\/revisions"}],"predecessor-version":[{"id":9141,"href":"https:\/\/weldomachining.com\/fr\/wp-json\/wp\/v2\/pages\/9137\/revisions\/9141"}],"wp:attachment":[{"href":"https:\/\/weldomachining.com\/fr\/wp-json\/wp\/v2\/media?parent=9137"}],"curies":[{"name":"wp","href":"https:\/\/api.w.org\/{rel}","templated":true}]}}