{"id":9137,"date":"2026-04-01T02:42:40","date_gmt":"2026-04-01T02:42:40","guid":{"rendered":"https:\/\/weldomachining.com\/?page_id=9137"},"modified":"2026-04-01T02:46:25","modified_gmt":"2026-04-01T02:46:25","slug":"privacy-policy-2","status":"publish","type":"page","link":"https:\/\/weldomachining.com\/it\/privacy-policy-2\/","title":{"rendered":"INFORMATIVA SULLA PRIVACY"},"content":{"rendered":"<div data-elementor-type=\"wp-page\" data-elementor-id=\"9137\" class=\"elementor elementor-9137\" data-elementor-post-type=\"page\">\n\t\t\t\t<div class=\"elementor-element elementor-element-bd9e11a e-flex e-con-boxed e-con e-parent\" data-id=\"bd9e11a\" data-element_type=\"container\">\n\t\t\t\t\t<div class=\"e-con-inner\">\n\t\t\t\t<div class=\"elementor-element elementor-element-dc25b87 elementor-widget elementor-widget-text-editor\" data-id=\"dc25b87\" data-element_type=\"widget\" data-widget_type=\"text-editor.default\">\n\t\t\t\t\t\t\t\t\t<div class=\"elementor-element elementor-element-5014ae0 gt2 elementor-widget elementor-widget-heading\" data-id=\"5014ae0\" data-element_type=\"widget\" data-e-type=\"widget\" data-widget_type=\"heading.default\"><div class=\"elementor-widget-container\"><h1 class=\"elementor-heading-title elementor-size-default\">INFORMATIVA SULLA PRIVACY<\/h1><\/div><\/div><div class=\"elementor-element elementor-element-63cfa64 elementor-widget elementor-widget-heading\" data-id=\"63cfa64\" data-element_type=\"widget\" data-e-type=\"widget\" data-widget_type=\"heading.default\"><div class=\"elementor-widget-container\">\u00a0<\/div><\/div>\t\t\t\t\t\t\t\t<\/div>\n\t\t\t\t\t<\/div>\n\t\t\t\t<\/div>\n\t\t<div class=\"elementor-element elementor-element-e3c3c46 e-flex e-con-boxed e-con e-parent\" data-id=\"e3c3c46\" data-element_type=\"container\">\n\t\t\t\t\t<div class=\"e-con-inner\">\n\t\t\t\t<div class=\"elementor-element elementor-element-782fd8f elementor-widget elementor-widget-text-editor\" data-id=\"782fd8f\" data-element_type=\"widget\" data-widget_type=\"text-editor.default\">\n\t\t\t\t\t\t\t\t\t<p data-start=\"71\" data-end=\"501\">La presente Informativa sulla privacy illustra le modalit\u00e0 con cui Weld Machining (di seguito \"noi\") raccoglie, utilizza e divulga le informazioni fornite dall'utente durante l'utilizzo del nostro sito web (<a href=\"https:\/\/weldomachining.com\/it\/\" target=\"_blank\">https:\/\/www.weldomachining.com<\/a>). Accedendo o utilizzando il Servizio, l'utente accetta la raccolta, l'utilizzo e la divulgazione delle proprie informazioni come descritto nella presente Informativa sulla privacy. In caso di disaccordo, si prega di non accedere o utilizzare il Servizio.<\/p>\n<p data-start=\"508\" data-end=\"825\"><strong data-start=\"508\" data-end=\"523\">I vostri diritti<\/strong><br data-start=\"523\" data-end=\"526\">In base alle leggi vigenti, l'utente pu\u00f2 avere il diritto di accedere, correggere o cancellare i propri dati personali o di richiederne una copia. Potete anche limitare o opporvi al trattamento dei vostri dati da parte nostra, revocare qualsiasi consenso concesso in precedenza per il trattamento dei dati e presentare reclami alle autorit\u00e0 di regolamentazione.<\/p>\n<p data-start=\"832\" data-end=\"1184\"><strong data-start=\"832\" data-end=\"863\">Dati e statistiche del sito web<\/strong><br data-start=\"863\" data-end=\"866\">Raccogliamo automaticamente dati non personali o aggregati, come le visualizzazioni delle pagine, la durata del soggiorno, il tipo di browser, le informazioni sul dispositivo e gli indirizzi IP, per ottimizzare i nostri servizi. Questi dati vengono utilizzati esclusivamente per analizzare le prestazioni del sito web e migliorare i contenuti e le funzionalit\u00e0, e non identificano individui specifici.<\/p>\n<p data-start=\"1191\" data-end=\"1809\"><strong data-start=\"1191\" data-end=\"1228\">Cookie e tecnologie di tracciamento<\/strong><br data-start=\"1228\" data-end=\"1231\">Per migliorare l'esperienza dell'utente, possiamo utilizzare cookie e tecnologie simili per memorizzare informazioni non sensibili, come lo stato di accettazione del browser, lo stato di login e le preferenze di visualizzazione delle pagine. I cookie temporanei sono utilizzati per rilevare lo stato di accettazione del browser e vengono eliminati alla chiusura del browser. I cookie relativi all'accesso vengono memorizzati per due giorni e l'impostazione \"Ricordami\" pu\u00f2 essere conservata per un massimo di due settimane. I cookie relativi alle opzioni dello schermo vengono conservati per un anno. \u00c8 possibile regolare le preferenze relative ai cookie attraverso le impostazioni del browser, ma la disattivazione dei cookie pu\u00f2 influire su alcune funzionalit\u00e0.<\/p>\n<p data-start=\"1816\" data-end=\"2163\"><strong data-start=\"1816\" data-end=\"1828\">Sicurezza<\/strong><br data-start=\"1828\" data-end=\"1831\">La sicurezza delle vostre informazioni \u00e8 importante per noi. Adottiamo misure di sicurezza ragionevoli per proteggere da accessi non autorizzati, alterazioni o usi impropri delle vostre informazioni. Tuttavia, a causa dei rischi intrinseci alla trasmissione dei dati, non possiamo garantire la sicurezza assoluta e l'utente accetta il rischio connesso alla trasmissione delle informazioni a noi.<\/p>\n<p data-start=\"2170\" data-end=\"2620\"><strong data-start=\"2170\" data-end=\"2210\">Contenuto incorporato da altri siti web<\/strong><br data-start=\"2210\" data-end=\"2213\">I nostri articoli possono includere contenuti incorporati (ad esempio, video, immagini, articoli). I contenuti incorporati provenienti da altri siti web si comportano come se l'utente visitasse direttamente tali siti. Questi siti web possono raccogliere dati sull'utente, utilizzare cookie, incorporare ulteriori strumenti di tracciamento di terze parti e monitorare l'interazione dell'utente con il contenuto incorporato, soprattutto se l'utente dispone di un account presso il sito web in questione ed \u00e8 connesso.<\/p>\n<p data-start=\"2627\" data-end=\"2741\"><strong data-start=\"2627\" data-end=\"2664\">Condivisione delle informazioni personali<\/strong><br data-start=\"2664\" data-end=\"2667\">Condividiamo i vostri dati personali solo nelle seguenti circostanze:<\/p>\n<ul data-start=\"2742\" data-end=\"3100\">\n<li data-section-id=\"15qtml0\" data-start=\"2742\" data-end=\"2973\">Se necessario per fornire il servizio e condividere con partner terzi che ci assistono nel funzionamento del nostro sito web e dei nostri servizi (questi partner sono tenuti a mantenere riservate le informazioni e a non utilizzarle per altri scopi).<\/li>\n<li data-section-id=\"ez0q2z\" data-start=\"2974\" data-end=\"3100\">Per rispettare le leggi vigenti, rispondere a richieste legali come citazioni o mandati, o proteggere i nostri diritti e la nostra propriet\u00e0.<\/li>\n<\/ul>\n<p data-start=\"3102\" data-end=\"3202\">Non condivideremo i vostri dati personali con altre parti terze al di fuori di queste circostanze.<\/p>\n<p data-start=\"3209\" data-end=\"3376\"><strong data-start=\"3209\" data-end=\"3240\">Con chi condividiamo i vostri dati<\/strong><br data-start=\"3240\" data-end=\"3243\">Se si richiede la reimpostazione della password, l'indirizzo IP dell'utente sar\u00e0 incluso nell'e-mail di reimpostazione a fini di verifica dell'identit\u00e0 e di sicurezza.<\/p>\n<p data-start=\"3383\" data-end=\"4078\"><strong data-start=\"3383\" data-end=\"3415\">Per quanto tempo conserviamo i vostri dati<\/strong><br data-start=\"3415\" data-end=\"3418\">Se si inviano informazioni di richiesta, si lascia un messaggio o si registra un account, i dati personali saranno conservati per la durata del funzionamento del servizio e per il periodo di conservazione legale al fine di fornire servizi continuativi, rispondere alle richieste e adempiere agli obblighi legali. Per gli utenti registrati, i dati personali forniti saranno conservati nel loro profilo. Gli utenti possono visualizzare, modificare o cancellare le proprie informazioni personali in qualsiasi momento (ad eccezione dei nomi utente). Anche gli amministratori del sito possono visualizzare e modificare tali informazioni. Se l'utente esercita il diritto di cancellare le proprie informazioni personali, le cancelleremo prontamente dopo aver verificato la sua identit\u00e0, a meno che non sia richiesto dalla legge di conservarle.<\/p>\n<p data-start=\"4085\" data-end=\"4485\"><strong data-start=\"4085\" data-end=\"4113\">I vostri diritti sui vostri dati<\/strong><br data-start=\"4113\" data-end=\"4116\">Se avete un account sul sito web o avete inviato informazioni pertinenti, potete richiedere di ricevere un'esportazione dei dati personali in nostro possesso, compresi quelli che ci avete fornito. L'utente pu\u00f2 anche richiedere la cancellazione dei dati personali in nostro possesso, ad esclusione dei dati che dobbiamo conservare per scopi amministrativi, legali o di sicurezza.<\/p>\n<p data-start=\"4492\" data-end=\"4916\"><strong data-start=\"4492\" data-end=\"4502\">Minori<\/strong><br data-start=\"4502\" data-end=\"4505\">Questo sito web non \u00e8 destinato a persone di et\u00e0 inferiore ai 18 anni. Non raccogliamo consapevolmente dati personali da persone di et\u00e0 inferiore ai 18 anni. Se siete genitori o tutori e scoprite che vostro figlio ci ha fornito dati personali, vi preghiamo di contattarci. Se veniamo a sapere che abbiamo raccolto dati personali di bambini senza verificare il consenso dei genitori, prenderemo provvedimenti per eliminare tali informazioni dai nostri server.<\/p>\n<p data-start=\"4923\" data-end=\"5180\"><strong data-start=\"4923\" data-end=\"4963\">Responsabile dei reclami e della protezione dei dati<\/strong><br data-start=\"4963\" data-end=\"4966\">In caso di domande o dubbi sul modo in cui trattiamo i vostri dati personali, potete inviare un'e-mail al nostro responsabile della protezione dei dati all'indirizzo: <a class=\"decorated-link cursor-pointer\" rel=\"noopener\" data-start=\"5090\" data-end=\"5113\"><b><i>cg@weldomachining.com<\/i><\/b><\/a>. Risponderemo alle vostre preoccupazioni in conformit\u00e0 alle leggi vigenti.<\/p>\n<p data-start=\"5187\" data-end=\"5337\">Weld Machining tiene in grande considerazione la vostra privacy e si impegna a trattare le vostre informazioni personali in modo rigoroso e conforme per proteggere i vostri diritti.<\/p>\t\t\t\t\t\t\t\t<\/div>\n\t\t\t\t\t<\/div>\n\t\t\t\t<\/div>\n\t\t<div class=\"elementor-element elementor-element-1ed9857 e-flex e-con-boxed e-con e-parent\" data-id=\"1ed9857\" data-element_type=\"container\">\n\t\t\t\t\t<div class=\"e-con-inner\">\n\t\t\t\t<div class=\"elementor-element elementor-element-48e0271 elementor-widget elementor-widget-text-editor\" data-id=\"48e0271\" data-element_type=\"widget\" data-widget_type=\"text-editor.default\">\n\t\t\t\t\t\t\t\t\t<p>Ultimo aggiornamento il 31\/marzo\/2026<\/p><p>Data di entrata in vigore: 31\/marzo\/2026<\/p>\t\t\t\t\t\t\t\t<\/div>\n\t\t\t\t\t<\/div>\n\t\t\t\t<\/div>\n\t\t\t\t<\/div>","protected":false},"excerpt":{"rendered":"<p>PRIVACY POLICY \u00a0 This Privacy Policy outlines how Weld Machining (hereinafter \u201cwe\u201d) collects, uses, and discloses the information you provide while using our website (https:\/\/www.weldomachining.com). By accessing or using this Service, you agree to the collection, use, and disclosure of your information as described in this Privacy Policy. If you disagree, please do not access [&hellip;]<\/p>\n","protected":false},"author":2,"featured_media":0,"parent":0,"menu_order":0,"comment_status":"closed","ping_status":"closed","template":"","meta":{"footnotes":""},"class_list":["post-9137","page","type-page","status-publish","hentry"],"_links":{"self":[{"href":"https:\/\/weldomachining.com\/it\/wp-json\/wp\/v2\/pages\/9137","targetHints":{"allow":["GET"]}}],"collection":[{"href":"https:\/\/weldomachining.com\/it\/wp-json\/wp\/v2\/pages"}],"about":[{"href":"https:\/\/weldomachining.com\/it\/wp-json\/wp\/v2\/types\/page"}],"author":[{"embeddable":true,"href":"https:\/\/weldomachining.com\/it\/wp-json\/wp\/v2\/users\/2"}],"replies":[{"embeddable":true,"href":"https:\/\/weldomachining.com\/it\/wp-json\/wp\/v2\/comments?post=9137"}],"version-history":[{"count":4,"href":"https:\/\/weldomachining.com\/it\/wp-json\/wp\/v2\/pages\/9137\/revisions"}],"predecessor-version":[{"id":9141,"href":"https:\/\/weldomachining.com\/it\/wp-json\/wp\/v2\/pages\/9137\/revisions\/9141"}],"wp:attachment":[{"href":"https:\/\/weldomachining.com\/it\/wp-json\/wp\/v2\/media?parent=9137"}],"curies":[{"name":"wp","href":"https:\/\/api.w.org\/{rel}","templated":true}]}}